{"id":9501,"date":"2023-01-20T04:52:01","date_gmt":"2023-01-20T03:52:01","guid":{"rendered":"https:\/\/matulji.hr\/portal\/?page_id=9501"},"modified":"2023-01-20T04:52:01","modified_gmt":"2023-01-20T03:52:01","slug":"registra-prostornih-planova","status":"publish","type":"page","link":"https:\/\/matulji.hr\/portal\/registra-prostornih-planova\/","title":{"rendered":"Registra prostornih planova"},"content":{"rendered":"\n<p>Zavod za prostorno ure\u0111enje Primorsko-goranske \u017eupanije kontinuirano putem svoje internetske stranice objavljuje Registar prostornih planova za podru\u010dje Primorsko-goranske \u017eupanije. Registar sadr\u017ei popis svih va\u017ee\u0107ih planova i planova koji su u izradi. A\u017euriranje se vr\u0161i na dnevnoj bazi i nadopunjuje s kartografskim dijelovima i obrazlo\u017eenjem plana u .pdf obliku.<br>Prostorni planovi objavljeni u Registru prostornih planova i u Geoportalu Primorsko-goranske \u017eupanije istovjetni su originalu plana ovjerenom od strane nositelja izrade i dodatno za\u0161ti\u0107eni elektroni\u010dkim potpisom.<\/p>\n\n\n\n<div class=\"embed-container\"><iframe src=\"https:\/\/zavod.pgz.hr\/planovi_i_izvjesca\/registar-\nprostornih-planova.ml?blank=true&#038;grad=22\"><\/iframe><\/div>\n","protected":false},"excerpt":{"rendered":"<p>Zavod za prostorno ure\u0111enje Primorsko-goranske \u017eupanije kontinuirano putem svoje internetske stranice objavljuje Registar prostornih planova za podru\u010dje Primorsko-goranske \u017eupanije. Registar sadr\u017ei popis svih va\u017ee\u0107ih planova i planova koji su u izradi. A\u017euriranje se vr\u0161i na dnevnoj bazi i nadopunjuje s kartografskim dijelovima i obrazlo\u017eenjem plana u .pdf obliku.Prostorni planovi objavljeni u Registru prostornih planova i u Geoportalu Primorsko-goranske \u017eupanije istovjetni su originalu plana ovjerenom od strane nositelja izrade i dodatno za\u0161ti\u0107eni elektroni\u010dkim potpisom.<\/p>\n","protected":false},"author":3,"featured_media":0,"parent":0,"menu_order":0,"comment_status":"closed","ping_status":"closed","template":"template-full-width.php","meta":{"footnotes":""},"class_list":["post-9501","page","type-page","status-publish","hentry"],"_links":{"self":[{"href":"https:\/\/matulji.hr\/portal\/wp-json\/wp\/v2\/pages\/9501","targetHints":{"allow":["GET"]}}],"collection":[{"href":"https:\/\/matulji.hr\/portal\/wp-json\/wp\/v2\/pages"}],"about":[{"href":"https:\/\/matulji.hr\/portal\/wp-json\/wp\/v2\/types\/page"}],"author":[{"embeddable":true,"href":"https:\/\/matulji.hr\/portal\/wp-json\/wp\/v2\/users\/3"}],"replies":[{"embeddable":true,"href":"https:\/\/matulji.hr\/portal\/wp-json\/wp\/v2\/comments?post=9501"}],"version-history":[{"count":3,"href":"https:\/\/matulji.hr\/portal\/wp-json\/wp\/v2\/pages\/9501\/revisions"}],"predecessor-version":[{"id":9504,"href":"https:\/\/matulji.hr\/portal\/wp-json\/wp\/v2\/pages\/9501\/revisions\/9504"}],"wp:attachment":[{"href":"https:\/\/matulji.hr\/portal\/wp-json\/wp\/v2\/media?parent=9501"}],"curies":[{"name":"wp","href":"https:\/\/api.w.org\/{rel}","templated":true}]}}