{"id":9420,"date":"2023-01-12T11:26:40","date_gmt":"2023-01-12T10:26:40","guid":{"rendered":"https:\/\/matulji.hr\/portal\/?page_id=9420"},"modified":"2023-01-12T13:44:31","modified_gmt":"2023-01-12T12:44:31","slug":"vodne-usluge","status":"publish","type":"page","link":"https:\/\/matulji.hr\/portal\/vodne-usluge\/","title":{"rendered":"Vodne usluge"},"content":{"rendered":"\n<p>USLUGE JAVNE VODOOPSKRBE I JAVNE ODVODNJE<\/p>\n\n\n\n<p>Javni isporu\u010ditelj &nbsp;&#8211; LIBURNIJSKE VODE d.o.o.<\/p>\n\n\n\n<p><a class=\"button\" href=\"http:\/\/www.sn.pgz.hr\/default.asp?Link=odluke&amp;id=32864\">Op\u0107i i tehni\u010dki uvjeti isporuke vodnih usluga<\/a><\/p>\n\n\n\n<p><a class=\"button\" href=\"http:\/\/liburnijske-vode.hr\/web\/cjenik-vodnih-usluga.html\">Cjenik vodnih usluga<\/a>&nbsp;<\/p>\n\n\n\n<p><a href=\"http:\/\/liburnijske-vode.hr\/web\/index.html\">Vi\u0161e informacija pogledajte na mre\u017enim stranicama javnog isporu\u010ditelja<\/a><\/p>\n\n\n\n<p><\/p>\n","protected":false},"excerpt":{"rendered":"<p>USLUGE JAVNE VODOOPSKRBE I JAVNE ODVODNJE Javni isporu\u010ditelj &nbsp;&#8211; LIBURNIJSKE VODE d.o.o. Op\u0107i i tehni\u010dki uvjeti isporuke vodnih usluga Cjenik vodnih usluga&nbsp; Vi\u0161e informacija pogledajte na mre\u017enim stranicama javnog isporu\u010ditelja<\/p>\n","protected":false},"author":3,"featured_media":0,"parent":0,"menu_order":0,"comment_status":"closed","ping_status":"closed","template":"","meta":{"footnotes":""},"class_list":["post-9420","page","type-page","status-publish","hentry"],"_links":{"self":[{"href":"https:\/\/matulji.hr\/portal\/wp-json\/wp\/v2\/pages\/9420","targetHints":{"allow":["GET"]}}],"collection":[{"href":"https:\/\/matulji.hr\/portal\/wp-json\/wp\/v2\/pages"}],"about":[{"href":"https:\/\/matulji.hr\/portal\/wp-json\/wp\/v2\/types\/page"}],"author":[{"embeddable":true,"href":"https:\/\/matulji.hr\/portal\/wp-json\/wp\/v2\/users\/3"}],"replies":[{"embeddable":true,"href":"https:\/\/matulji.hr\/portal\/wp-json\/wp\/v2\/comments?post=9420"}],"version-history":[{"count":6,"href":"https:\/\/matulji.hr\/portal\/wp-json\/wp\/v2\/pages\/9420\/revisions"}],"predecessor-version":[{"id":9444,"href":"https:\/\/matulji.hr\/portal\/wp-json\/wp\/v2\/pages\/9420\/revisions\/9444"}],"wp:attachment":[{"href":"https:\/\/matulji.hr\/portal\/wp-json\/wp\/v2\/media?parent=9420"}],"curies":[{"name":"wp","href":"https:\/\/api.w.org\/{rel}","templated":true}]}}