{"id":9418,"date":"2023-01-12T11:23:01","date_gmt":"2023-01-12T10:23:01","guid":{"rendered":"https:\/\/matulji.hr\/portal\/?page_id=9418"},"modified":"2025-03-26T20:53:33","modified_gmt":"2025-03-26T19:53:33","slug":"gospodarenje-otpadom","status":"publish","type":"page","link":"https:\/\/matulji.hr\/portal\/gospodarenje-otpadom\/","title":{"rendered":"Gospodarenje otpadom"},"content":{"rendered":"\n<p><strong>JAVNA USLUGA SAKUPLJANJA KOMUNALNOG OTPADA<\/strong><\/p>\n\n\n\n<p>Davatelj javne usluge &#8211; KOMUNALAC D.O.O. JURDANI&nbsp; &#8211; trgova\u010dko dru\u0161tvo u suvlasni\u0161tvu Op\u0107ine Matulji<\/p>\n\n\n\n<p><a class=\"button\" href=\"http:\/\/www.sn.pgz.hr\/default.asp?Link=odluke&amp;id=44402\">Odluka o na\u010dinu pru\u017eanja javne usluge sakupljanja komunalnog otpada (&#8220;Slu\u017ebene novine Primorsko-goranske \u017eupanije&#8221; broj 2\/22)<\/a><\/p>\n\n\n\n<p><a href=\"https:\/\/matulji.hr\/portal\/wp-content\/uploads\/2023\/01\/1-Cjenik-javne-usluge-sakupljanja-komunalnog-otpada.pdf\" class=\"button\"> Cjenik javne usluge sakupljanja komunalnog otpada<\/a><\/p>\n\n\n\n<p><a class=\"button\" href=\"http:\/\/www.sn.pgz.hr\/default.asp?Link=odluke&amp;id=37295\">Odluka o mjerama za sprje\u010davanje nepropisnog odbacivanja otpada i mjerama za uklanjanje otpada odba\u010denog u okoli\u0161 na podru\u010dju Op\u0107ine Matulji (&#8220;Slu\u017ebene novine Primorsko-goranske \u017eupanije&#8221; broj 12\/18)<\/a><\/p>\n\n\n\n<p><a href=\"https:\/\/matulji.hr\/portal\/wp-content\/uploads\/2023\/01\/2-Prijava-nepropisno-odbacenog-otpada-obrazac.docx\" class=\"button\">Prijava nepropisno odba\u010denog otpada &#8211; obrazac<\/a><\/p>\n\n\n\n<p><strong>PLAN GOSPODARENJA OTPADOM<\/strong><\/p>\n\n\n\n<p><a href=\"https:\/\/matulji.hr\/portal\/wp-content\/uploads\/2023\/01\/3-Plan-gospodarenja-otpadom-Opcine-Matulji-za-razdoblje-2017.-2022.-godine.pdf\" class=\"button\">Plan gospodarenja otpadom Op\u0107ine Matulji za razdoblje 2017. \u2013 2022. godine<\/a><\/p>\n\n\n\n<p><a class=\"button\" href=\"http:\/\/www.sn.pgz.hr\/default.asp?Link=odluke&amp;id=32072\">Izvje\u0161\u0107e o provedbi Plana gospodarenja otpadom op\u0107ine Matulji za razdoblje od 2014.- 2019. godine<\/a><\/p>\n\n\n\n<p><a class=\"button\" href=\"http:\/\/www.sn.pgz.hr\/default.asp?Link=odluke&amp;id=39760\">Izvje\u0161\u0107e Op\u0107ine Matulji o provedbi plana gospodarenja otpadom Republike Hrvatske za 2018. godinu<\/a><\/p>\n\n\n\n<p><a href=\"http:\/\/www.sn.pgz.hr\/default.asp?Link=odluke&amp;id=41655\" class=\"button\">Izvje\u0161\u0107e Op\u0107ine Matulji o provedbi plana gospodarenja otpadom Republike Hrvatske za 2019. godinu<\/a><\/p>\n\n\n\n<p><a class=\"button\" href=\"http:\/\/www.sn.pgz.hr\/default.asp?Link=odluke&amp;id=43124\">Izvje\u0161\u0107e Op\u0107ine Matulji o provedbi Plana gospodarenja otpadom Republike Hrvatske za 2020. godinu na podru\u010dju Op\u0107ine Matulji<\/a><\/p>\n\n\n\n<p><a class=\"button\" href=\"http:\/\/www.sn.pgz.hr\/default.asp?Link=odluke&amp;id=44646\">Izvje\u0161\u0107e Op\u0107ine Matulji o provedbi Plana gospodarenja otpadom Republike Hrvatske za 2021. godinu<\/a><\/p>\n\n\n\n<p><a href=\"https:\/\/matulji.hr\/portal\/wp-content\/uploads\/2023\/01\/4-Brosura-Recikliranje-od-A-do-Z.pdf\" class=\"button\">Bro\u0161ura &#8211; Recikliranje od A do \u017d<\/a><\/p>\n\n\n\n<p><a href=\"https:\/\/rd-matulji.hr\/\" class=\"button\">Recikla\u017eno dvori\u0161te<\/a><\/p>\n\n\n\n<p><a class=\"button\" href=\"https:\/\/www.komunalac-opatija.hr\/odvoz.html\">Informacije&nbsp; o sakupljanju i odvozu komunalnog otpada<\/a><\/p>\n\n\n\n<p><strong>Odvajamo biootpad \u2013 edukativno informativne aktivnosti odvojenog sakupljanja otpada<\/strong><\/p>\n\n\n\n<figure class=\"wp-block-embed is-type-video is-provider-youtube wp-block-embed-youtube wp-embed-aspect-16-9 wp-has-aspect-ratio\"><div class=\"wp-block-embed__wrapper\">\n<iframe loading=\"lazy\" title=\"Gospodarenje otpadom - Video prezentacija\" width=\"500\" height=\"281\" src=\"https:\/\/www.youtube.com\/embed\/gFwZh9-1rc4?feature=oembed\" frameborder=\"0\" allow=\"accelerometer; autoplay; clipboard-write; encrypted-media; gyroscope; picture-in-picture; web-share\" referrerpolicy=\"strict-origin-when-cross-origin\" allowfullscreen><\/iframe>\n<\/div><\/figure>\n\n\n\n<p><a href=\"https:\/\/matulji.hr\/portal\/wp-content\/uploads\/2025\/03\/Brosura-ABECEDA-o-odvojenom-sakupljanju-otpada.pdf\">Bro\u0161ura ABECEDA o odvojenom sakupljanju otpada<\/a><\/p>\n\n\n\n<p><a href=\"https:\/\/matulji.hr\/portal\/wp-content\/uploads\/2025\/03\/Brosura-Odvajanje-otpada-u-kucanstvu.pdf\">Bro\u0161ura Odvajanje otpada u ku\u0107anstvu<\/a><\/p>\n\n\n\n<p><a href=\"https:\/\/matulji.hr\/portal\/wp-content\/uploads\/2025\/03\/Izobrazno-informativne-aktivnosti-o-gospodarenju-otpadom.pdf\">Izobrazno-informativne aktivnosti o gospodarenju otpadom<\/a><\/p>\n","protected":false},"excerpt":{"rendered":"<p>JAVNA USLUGA SAKUPLJANJA KOMUNALNOG OTPADA Davatelj javne usluge &#8211; KOMUNALAC D.O.O. JURDANI&nbsp; &#8211; trgova\u010dko dru\u0161tvo u suvlasni\u0161tvu Op\u0107ine Matulji Odluka o na\u010dinu pru\u017eanja javne usluge sakupljanja komunalnog otpada (&#8220;Slu\u017ebene novine Primorsko-goranske \u017eupanije&#8221; broj 2\/22) Cjenik javne usluge sakupljanja komunalnog otpada Odluka o mjerama za sprje\u010davanje nepropisnog odbacivanja otpada i mjerama za uklanjanje otpada odba\u010denog u okoli\u0161 na podru\u010dju Op\u0107ine Matulji (&#8220;Slu\u017ebene novine Primorsko-goranske \u017eupanije&#8221; broj 12\/18) Prijava nepropisno odba\u010denog otpada &#8211; obrazac PLAN GOSPODARENJA OTPADOM Plan gospodarenja otpadom Op\u0107ine Matulji za razdoblje 2017. \u2013 2022. godine Izvje\u0161\u0107e o provedbi Plana&#8230; <\/p>\n","protected":false},"author":3,"featured_media":0,"parent":0,"menu_order":0,"comment_status":"closed","ping_status":"closed","template":"","meta":{"footnotes":""},"class_list":["post-9418","page","type-page","status-publish","hentry"],"_links":{"self":[{"href":"https:\/\/matulji.hr\/portal\/wp-json\/wp\/v2\/pages\/9418","targetHints":{"allow":["GET"]}}],"collection":[{"href":"https:\/\/matulji.hr\/portal\/wp-json\/wp\/v2\/pages"}],"about":[{"href":"https:\/\/matulji.hr\/portal\/wp-json\/wp\/v2\/types\/page"}],"author":[{"embeddable":true,"href":"https:\/\/matulji.hr\/portal\/wp-json\/wp\/v2\/users\/3"}],"replies":[{"embeddable":true,"href":"https:\/\/matulji.hr\/portal\/wp-json\/wp\/v2\/comments?post=9418"}],"version-history":[{"count":11,"href":"https:\/\/matulji.hr\/portal\/wp-json\/wp\/v2\/pages\/9418\/revisions"}],"predecessor-version":[{"id":11702,"href":"https:\/\/matulji.hr\/portal\/wp-json\/wp\/v2\/pages\/9418\/revisions\/11702"}],"wp:attachment":[{"href":"https:\/\/matulji.hr\/portal\/wp-json\/wp\/v2\/media?parent=9418"}],"curies":[{"name":"wp","href":"https:\/\/api.w.org\/{rel}","templated":true}]}}