{"id":9354,"date":"2022-12-23T22:23:18","date_gmt":"2022-12-23T21:23:18","guid":{"rendered":"https:\/\/matulji.hr\/portal\/?page_id=9354"},"modified":"2024-05-22T22:41:40","modified_gmt":"2024-05-22T20:41:40","slug":"proracun-2023-link","status":"publish","type":"page","link":"https:\/\/matulji.hr\/portal\/proracun-2023-link\/","title":{"rendered":"PRORA\u010cUN 2023."},"content":{"rendered":"\n<p><a href=\"https:\/\/matulji.hr\/portal\/wp-content\/uploads\/2022\/12\/Prijedlog-Proracuna-za-2023.-godinu-i-projekcije-za-2024.-i-2025.-godinu.zip\">Prijedlog Prora\u010duna Op\u0107ine Matulji za 2023. godinu i projekcije za 2024. i 2025. godinu<\/a><\/p>\n\n\n\n<p><a href=\"https:\/\/matulji.hr\/portal\/wp-content\/uploads\/2023\/01\/Izglasan-Proracun-za-2023.-godinu-i-projekcije-za-2024.-i-2025.-godinu.zip\">Izglasan Prora\u010dun Op\u0107ine Matulji za 2023. godinu i projekcije za 2024. i 2025. godinu<\/a><\/p>\n\n\n\n<p><a href=\"https:\/\/mail.matulji.hr\/spremanje\/Vodic_za_gradane_Proracun_u_malom_2023.ppsx\">Vodi\u010d za gra\u0111ane \u2013 Prora\u010dun u malom za 2023. godinu<\/a><\/p>\n\n\n\n<p><a href=\"https:\/\/matulji.hr\/portal\/wp-content\/uploads\/2023\/05\/Prijedlog-Izmjena-proracuna-Opcine-Matulji-za-2023.-godinu.zip\">Prijedlog Izmjena Prora\u010duna Op\u0107ine Matulji za 2023. godinu<\/a><\/p>\n\n\n\n<p><a href=\"https:\/\/matulji.hr\/portal\/wp-content\/uploads\/2023\/05\/Izglasane-Izmjene-Proracuna-Opcine-Matulji-za-2023.-godinu.zip\">Izglasane Izmjene Prora\u010duna Op\u0107ine Matulji za 2023. godinu<\/a><\/p>\n\n\n\n<p><a href=\"https:\/\/matulji.hr\/portal\/wp-content\/uploads\/2023\/11\/Vodic-za-gradane-Izmjene-Proracuna-za-2023.-godinu.ppsx\" data-type=\"link\" data-id=\"https:\/\/matulji.hr\/portal\/wp-content\/uploads\/2023\/11\/Vodic-za-gradane-Izmjene-Proracuna-za-2023.-godinu.ppsx\">Vodi\u010d za gra\u0111ane \u2013 Izmjene Prora\u010duna Op\u0107ine Matulji za 2023. godinu<\/a><\/p>\n\n\n\n<p><a href=\"https:\/\/matulji.hr\/portal\/wp-content\/uploads\/2023\/11\/Polugodisnji-izvjestaj-o-izvrsenju-Proracuna-za-2023.-godinu.zip\" data-type=\"link\" data-id=\"https:\/\/matulji.hr\/portal\/wp-content\/uploads\/2023\/11\/Polugodisnji-izvjestaj-o-izvrsenju-Proracuna-za-2023.-godinu.zip\">Polugodi\u0161nji izvje\u0161taj o izvr\u0161enju Prora\u010duna Op\u0107ine Matulji za 2023. godinu<\/a><\/p>\n\n\n\n<p><a href=\"https:\/\/matulji.hr\/portal\/wp-content\/uploads\/2023\/11\/Prijedlog-Izmjena-i-dopuna-Proracuna-Opcine-Matulji-za-2023.-godinu.zip\" data-type=\"link\" data-id=\"https:\/\/matulji.hr\/portal\/wp-content\/uploads\/2023\/11\/Prijedlog-Izmjena-i-dopuna-Proracuna-Opcine-Matulji-za-2023.-godinu.zip\">Prijedlog Izmjena i dopuna Prora\u010duna Op\u0107ine Matulji za 2023. godinu<\/a><\/p>\n\n\n\n<p><a href=\"https:\/\/matulji.hr\/portal\/wp-content\/uploads\/2023\/11\/Izglasane-Izmjene-i-dopune-Proracuna-Opcine-Matulji-za-2023.-godinu.zip\" data-type=\"link\" data-id=\"https:\/\/matulji.hr\/portal\/wp-content\/uploads\/2023\/11\/Izglasane-Izmjene-i-dopune-Proracuna-Opcine-Matulji-za-2023.-godinu.zip\">Izglasane Izmjene i dopune Prora\u010duna Op\u0107ine Matulji za 2023. godinu<\/a><\/p>\n\n\n\n<p><a href=\"https:\/\/mail.matulji.hr\/spremanje\/Vodic_za_gradane_Izmjene_dopune_Proracun_za_2023_godinu.ppsx\">Vodi\u010d za gra\u0111ane \u2013 Izmjene i dopune Prora\u010duna Op\u0107ine Matulji za 2023. godinu<\/a><\/p>\n\n\n\n<p><a href=\"https:\/\/matulji.hr\/portal\/wp-content\/uploads\/2024\/02\/Financijski-izvjestaji-za-2023.-godinu.zip\">Financijski izvje\u0161taji za 2023. godinu<\/a><\/p>\n\n\n\n<p><a href=\"https:\/\/matulji.hr\/portal\/wp-content\/uploads\/2024\/02\/Konsolidirani-financijski-izvjestaji-za-2023.-godinu.zip\">Konsolidirani financijski izvje\u0161taji za 2023. godinu<\/a><\/p>\n\n\n\n<p><a href=\"https:\/\/matulji.hr\/portal\/wp-content\/uploads\/2024\/05\/Godisnji-izvjestaj-o-izvrsenju-Proracuna-za-2023.-godinu.zip\">Godi\u0161nji izvje\u0161taj o izvr\u0161enju Prora\u010duna Op\u0107ine Matulji za 2023. godinu<\/a><\/p>\n\n\n\n<p><a href=\"https:\/\/matulji.hr\/portal\/wp-content\/uploads\/2024\/05\/Vodic-za-gradane-Godisnji-izvjestaj-o-izvrsenju-Proracuna-Opcine-Matulji-za-2023.-godinu.ppsx\">Vodi\u010d za gra\u0111ane \u2013 Godi\u0161nji izvje\u0161taj o izvr\u0161enju Prora\u010duna Op\u0107ine Matulji za 2023. godinu<\/a><\/p>\n","protected":false},"excerpt":{"rendered":"<p>Prijedlog Prora\u010duna Op\u0107ine Matulji za 2023. godinu i projekcije za 2024. i 2025. godinu Izglasan Prora\u010dun Op\u0107ine Matulji za 2023. godinu i projekcije za 2024. i 2025. godinu Vodi\u010d za gra\u0111ane \u2013 Prora\u010dun u malom za 2023. godinu Prijedlog Izmjena Prora\u010duna Op\u0107ine Matulji za 2023. godinu Izglasane Izmjene Prora\u010duna Op\u0107ine Matulji za 2023. godinu Vodi\u010d za gra\u0111ane \u2013 Izmjene Prora\u010duna Op\u0107ine Matulji za 2023. godinu Polugodi\u0161nji izvje\u0161taj o izvr\u0161enju Prora\u010duna Op\u0107ine Matulji za 2023. godinu Prijedlog Izmjena i dopuna Prora\u010duna Op\u0107ine Matulji za 2023. godinu Izglasane Izmjene i dopune Prora\u010duna&#8230; <\/p>\n","protected":false},"author":3,"featured_media":0,"parent":0,"menu_order":0,"comment_status":"closed","ping_status":"closed","template":"","meta":{"footnotes":""},"class_list":["post-9354","page","type-page","status-publish","hentry"],"_links":{"self":[{"href":"https:\/\/matulji.hr\/portal\/wp-json\/wp\/v2\/pages\/9354","targetHints":{"allow":["GET"]}}],"collection":[{"href":"https:\/\/matulji.hr\/portal\/wp-json\/wp\/v2\/pages"}],"about":[{"href":"https:\/\/matulji.hr\/portal\/wp-json\/wp\/v2\/types\/page"}],"author":[{"embeddable":true,"href":"https:\/\/matulji.hr\/portal\/wp-json\/wp\/v2\/users\/3"}],"replies":[{"embeddable":true,"href":"https:\/\/matulji.hr\/portal\/wp-json\/wp\/v2\/comments?post=9354"}],"version-history":[{"count":14,"href":"https:\/\/matulji.hr\/portal\/wp-json\/wp\/v2\/pages\/9354\/revisions"}],"predecessor-version":[{"id":10789,"href":"https:\/\/matulji.hr\/portal\/wp-json\/wp\/v2\/pages\/9354\/revisions\/10789"}],"wp:attachment":[{"href":"https:\/\/matulji.hr\/portal\/wp-json\/wp\/v2\/media?parent=9354"}],"curies":[{"name":"wp","href":"https:\/\/api.w.org\/{rel}","templated":true}]}}