{"id":8040,"date":"2022-02-09T10:37:34","date_gmt":"2022-02-09T08:37:34","guid":{"rendered":"http:\/\/matulji.hr\/pocetna\/?page_id=8040"},"modified":"2026-02-16T09:18:00","modified_gmt":"2026-02-16T08:18:00","slug":"sufinanciranje-troskova-programa-predskolskog-odgoja-i-obrazovanja","status":"publish","type":"page","link":"https:\/\/matulji.hr\/portal\/sufinanciranje-troskova-programa-predskolskog-odgoja-i-obrazovanja\/","title":{"rendered":"Sufinanciranje tro\u0161kova programa pred\u0161kolskog odgoja i obrazovanja"},"content":{"rendered":"<p><a href=\"https:\/\/matulji.hr\/portal\/wp-content\/uploads\/2026\/02\/Zahtjev-predskolskog-odgoja-i-obrazovanje-2025-2026-8.docx\">Zahtjev za ostvarivanje prava na sufinanciranje tro\u0161kova programa pred\u0161kolskog odgoja i obrazovanja u ustanovama drugih osniva\u010da te u obrtima na podru\u010dju PG\u017d za pedago\u0161ku godinu 2025.\/2026.<\/a><\/p>\n<p>&nbsp;<\/p>\n","protected":false},"excerpt":{"rendered":"<p>Zahtjev za ostvarivanje prava na sufinanciranje tro\u0161kova programa pred\u0161kolskog odgoja i obrazovanja u ustanovama drugih osniva\u010da te u obrtima na podru\u010dju PG\u017d za pedago\u0161ku godinu 2025.\/2026. &nbsp;<\/p>\n","protected":false},"author":2,"featured_media":0,"parent":0,"menu_order":0,"comment_status":"closed","ping_status":"closed","template":"","meta":{"footnotes":""},"class_list":["post-8040","page","type-page","status-publish","hentry"],"_links":{"self":[{"href":"https:\/\/matulji.hr\/portal\/wp-json\/wp\/v2\/pages\/8040","targetHints":{"allow":["GET"]}}],"collection":[{"href":"https:\/\/matulji.hr\/portal\/wp-json\/wp\/v2\/pages"}],"about":[{"href":"https:\/\/matulji.hr\/portal\/wp-json\/wp\/v2\/types\/page"}],"author":[{"embeddable":true,"href":"https:\/\/matulji.hr\/portal\/wp-json\/wp\/v2\/users\/2"}],"replies":[{"embeddable":true,"href":"https:\/\/matulji.hr\/portal\/wp-json\/wp\/v2\/comments?post=8040"}],"version-history":[{"count":13,"href":"https:\/\/matulji.hr\/portal\/wp-json\/wp\/v2\/pages\/8040\/revisions"}],"predecessor-version":[{"id":12828,"href":"https:\/\/matulji.hr\/portal\/wp-json\/wp\/v2\/pages\/8040\/revisions\/12828"}],"wp:attachment":[{"href":"https:\/\/matulji.hr\/portal\/wp-json\/wp\/v2\/media?parent=8040"}],"curies":[{"name":"wp","href":"https:\/\/api.w.org\/{rel}","templated":true}]}}