{"id":7908,"date":"2022-01-11T01:35:27","date_gmt":"2022-01-10T23:35:27","guid":{"rendered":"http:\/\/matulji.hr\/pocetna\/?page_id=7908"},"modified":"2023-11-08T23:23:15","modified_gmt":"2023-11-08T22:23:15","slug":"proracun-2022","status":"publish","type":"page","link":"https:\/\/matulji.hr\/portal\/proracun-2022\/","title":{"rendered":"PRORA\u010cUN 2022."},"content":{"rendered":"<p><a href=\"https:\/\/matulji.hr\/pocetna\/wp-content\/uploads\/2022\/01\/Prijedlog-Proracuna-za-2022.-godinu-i-projekcije-za-2023.-i-2024.-godinu.zip\">Prijedlog Prora\u010duna za 2022. godinu i projekcije za 2023. i 2024. godinu<\/a><\/p>\n<p><a href=\"https:\/\/matulji.hr\/pocetna\/wp-content\/uploads\/2022\/01\/Izglasan-Proracun-za-2022.-godinu-i-projekcije-za-2023.-i-2024.-godinu.zip\">Izglasan Prora\u010dun za 2022. godinu i projekcije za 2023. i 2024. godinu<\/a><\/p>\n<p><a href=\"https:\/\/matulji.hr\/pocetna\/wp-content\/uploads\/2022\/01\/Vodic-za-gradane-Proracun-u-malom-2022-1.ppsx\">Vodi\u010d za gra\u0111ane \u2013 Prora\u010dun u malom 2022.<\/a><\/p>\n<p><a href=\"https:\/\/matulji.hr\/downloads\/Provedbeni_program_Opcine_Matulji_2021.-2025..zip\">Provedbeni program Op\u0107ine Matulji 2021-2025.<\/a><\/p>\n<p><a href=\"https:\/\/matulji.hr\/pocetna\/wp-content\/uploads\/2022\/05\/Prijedlog-Izmjena-Proracuna-Opcine-Matulji-za-2022.-godinu.zip\">Prijedlog Izmjena Prora\u010duna Op\u0107ine Matulji za 2022. godinu<\/a><\/p>\n<p><a href=\"https:\/\/matulji.hr\/pocetna\/wp-content\/uploads\/2022\/05\/Izglasane-Izmjene-Proracuna-Opcine-Matulji-za-2022.-godinu.zip\">Izglasane Izmjene Prora\u010duna Op\u0107ine Matulji za 2022. godinu<\/a><\/p>\n<p><a href=\"https:\/\/matulji.hr\/pocetna\/wp-content\/uploads\/2022\/05\/Vodic-za-gradane-Izmjene-Proracun-za-2022.-godinu.ppsx\">Vodi\u010d za gra\u0111ane &#8211; Izmjene Prora\u010duna Op\u0107ine Matulji za 2022. godinu<\/a><\/p>\n<p><a href=\"https:\/\/matulji.hr\/portal\/wp-content\/uploads\/2022\/10\/Polugodisnji-izvjestaj-o-izvrsenju-Proracuna-Opcine-Matulji-za-2022.-godinu.zip\">Polugodi\u0161nji izvje\u0161taj o izvr\u0161enju Prora\u010duna Op\u0107ine Matulji za 2022. godinu<\/a><\/p>\n<p><a href=\"https:\/\/matulji.hr\/portal\/wp-content\/uploads\/2022\/10\/Vodic-za-gradane-Polugodisnji-izvjestaj-o-izvrsenju-Proracuna-za-2022.-godinu.ppsx\">Vodi\u010d za gra\u0111ane \u2013 Polugodi\u0161nji izvje\u0161taj o izvr\u0161enju Prora\u010duna Op\u0107ine Matulji za 2022. godinu<\/a><\/p>\n\n\n<p><a href=\"https:\/\/matulji.hr\/portal\/wp-content\/uploads\/2022\/10\/Prijedlog-Izmjena-Proracuna-Opcine-Matulji-za-2022.-godinu.zip\">Prijedlog Izmjena Prora\u010duna Op\u0107ine Matulji za 2022. godinu \u2013 25.10.2022.<\/a><\/p>\n\n\n\n<p><a href=\"https:\/\/matulji.hr\/portal\/wp-content\/uploads\/2022\/10\/Izglasane-Izmjene-Proracuna-Opcine-Matulji-za-2022.-godinu.zip\">Izglasane Izmjene Prora\u010duna Op\u0107ine Matulji za 2022. godinu \u2013 25.10.2022.<\/a><\/p>\n\n\n\n<p><a href=\"https:\/\/matulji.hr\/portal\/wp-content\/uploads\/2022\/10\/Vodic-za-gradane-Izmjene-Proracuna-za-2022.-godinu.ppsx\">Vodi\u010d za gra\u0111ane &#8211; Izmjene Prora\u010duna Op\u0107ine Matulji za 2022. godinu<\/a><\/p>\n\n\n\n<p><a href=\"https:\/\/matulji.hr\/portal\/wp-content\/uploads\/2023\/02\/Financijski-izvjestaji-za-2022.-godinu.zip\">Financijski izvje\u0161taji za 2022. godinu<\/a><\/p>\n\n\n\n<p><a href=\"https:\/\/matulji.hr\/portal\/wp-content\/uploads\/2023\/02\/Konsolidirani-financijski-izvjestaji-za-2022.-godinu.zip\">Konsolidirani financijski izvje\u0161taji za 2022. godinu<\/a><\/p>\n\n\n\n<p><a href=\"https:\/\/matulji.hr\/portal\/wp-content\/uploads\/2023\/05\/Godisnji-izvjestaj-o-izvrsenju-Proracuna-za-2022.-godinu-strojno-citljiv-oblik.zip\">Godi\u0161nji izvje\u0161taj o izvr\u0161enju Prora\u010duna Op\u0107ine Matulji za 2022. godinu<\/a><\/p>\n\n\n\n<p><a href=\"https:\/\/matulji.hr\/portal\/wp-content\/uploads\/2023\/11\/Vodic-za-gradane-Izvrsenje-proracuna-Opcine-Matulji-za-2022.-godinu.ppsx\">Vodi\u010d za gra\u0111ane \u2013 Godi\u0161nji izvje\u0161taj o izvr\u0161enju Prora\u010duna Op\u0107ine Matulji za 2022. godinu<\/a><\/p>\n","protected":false},"excerpt":{"rendered":"<p>Prijedlog Prora\u010duna za 2022. godinu i projekcije za 2023. i 2024. godinu Izglasan Prora\u010dun za 2022. godinu i projekcije za 2023. i 2024. godinu Vodi\u010d za gra\u0111ane \u2013 Prora\u010dun u malom 2022. Provedbeni program Op\u0107ine Matulji 2021-2025. Prijedlog Izmjena Prora\u010duna Op\u0107ine Matulji za 2022. godinu Izglasane Izmjene Prora\u010duna Op\u0107ine Matulji za 2022. godinu Vodi\u010d za gra\u0111ane &#8211; Izmjene Prora\u010duna Op\u0107ine Matulji za 2022. godinu Polugodi\u0161nji izvje\u0161taj o izvr\u0161enju Prora\u010duna Op\u0107ine Matulji za 2022. godinu Vodi\u010d za gra\u0111ane \u2013 Polugodi\u0161nji izvje\u0161taj o izvr\u0161enju Prora\u010duna Op\u0107ine Matulji za 2022. godinu Prijedlog Izmjena&#8230; <\/p>\n","protected":false},"author":2,"featured_media":0,"parent":0,"menu_order":0,"comment_status":"closed","ping_status":"closed","template":"","meta":{"footnotes":""},"class_list":["post-7908","page","type-page","status-publish","hentry"],"_links":{"self":[{"href":"https:\/\/matulji.hr\/portal\/wp-json\/wp\/v2\/pages\/7908","targetHints":{"allow":["GET"]}}],"collection":[{"href":"https:\/\/matulji.hr\/portal\/wp-json\/wp\/v2\/pages"}],"about":[{"href":"https:\/\/matulji.hr\/portal\/wp-json\/wp\/v2\/types\/page"}],"author":[{"embeddable":true,"href":"https:\/\/matulji.hr\/portal\/wp-json\/wp\/v2\/users\/2"}],"replies":[{"embeddable":true,"href":"https:\/\/matulji.hr\/portal\/wp-json\/wp\/v2\/comments?post=7908"}],"version-history":[{"count":6,"href":"https:\/\/matulji.hr\/portal\/wp-json\/wp\/v2\/pages\/7908\/revisions"}],"predecessor-version":[{"id":10319,"href":"https:\/\/matulji.hr\/portal\/wp-json\/wp\/v2\/pages\/7908\/revisions\/10319"}],"wp:attachment":[{"href":"https:\/\/matulji.hr\/portal\/wp-json\/wp\/v2\/media?parent=7908"}],"curies":[{"name":"wp","href":"https:\/\/api.w.org\/{rel}","templated":true}]}}