{"id":75,"date":"2014-08-16T13:17:32","date_gmt":"2014-08-16T13:17:32","guid":{"rendered":"http:\/\/matulji.hr\/pocetna\/?page_id=75"},"modified":"2026-01-27T16:24:28","modified_gmt":"2026-01-27T15:24:28","slug":"proracun","status":"publish","type":"page","link":"https:\/\/matulji.hr\/portal\/proracun\/","title":{"rendered":"Prora\u010dun"},"content":{"rendered":"<p>Po\u0161tovani,<\/p>\n<p>U cilju maksimalne transparentnosti i otvorenosti Op\u0107ine Matulji prema javnosti u ovoj rubrici mo\u017eete prona\u0107i sve dokumente vezane uz Prora\u010dun Op\u0107ine Matulji.<br \/>\nRadi lak\u0161eg snala\u017eenja i pretra\u017eivanja informacija dokumenti su razvrstani po godinama.<\/p>\n<p>Unutar svake godine nalazi se:<br \/>\n&#8211; Prora\u010dun za tu godinu<br \/>\n&#8211; Sve izmjene Prora\u010duna tijekom godine<br \/>\n&#8211; Odluke o izvr\u0161avanju prora\u010duna te<br \/>\n&#8211; Prora\u010dun u malom kojim se nastoji na pojednostavljeni na\u010din pribli\u017eiti gra\u0111anima Op\u0107ine Matulji i svim zainteresiranima osnovne podatke o prora\u010dunu za svaku prora\u010dunsku godinu.<\/p>\n<p>Osim toga unutar ove rubrike pripremili smo i kratki Vodi\u010d kroz prora\u010dun s kojim predla\u017eemo da se upoznate prije analize prora\u010duna za godinu koja Vas zanima. Naime Vodi\u010dem smo ukratko opisali sadr\u017eaj prora\u010duna i prora\u010dunske procese \u0161to bi trebalo u bitnome olak\u0161ati \u201e\u010ditanje i razumijevanje\u201c konkretnog Prora\u010duna Op\u0107ine Matulji, ali i prora\u010duna dr\u017eave, \u017eupanija ili drugih gradova i op\u0107ina.<\/p>\n<p><a href=\"https:\/\/matulji.hr\/pocetna\/wp-content\/uploads\/2020\/01\/a-VODI\u010c-UZ-PRORA\u010cUN.-pptx.pptx\">VODI\u010c UZ PRORA\u010cUN&#8230;<\/a><\/p>\n<h2><strong>PRORA\u010cUNI OP\u0106INE MATULJI:<\/strong><\/h2>\n<p><a href=\"https:\/\/matulji.hr\/portal\/proracun-2026\/\"><strong>PRORA\u010cUN 2026. \u2013 link<\/strong><\/a><\/p>\n<p><a href=\"https:\/\/matulji.hr\/portal\/proracun-2025\/\"><strong>PRORA\u010cUN 2025. &#8211; link<\/strong><\/a><\/p>\n<p><a href=\"https:\/\/matulji.hr\/portal\/proracun-2024\/\"><strong><span style=\"text-decoration: underline;\">PRORA\u010cUN 2024. &#8211; link<\/span><\/strong><\/a><\/p>\n<p><a href=\"https:\/\/matulji.hr\/portal\/proracun-2023-link\/\"><strong>PRORA\u010cUN 2023. \u2013 link<\/strong><\/a><\/p>\n<p><strong><a href=\"https:\/\/matulji.hr\/pocetna\/proracun-2022\/\">PRORA\u010cUN 2022. \u2013 link<\/a><\/strong><\/p>\n<p><strong><a href=\"https:\/\/matulji.hr\/pocetna\/proracun-2021-link\/\">PRORA\u010cUN 2021. \u2013 link<\/a><\/strong><\/p>\n<p><a href=\"https:\/\/matulji.hr\/pocetna\/proracun-opcine-matulji-2020\/\"><strong>PRORA\u010cUN 2020. &#8211; link<\/strong><\/a><\/p>\n<p><strong><a href=\"https:\/\/matulji.hr\/pocetna\/proracun-2019\/\">PRORA\u010cUN 2019. &#8211; link<\/a><\/strong><\/p>\n<p><a href=\"https:\/\/matulji.hr\/pocetna\/proracun-2018\/\"><strong>PRORA\u010cUN 2018. &#8211; link<\/strong><\/a><\/p>\n<p><strong><a href=\"https:\/\/matulji.hr\/pocetna\/proracun-2017\/\">PRORA\u010cUN 2017. &#8211; link<\/a><\/strong><\/p>\n<p><strong><a href=\"https:\/\/matulji.hr\/pocetna\/proracun-2016\/\">PRORA\u010cUN 2016. &#8211; link<\/a><\/strong><\/p>\n<p><strong><a href=\"https:\/\/matulji.hr\/pocetna\/proracun-2015\/\">PRORA\u010cUN 2015. &#8211; link<\/a><\/strong><\/p>\n<p><a href=\"https:\/\/matulji.hr\/pocetna\/proracun-2014\/\"><strong>PRORA\u010cUN 2014. &#8211; link<\/strong><\/a><\/p>\n<p><b><a href=\"https:\/\/matulji.hr\/pocetna\/proracun-2013-2015-g\/\">PRORA\u010cUN 2013. &#8211; link<\/a><br \/>\n<\/b><\/p>\n<p><a href=\"https:\/\/www.infoprojekt.hr:9008\/transp\/transparentnost\/pregled\/9b377017-e470-4a26-a7ea-4608dd5ec73e\" target=\"_blank\" rel=\"noopener\" data-saferedirecturl=\"https:\/\/www.google.com\/url?q=https:\/\/www.infoprojekt.hr:9008\/transp\/transparentnost\/pregled\/9b377017-e470-4a26-a7ea-4608dd5ec73e&amp;source=gmail&amp;ust=1708437476310000&amp;usg=AOvVaw0du1HX_-ORed1i3FZGWY1T\"><strong>Javna objava informacija o tro\u0161enju sredstava Prora\u010duna<\/strong><\/a><\/p>\n","protected":false},"excerpt":{"rendered":"<p>Po\u0161tovani, U cilju maksimalne transparentnosti i otvorenosti Op\u0107ine Matulji prema javnosti u ovoj rubrici mo\u017eete prona\u0107i sve dokumente vezane uz Prora\u010dun Op\u0107ine Matulji. Radi lak\u0161eg snala\u017eenja i pretra\u017eivanja informacija dokumenti su razvrstani po godinama. Unutar svake godine nalazi se: &#8211; Prora\u010dun za tu godinu &#8211; Sve izmjene Prora\u010duna tijekom godine &#8211; Odluke o izvr\u0161avanju prora\u010duna te &#8211; Prora\u010dun u malom kojim se nastoji na pojednostavljeni na\u010din pribli\u017eiti gra\u0111anima Op\u0107ine Matulji i svim zainteresiranima osnovne podatke o prora\u010dunu za svaku prora\u010dunsku godinu. Osim toga unutar ove rubrike pripremili smo i kratki&#8230; <\/p>\n","protected":false},"author":2,"featured_media":0,"parent":0,"menu_order":0,"comment_status":"closed","ping_status":"closed","template":"","meta":{"footnotes":""},"class_list":["post-75","page","type-page","status-publish","hentry"],"_links":{"self":[{"href":"https:\/\/matulji.hr\/portal\/wp-json\/wp\/v2\/pages\/75","targetHints":{"allow":["GET"]}}],"collection":[{"href":"https:\/\/matulji.hr\/portal\/wp-json\/wp\/v2\/pages"}],"about":[{"href":"https:\/\/matulji.hr\/portal\/wp-json\/wp\/v2\/types\/page"}],"author":[{"embeddable":true,"href":"https:\/\/matulji.hr\/portal\/wp-json\/wp\/v2\/users\/2"}],"replies":[{"embeddable":true,"href":"https:\/\/matulji.hr\/portal\/wp-json\/wp\/v2\/comments?post=75"}],"version-history":[{"count":6,"href":"https:\/\/matulji.hr\/portal\/wp-json\/wp\/v2\/pages\/75\/revisions"}],"predecessor-version":[{"id":12781,"href":"https:\/\/matulji.hr\/portal\/wp-json\/wp\/v2\/pages\/75\/revisions\/12781"}],"wp:attachment":[{"href":"https:\/\/matulji.hr\/portal\/wp-json\/wp\/v2\/media?parent=75"}],"curies":[{"name":"wp","href":"https:\/\/api.w.org\/{rel}","templated":true}]}}