{"id":7309,"date":"2021-07-14T15:14:41","date_gmt":"2021-07-14T13:14:41","guid":{"rendered":"http:\/\/matulji.hr\/pocetna\/?page_id=7309"},"modified":"2022-07-29T17:30:09","modified_gmt":"2022-07-29T17:30:09","slug":"informacije-covid-19","status":"publish","type":"page","link":"https:\/\/matulji.hr\/portal\/informacije-covid-19\/","title":{"rendered":"Informacije Covid 19"},"content":{"rendered":"<p><a class=\"button\" href=\"https:\/\/matulji.hr\/pocetna\/wp-content\/uploads\/2021\/07\/Odluka-Stozer-RH-vrijedi-do-15.07..pdf\">Odluka Sto\u017eer RH &#8211; vrijedi do 15.07.<\/a><\/p>\n<p><a class=\"button\" href=\"https:\/\/matulji.hr\/pocetna\/wp-content\/uploads\/2021\/07\/Mjere-PGZ-do-31.07..pdf\">Mjere PG\u017d do 31.07.<\/a><\/p>\n<p><a class=\"button\" href=\"https:\/\/matulji.hr\/pocetna\/wp-content\/uploads\/2021\/07\/Upute-o-postupanju-sa-oboljelim-turistima.pdf\">Upute o postupanju sa oboljelim turistima<\/a><\/p>\n<p><a class=\"button\" href=\"https:\/\/matulji.hr\/pocetna\/obavijest-o-nacinu-i-uvjetima-prisustva-na-dogadanjima-u-sklopu-matuljskih-ljetnih-veceri\/\">OBAVIJEST O NA\u010cINU I UVJETIMA PRISUSTVA NA DOGA\u0110ANJIMA U SKLOPU MATULJSKIH LJETNIH VE\u010cERI<\/a><\/p>\n<p><a class=\"button\" href=\"https:\/\/matulji.hr\/pocetna\/wp-content\/uploads\/2022\/03\/Odluka-o-izmjenama-Odluke-o-nuznim-epidemioloskim-mjerama-kojima-se-ogranicavaju-okupljanja...pdf\">Odluka o izmjenama Odluke o nu\u017enim epidemiolo\u0161kim mjerama kojima se ograni\u010davaju okupljanja<\/a><\/p>\n<p><a class=\"button\" href=\"https:\/\/matulji.hr\/pocetna\/wp-content\/uploads\/2022\/03\/Odluka-o-izmjeni-odluke-o-nacinu-organizacije-javnog-prijevoza-putnika....pdf\">Odluka o izmjeni odluke o na\u010dinu organizacije javnog prijevoza putnika<\/a><\/p>\n<p><a class=\"button\" href=\"https:\/\/matulji.hr\/pocetna\/wp-content\/uploads\/2022\/03\/Odluka-o-izmjeni-odluke-o-uvodenju-posebne-organizacije-rada-za-djelatnost-trgovine.pdf\">Odluka o izmjeni odluke o uvo\u0111enju posebne organizacije rada za djelatnost trgovine<\/a><\/p>\n<p><a class=\"button\" href=\"https:\/\/matulji.hr\/pocetna\/wp-content\/uploads\/2022\/03\/Odluka-o-prestanku-vazenja-Odluke-o-uvodenju-posebne-sigurnosne-mjere-obveznog-testiranja...pdf\">Odluka o prestanku va\u017eenja Odluke o uvo\u0111enju posebne sigurnosne mjere obveznog testiranja<\/a><\/p>\n<p><a class=\"button\" href=\"https:\/\/matulji.hr\/pocetna\/wp-content\/uploads\/2022\/03\/Odluku-o-izmjeni-Odluke-o-nuznoj-epidemioloskoj-mjeri-obveznog-koristenja-maski.pdf\">Odluku o izmjeni Odluke o nu\u017enoj epidemiolo\u0161koj mjeri obveznog kori\u0161tenja maski<\/a><\/p>\n","protected":false},"excerpt":{"rendered":"<p>Odluka Sto\u017eer RH &#8211; vrijedi do 15.07. Mjere PG\u017d do 31.07. Upute o postupanju sa oboljelim turistima OBAVIJEST O NA\u010cINU I UVJETIMA PRISUSTVA NA DOGA\u0110ANJIMA U SKLOPU MATULJSKIH LJETNIH VE\u010cERI Odluka o izmjenama Odluke o nu\u017enim epidemiolo\u0161kim mjerama kojima se ograni\u010davaju okupljanja Odluka o izmjeni odluke o na\u010dinu organizacije javnog prijevoza putnika Odluka o izmjeni odluke o uvo\u0111enju posebne organizacije rada za djelatnost trgovine Odluka o prestanku va\u017eenja Odluke o uvo\u0111enju posebne sigurnosne mjere obveznog testiranja Odluku o izmjeni Odluke o nu\u017enoj epidemiolo\u0161koj mjeri obveznog kori\u0161tenja maski<\/p>\n","protected":false},"author":2,"featured_media":0,"parent":0,"menu_order":0,"comment_status":"closed","ping_status":"closed","template":"","meta":{"footnotes":""},"class_list":["post-7309","page","type-page","status-publish","hentry"],"_links":{"self":[{"href":"https:\/\/matulji.hr\/portal\/wp-json\/wp\/v2\/pages\/7309","targetHints":{"allow":["GET"]}}],"collection":[{"href":"https:\/\/matulji.hr\/portal\/wp-json\/wp\/v2\/pages"}],"about":[{"href":"https:\/\/matulji.hr\/portal\/wp-json\/wp\/v2\/types\/page"}],"author":[{"embeddable":true,"href":"https:\/\/matulji.hr\/portal\/wp-json\/wp\/v2\/users\/2"}],"replies":[{"embeddable":true,"href":"https:\/\/matulji.hr\/portal\/wp-json\/wp\/v2\/comments?post=7309"}],"version-history":[{"count":1,"href":"https:\/\/matulji.hr\/portal\/wp-json\/wp\/v2\/pages\/7309\/revisions"}],"predecessor-version":[{"id":8956,"href":"https:\/\/matulji.hr\/portal\/wp-json\/wp\/v2\/pages\/7309\/revisions\/8956"}],"wp:attachment":[{"href":"https:\/\/matulji.hr\/portal\/wp-json\/wp\/v2\/media?parent=7309"}],"curies":[{"name":"wp","href":"https:\/\/api.w.org\/{rel}","templated":true}]}}