{"id":7150,"date":"2021-04-30T01:11:57","date_gmt":"2021-04-29T23:11:57","guid":{"rendered":"http:\/\/matulji.hr\/pocetna\/?page_id=7150"},"modified":"2021-04-30T01:11:57","modified_gmt":"2021-04-29T23:11:57","slug":"pravovaljane-kandidatura-za-opcinskog-nacelnika","status":"publish","type":"page","link":"https:\/\/matulji.hr\/portal\/pravovaljane-kandidatura-za-opcinskog-nacelnika\/","title":{"rendered":"Pravovaljane kandidatura za op\u0107inskog na\u010delnika"},"content":{"rendered":"<p><a href=\"https:\/\/matulji.hr\/pocetna\/wp-content\/uploads\/2021\/04\/Zbirna-lista-pravovaljenih-kandidatura-za-opcinskog-nacelnika-i-zamjenika-opcinskog-nacelnika.docx\">Zbirna lista pravovaljenih kandidatura za op\u0107inskog na\u010delnika i zamjenika op\u0107inskog na\u010delnika<\/a><\/p>\n","protected":false},"excerpt":{"rendered":"<p>Zbirna lista pravovaljenih kandidatura za op\u0107inskog na\u010delnika i zamjenika op\u0107inskog na\u010delnika<\/p>\n","protected":false},"author":2,"featured_media":0,"parent":0,"menu_order":0,"comment_status":"closed","ping_status":"closed","template":"","meta":{"footnotes":""},"class_list":["post-7150","page","type-page","status-publish","hentry"],"_links":{"self":[{"href":"https:\/\/matulji.hr\/portal\/wp-json\/wp\/v2\/pages\/7150","targetHints":{"allow":["GET"]}}],"collection":[{"href":"https:\/\/matulji.hr\/portal\/wp-json\/wp\/v2\/pages"}],"about":[{"href":"https:\/\/matulji.hr\/portal\/wp-json\/wp\/v2\/types\/page"}],"author":[{"embeddable":true,"href":"https:\/\/matulji.hr\/portal\/wp-json\/wp\/v2\/users\/2"}],"replies":[{"embeddable":true,"href":"https:\/\/matulji.hr\/portal\/wp-json\/wp\/v2\/comments?post=7150"}],"version-history":[{"count":0,"href":"https:\/\/matulji.hr\/portal\/wp-json\/wp\/v2\/pages\/7150\/revisions"}],"wp:attachment":[{"href":"https:\/\/matulji.hr\/portal\/wp-json\/wp\/v2\/media?parent=7150"}],"curies":[{"name":"wp","href":"https:\/\/api.w.org\/{rel}","templated":true}]}}