{"id":7140,"date":"2021-04-30T01:09:33","date_gmt":"2021-04-29T23:09:33","guid":{"rendered":"http:\/\/matulji.hr\/pocetna\/?page_id=7140"},"modified":"2021-04-30T01:09:33","modified_gmt":"2021-04-29T23:09:33","slug":"pravovaljane-kandidacijske-liste-za-opcinsko-vijece","status":"publish","type":"page","link":"https:\/\/matulji.hr\/portal\/pravovaljane-kandidacijske-liste-za-opcinsko-vijece\/","title":{"rendered":"Pravovaljane kandidacijske liste za op\u0107insko vije\u0107e"},"content":{"rendered":"<p><a href=\"https:\/\/matulji.hr\/pocetna\/wp-content\/uploads\/2021\/04\/Lista-Grbac-Zeljko.docx\">Lista Grbac \u017deljko<\/a><\/p>\n<p><a href=\"https:\/\/matulji.hr\/pocetna\/wp-content\/uploads\/2021\/04\/Lista-HDZ.docx\">Lista HDZ<\/a><\/p>\n<p><a href=\"https:\/\/matulji.hr\/pocetna\/wp-content\/uploads\/2021\/04\/Lista-IDS-HSS-KI.docx\">Lista IDS-HSS-KI<\/a><\/p>\n<p><a href=\"https:\/\/matulji.hr\/pocetna\/wp-content\/uploads\/2021\/04\/Lista-Most.docx\">Lista Most<\/a><\/p>\n<p><a href=\"https:\/\/matulji.hr\/pocetna\/wp-content\/uploads\/2021\/04\/Lista-PGS-AM-UK.docx\">Lista PGS-AM-UK<\/a><\/p>\n<p><a href=\"https:\/\/matulji.hr\/pocetna\/wp-content\/uploads\/2021\/04\/Lista-SDP-HSU.docx\">Lista SDP-HSU<\/a><\/p>\n<p><a href=\"https:\/\/matulji.hr\/pocetna\/wp-content\/uploads\/2021\/04\/Lista-Eni-Sebalj.docx\">Lista Eni \u0160ebalj<\/a><\/p>\n<p><a href=\"https:\/\/matulji.hr\/pocetna\/wp-content\/uploads\/2021\/04\/Zbirna-lista-pravovaljanih-kandidacijskih-lista-za-izbor-clanova-opcinskog-vijeca.docx\">Zbirna lista pravovaljanih kandidacijskih lista za izbor \u010dlanova op\u0107inskog vije\u0107a<\/a><\/p>\n","protected":false},"excerpt":{"rendered":"<p>Lista Grbac \u017deljko Lista HDZ Lista IDS-HSS-KI Lista Most Lista PGS-AM-UK Lista SDP-HSU Lista Eni \u0160ebalj Zbirna lista pravovaljanih kandidacijskih lista za izbor \u010dlanova op\u0107inskog vije\u0107a<\/p>\n","protected":false},"author":2,"featured_media":0,"parent":0,"menu_order":0,"comment_status":"closed","ping_status":"closed","template":"","meta":{"footnotes":""},"class_list":["post-7140","page","type-page","status-publish","hentry"],"_links":{"self":[{"href":"https:\/\/matulji.hr\/portal\/wp-json\/wp\/v2\/pages\/7140","targetHints":{"allow":["GET"]}}],"collection":[{"href":"https:\/\/matulji.hr\/portal\/wp-json\/wp\/v2\/pages"}],"about":[{"href":"https:\/\/matulji.hr\/portal\/wp-json\/wp\/v2\/types\/page"}],"author":[{"embeddable":true,"href":"https:\/\/matulji.hr\/portal\/wp-json\/wp\/v2\/users\/2"}],"replies":[{"embeddable":true,"href":"https:\/\/matulji.hr\/portal\/wp-json\/wp\/v2\/comments?post=7140"}],"version-history":[{"count":0,"href":"https:\/\/matulji.hr\/portal\/wp-json\/wp\/v2\/pages\/7140\/revisions"}],"wp:attachment":[{"href":"https:\/\/matulji.hr\/portal\/wp-json\/wp\/v2\/media?parent=7140"}],"curies":[{"name":"wp","href":"https:\/\/api.w.org\/{rel}","templated":true}]}}