{"id":7116,"date":"2021-04-27T00:23:16","date_gmt":"2021-04-26T22:23:16","guid":{"rendered":"http:\/\/matulji.hr\/pocetna\/?page_id=7116"},"modified":"2025-10-24T08:41:40","modified_gmt":"2025-10-24T06:41:40","slug":"prava-i-pomoci-iz-socijalnog-programa","status":"publish","type":"page","link":"https:\/\/matulji.hr\/portal\/prava-i-pomoci-iz-socijalnog-programa\/","title":{"rendered":"PRAVA I POMO\u0106I IZ SOCIJALNOG PROGRAMA"},"content":{"rendered":"<p><a href=\"https:\/\/matulji.hr\/portal\/wp-content\/uploads\/2023\/08\/Oblici-pomoci-iz-socijalne-skrbi.docx\">Oblici pomo\u0107i iz socijalne skrbi<\/a><br \/>\n<a href=\"https:\/\/matulji.hr\/portal\/wp-content\/uploads\/2025\/10\/Obrazac-1.-Pravo-na-sufinanciranje-troskova-smjestaja-djece-u-predskolskim-ustanovama-i-obrtima.docx\">Obrazac 1. Pravo na financiranje tro\u0161kova smje\u0161taja djece u pred\u0161kolskim ustanovama i obrtima<\/a><br \/>\n<a href=\"https:\/\/matulji.hr\/portal\/wp-content\/uploads\/2025\/10\/Obrazac-2.-Prava-za-ucenike-osnovne-skole-09-25-1.docx\">Obrazac 2. Prava za u\u010denike osnovne \u0161kole<\/a><br \/>\n<a href=\"https:\/\/matulji.hr\/portal\/wp-content\/uploads\/2025\/10\/Obrazac-3.-Prava-za-ucenike-srednje-skole.docx\">Obrazac 3. Prava za u\u010denike srednje \u0161kole<\/a><br \/>\n<a href=\"https:\/\/matulji.hr\/portal\/wp-content\/uploads\/2025\/10\/Obrazac-4.-Pravo-na-besplatnu-pokaznu-kartu-Studenti.docx\">Obrazac 4. Pravo na besplatnu pokaznu kartu &#8211; Studenti<\/a><br \/>\n<a href=\"https:\/\/matulji.hr\/portal\/wp-content\/uploads\/2025\/10\/Obrazac-5.-Pravo-na-besplatnu-pokaznu-kartu-poseban-uvjet-ostali-uvjet-umirovljenici.docx\">Obrazac 5. Pravo na besplatnu pokaznu kartu &#8211; umirovljenici<\/a><br \/>\n<a href=\"https:\/\/matulji.hr\/portal\/wp-content\/uploads\/2025\/10\/Obrazac-6.-Pravo-na-organizirani-prijevoz-i-prehranu.docx\">Obrazac 6. Pravo na organizirani prijevoz i prehranu<\/a><br \/>\n<a href=\"https:\/\/matulji.hr\/portal\/wp-content\/uploads\/2025\/10\/Obrazac-7.-Pravo-na-pomoc-u-kuci.docx\">Obrazac 7. Pravo na pomo\u0107 u ku\u0107i<\/a><br \/>\n<a href=\"https:\/\/matulji.hr\/portal\/wp-content\/uploads\/2025\/10\/Obrazac-8.-Pravo-na-besplatno-ljetovanje.docx\">Obrazac 8. Pravo na besplatno ljetovanje<\/a><br \/>\n<a href=\"https:\/\/matulji.hr\/portal\/wp-content\/uploads\/2025\/10\/Obrazac-10.-Zahtjev-za-prigodnu-pomoc-za-Bozic-2025.docx\">Obrazac 10. Zahtjev za prigodnu pomo\u0107 za Bo\u017ei\u0107 2025.<\/a><br \/>\n<a href=\"https:\/\/matulji.hr\/portal\/wp-content\/uploads\/2025\/10\/Obrazac-11.-Pomoc-za-placanje-komunalne-naknade.docx\">Obrazac 11. Pomo\u0107 za pla\u0107anje komunalne naknade<\/a><br \/>\n<a href=\"https:\/\/matulji.hr\/portal\/wp-content\/uploads\/2025\/10\/Obrazac-12.-Jednokratne-pomoci-u-novcu-ili-naravi.docx\">Obrazac 12. Jednokratne pomo\u0107i u novcu ili naravi<\/a><br \/>\n<a href=\"https:\/\/matulji.hr\/portal\/wp-content\/uploads\/2025\/10\/Obrazac-13.-Pomoc-u-koristenju-ortopedskih-pomagala.docx\">Obrazac 13. Pomo\u0107 u kori\u0161tenju ortopedskih pomagala\u00a0<\/a><br \/>\n<a href=\"https:\/\/matulji.hr\/portal\/wp-content\/uploads\/2025\/10\/Obrazac-14.-Zahtjev-za-besplatnu-prehrana-dojencadi.docx\">Obrazac 14. Zahtjev za ostvarivanje prava na besplatnu prehranu dojen\u010dadi\u00a0<\/a><br \/>\n<a href=\"https:\/\/matulji.hr\/portal\/wp-content\/uploads\/2025\/10\/Obrazac-15.-Zahtjev-za-podmirenje-pogrebnih-usluga.docx\">Obrazac 15. Zahtjev za ostvarivanje prava na pomo\u0107 za podmirenje pogrebnih tro\u0161kova<\/a><\/p>\n<p><a href=\"https:\/\/matulji.hr\/portal\/wp-content\/uploads\/2023\/08\/Prava-iz-socijalne-skrbi.docx\">Prava iz socijalne skrbi<\/a><\/p>\n","protected":false},"excerpt":{"rendered":"<p>Oblici pomo\u0107i iz socijalne skrbi Obrazac 1. Pravo na financiranje tro\u0161kova smje\u0161taja djece u pred\u0161kolskim ustanovama i obrtima Obrazac 2. Prava za u\u010denike osnovne \u0161kole Obrazac 3. Prava za u\u010denike srednje \u0161kole Obrazac 4. Pravo na besplatnu pokaznu kartu &#8211; Studenti Obrazac 5. Pravo na besplatnu pokaznu kartu &#8211; umirovljenici Obrazac 6. Pravo na organizirani prijevoz i prehranu Obrazac 7. Pravo na pomo\u0107 u ku\u0107i Obrazac 8. Pravo na besplatno ljetovanje Obrazac 10. Zahtjev za prigodnu pomo\u0107 za Bo\u017ei\u0107 2025. Obrazac 11. Pomo\u0107 za pla\u0107anje komunalne naknade Obrazac 12. Jednokratne&#8230; <\/p>\n","protected":false},"author":2,"featured_media":0,"parent":0,"menu_order":0,"comment_status":"closed","ping_status":"closed","template":"","meta":{"footnotes":""},"class_list":["post-7116","page","type-page","status-publish","hentry"],"_links":{"self":[{"href":"https:\/\/matulji.hr\/portal\/wp-json\/wp\/v2\/pages\/7116","targetHints":{"allow":["GET"]}}],"collection":[{"href":"https:\/\/matulji.hr\/portal\/wp-json\/wp\/v2\/pages"}],"about":[{"href":"https:\/\/matulji.hr\/portal\/wp-json\/wp\/v2\/types\/page"}],"author":[{"embeddable":true,"href":"https:\/\/matulji.hr\/portal\/wp-json\/wp\/v2\/users\/2"}],"replies":[{"embeddable":true,"href":"https:\/\/matulji.hr\/portal\/wp-json\/wp\/v2\/comments?post=7116"}],"version-history":[{"count":9,"href":"https:\/\/matulji.hr\/portal\/wp-json\/wp\/v2\/pages\/7116\/revisions"}],"predecessor-version":[{"id":12420,"href":"https:\/\/matulji.hr\/portal\/wp-json\/wp\/v2\/pages\/7116\/revisions\/12420"}],"wp:attachment":[{"href":"https:\/\/matulji.hr\/portal\/wp-json\/wp\/v2\/media?parent=7116"}],"curies":[{"name":"wp","href":"https:\/\/api.w.org\/{rel}","templated":true}]}}