{"id":7070,"date":"2021-04-09T14:43:01","date_gmt":"2021-04-09T12:43:01","guid":{"rendered":"http:\/\/matulji.hr\/pocetna\/?page_id=7070"},"modified":"2021-04-09T14:43:01","modified_gmt":"2021-04-09T12:43:01","slug":"lokalni-izbori-2021-2","status":"publish","type":"page","link":"https:\/\/matulji.hr\/portal\/lokalni-izbori-2021-2\/","title":{"rendered":"Lokalni izbori 2021."},"content":{"rendered":"<p><a href=\"https:\/\/matulji.hr\/pocetna\/pravovaljane-kandidacijske-liste-za-opcinsko-vijece\/\"><em><strong>\u2192<\/strong><\/em> Pravovaljane kandidacijske liste za op\u0107insko vije\u0107e<\/a><\/p>\n<p><a href=\"https:\/\/matulji.hr\/pocetna\/pravovaljane-kandidatura-za-opcinskog-nacelnika\/\"><em><strong>\u2192<\/strong><\/em> Pravovaljane kandidatura za op\u0107inskog na\u010delnika<\/a><\/p>\n<p><a href=\"https:\/\/matulji.hr\/pocetna\/wp-content\/uploads\/2021\/04\/Brosura-Financiranje-izborne-promidzbe-kandidati-za-izvrsno-tijelo.docx\">Bro\u0161ura Financiranje izborne promid\u017ebe kandidati za izvr\u0161no tijelo<\/a><\/p>\n<p><a href=\"https:\/\/matulji.hr\/pocetna\/wp-content\/uploads\/2021\/04\/Brosura-Financiranje-izborne-promidzbe-predstavnicko-tijelo.docx\">Bro\u0161ura Financiranje izborne promid\u017ebe predstavni\u010dko tijelo<\/a><\/p>\n<p><a href=\"https:\/\/matulji.hr\/pocetna\/wp-content\/uploads\/2021\/04\/Osiguranje-epidemioloskih-mjera-u-izbornom-procesu-prikupljanje-potpisa-biraca.pdf\">Osiguranje epidemiolo\u0161kih mjera u izbornom procesu prikupljanje potpisa bira\u010da<\/a><\/p>\n<p><a href=\"https:\/\/matulji.hr\/pocetna\/wp-content\/uploads\/2021\/04\/obrasci-i-upute-nacelnik.zip\">Obrasci i upute na\u010delnik<\/a><\/p>\n<p><a href=\"https:\/\/matulji.hr\/pocetna\/wp-content\/uploads\/2021\/04\/obrasci-i-upute-vijece.zip\">Obrasci i upute vije\u0107e<\/a><\/p>\n<p><a href=\"https:\/\/matulji.hr\/pocetna\/wp-content\/uploads\/2021\/04\/Obrazac-VIIa-zahtjev-za-izdavanje-potvrde-o-podacima-iz-kaznene-evidencije.docx\">Obrazac VIIa &#8211; Zahtjev za izdavanje potvrde o podacima iz kaznene evidencije<\/a><\/p>\n<p><a href=\"https:\/\/mpu.gov.hr\/lokalni-izbori-2021\/izdavanje-potvrda-uvjerenja-iz-kaznene-evidencije-u-postupku-kandidiranja\/25001\">Izdavanje potvrda\/uvjerenja iz kaznene evidencije u postupku kandidiranja<\/a><\/p>\n<p><a href=\"https:\/\/matulji.hr\/pocetna\/organizirano-dezurstvo\/\">Organizirano de\u017eurstvo<\/a><\/p>\n<p><a href=\"https:\/\/matulji.hr\/pocetna\/obavijest-50\/\">Uvjeti kori\u0161tenja \u0161tandova, stolova te druge opreme u vlasni\u0161tvu op\u0107ine Matulji radi provedbe izborne promid\u017ebe<\/a><\/p>\n<p><a href=\"https:\/\/matulji.hr\/pocetna\/wp-content\/uploads\/2021\/04\/Odluka-o-uvjetima-koristenja-javnih-povrsina-objekta-komunalne-infrastrukture-te-drugih-prostora-Opcine-Matulji-radi-izborne-promidzbe.docx\">Odluka o uvjetima kori\u0161tenja javnih povr\u0161ina, objekta komunalne infrastrukture te drugih prostora Op\u0107ine Matulji radi izborne promid\u017ebe<\/a><\/p>\n<p><a href=\"https:\/\/matulji.hr\/pocetna\/wp-content\/uploads\/2021\/04\/Rjesenje-o-odredivanju-Birackih-mjesta-Matulji.pdf\">Rje\u0161enje o odre\u0111ivanju Bira\u010dkih mjesta &#8211; Matulji<\/a><\/p>\n<p><a href=\"https:\/\/matulji.hr\/pocetna\/wp-content\/uploads\/2021\/05\/Opcina-Matulji-opcinski-nacelnik.docx\">Op\u0107ina Matulji &#8211; Rezultati Op\u0107inski na\u010delnik<\/a><\/p>\n<p><a href=\"https:\/\/matulji.hr\/pocetna\/wp-content\/uploads\/2021\/05\/Opcina-Matulji-Opcinsko-vijece.docx\">Op\u0107ina Matulji Rezultati Op\u0107insko vije\u0107e<\/a><\/p>\n<p><a href=\"https:\/\/matulji.hr\/pocetna\/wp-content\/uploads\/2021\/05\/objava_konacnih_rezultata_2021.pdf\">KONA\u010cNI REZULTATI IZBORA \u010cLANOVA OP\u0106INSKOG VIJE\u0106A OP\u0106INE MATULJI PROVEDENIH 16. SVIBNJA 2021. &#8211; LINK<\/a><\/p>\n<p><a role=\"link\" href=\"https:\/\/matulji.hr\/pocetna\/wp-content\/uploads\/2021\/06\/KONACNI-REZULTATI-IZBORA-ZA-OPCINSKOG-NACELNIKA-MATULJI.docx\">Kona\u010dni rezultati drugog kruga glasovanja za izbor op\u0107inskog na\u010delnika\u00a0 i zamjenika op\u0107inskog na\u010delnika op\u0107ine Matulji provedenog 30. svibnja 2021<\/a>. \u2013 link<\/p>\n<p><a href=\"https:\/\/matulji.hr\/pocetna\/wp-content\/uploads\/2021\/06\/Izvjesce-o-troskovima-odrzanih-izbora.docx\">Izvje\u0161\u0107 o tro\u0161kovima odr\u017eanih izbora<\/a><\/p>\n<p><a href=\"https:\/\/matulji.hr\/pocetna\/wp-content\/uploads\/2021\/08\/Odluke-naknada-troskova-izborne-promidzbe-OPCINSKI-NACELNIK-2021.docx\">Odluke &#8211; naknada troskova izborne promidzbe OPCINSKI NACELNIK 2021<\/a><\/p>\n<p><a href=\"https:\/\/matulji.hr\/pocetna\/wp-content\/uploads\/2021\/08\/Odluke-naknada-Troskova-izborne-promidzbe-OPCINSKO-VIJECE-2021.docx\">Odluke &#8211; naknada Troskova izborne promidzbe OPCINSKO VIJECE 2021<\/a><\/p>\n<p>&nbsp;<\/p>\n","protected":false},"excerpt":{"rendered":"<p>\u2192 Pravovaljane kandidacijske liste za op\u0107insko vije\u0107e \u2192 Pravovaljane kandidatura za op\u0107inskog na\u010delnika Bro\u0161ura Financiranje izborne promid\u017ebe kandidati za izvr\u0161no tijelo Bro\u0161ura Financiranje izborne promid\u017ebe predstavni\u010dko tijelo Osiguranje epidemiolo\u0161kih mjera u izbornom procesu prikupljanje potpisa bira\u010da Obrasci i upute na\u010delnik Obrasci i upute vije\u0107e Obrazac VIIa &#8211; Zahtjev za izdavanje potvrde o podacima iz kaznene evidencije Izdavanje potvrda\/uvjerenja iz kaznene evidencije u postupku kandidiranja Organizirano de\u017eurstvo Uvjeti kori\u0161tenja \u0161tandova, stolova te druge opreme u vlasni\u0161tvu op\u0107ine Matulji radi provedbe izborne promid\u017ebe Odluka o uvjetima kori\u0161tenja javnih povr\u0161ina, objekta komunalne infrastrukture&#8230; <\/p>\n","protected":false},"author":2,"featured_media":0,"parent":0,"menu_order":0,"comment_status":"closed","ping_status":"closed","template":"","meta":{"footnotes":""},"class_list":["post-7070","page","type-page","status-publish","hentry"],"_links":{"self":[{"href":"https:\/\/matulji.hr\/portal\/wp-json\/wp\/v2\/pages\/7070","targetHints":{"allow":["GET"]}}],"collection":[{"href":"https:\/\/matulji.hr\/portal\/wp-json\/wp\/v2\/pages"}],"about":[{"href":"https:\/\/matulji.hr\/portal\/wp-json\/wp\/v2\/types\/page"}],"author":[{"embeddable":true,"href":"https:\/\/matulji.hr\/portal\/wp-json\/wp\/v2\/users\/2"}],"replies":[{"embeddable":true,"href":"https:\/\/matulji.hr\/portal\/wp-json\/wp\/v2\/comments?post=7070"}],"version-history":[{"count":0,"href":"https:\/\/matulji.hr\/portal\/wp-json\/wp\/v2\/pages\/7070\/revisions"}],"wp:attachment":[{"href":"https:\/\/matulji.hr\/portal\/wp-json\/wp\/v2\/media?parent=7070"}],"curies":[{"name":"wp","href":"https:\/\/api.w.org\/{rel}","templated":true}]}}