{"id":7051,"date":"2021-04-06T14:42:41","date_gmt":"2021-04-06T12:42:41","guid":{"rendered":"http:\/\/matulji.hr\/pocetna\/?page_id=7051"},"modified":"2026-02-23T20:31:30","modified_gmt":"2026-02-23T19:31:30","slug":"komunalni-red","status":"publish","type":"page","link":"https:\/\/matulji.hr\/portal\/komunalni-red\/","title":{"rendered":"Komunalni red"},"content":{"rendered":"<p><a class=\"button\" href=\"https:\/\/matulji.hr\/pocetna\/wp-content\/uploads\/2021\/04\/ODLUKA-O-KOMUNALNOM-REDU-.docx\">Odluka o komunalnom redu<\/a><\/p>\n<p><a class=\"button\" href=\"https:\/\/matulji.hr\/pocetna\/wp-content\/uploads\/2021\/04\/Odluka-o-sluzbenoj-iskaznici-i-odori-komunalnog-redara.docx\">Odluka o slu\u017ebenoj iskaznici i odori komunalnog redara<\/a><\/p>\n<p><a class=\"button\" href=\"https:\/\/matulji.hr\/pocetna\/wp-content\/uploads\/2021\/05\/Pravilnik-o-visini-naknade-za-koristenje-povrsina-javne-namjene.docx\">Pravilnik o visini naknade za kori\u0161tenje povr\u0161ina javne namjene<\/a><\/p>\n<p><a class=\"button\" href=\"https:\/\/matulji.hr\/portal\/wp-content\/uploads\/2026\/02\/Odluka-o-privremenoj-zabrani-izvodenja-radova-u-2026.-godini.pdf\">Odluka o privremenoj zabrani izvo\u0111enja radova u 2026. godini<\/a><\/p>\n<p><a class=\"button\" href=\"https:\/\/matulji.hr\/portal\/wp-content\/uploads\/2026\/02\/4.-Odluka-o-izmjenama-i-dopunama-Odluke-o-komunalnom-redu-7.10.2025.-za-objavu.pdf\">Odluka o izmjenama i dopunama Odluke o komunalnom redu<\/a><\/p>\n<p>&nbsp;<\/p>\n","protected":false},"excerpt":{"rendered":"<p>Odluka o komunalnom redu Odluka o slu\u017ebenoj iskaznici i odori komunalnog redara Pravilnik o visini naknade za kori\u0161tenje povr\u0161ina javne namjene Odluka o privremenoj zabrani izvo\u0111enja radova u 2026. godini Odluka o izmjenama i dopunama Odluke o komunalnom redu &nbsp;<\/p>\n","protected":false},"author":2,"featured_media":0,"parent":0,"menu_order":0,"comment_status":"closed","ping_status":"closed","template":"","meta":{"footnotes":""},"class_list":["post-7051","page","type-page","status-publish","hentry"],"_links":{"self":[{"href":"https:\/\/matulji.hr\/portal\/wp-json\/wp\/v2\/pages\/7051","targetHints":{"allow":["GET"]}}],"collection":[{"href":"https:\/\/matulji.hr\/portal\/wp-json\/wp\/v2\/pages"}],"about":[{"href":"https:\/\/matulji.hr\/portal\/wp-json\/wp\/v2\/types\/page"}],"author":[{"embeddable":true,"href":"https:\/\/matulji.hr\/portal\/wp-json\/wp\/v2\/users\/2"}],"replies":[{"embeddable":true,"href":"https:\/\/matulji.hr\/portal\/wp-json\/wp\/v2\/comments?post=7051"}],"version-history":[{"count":3,"href":"https:\/\/matulji.hr\/portal\/wp-json\/wp\/v2\/pages\/7051\/revisions"}],"predecessor-version":[{"id":12867,"href":"https:\/\/matulji.hr\/portal\/wp-json\/wp\/v2\/pages\/7051\/revisions\/12867"}],"wp:attachment":[{"href":"https:\/\/matulji.hr\/portal\/wp-json\/wp\/v2\/media?parent=7051"}],"curies":[{"name":"wp","href":"https:\/\/api.w.org\/{rel}","templated":true}]}}