{"id":7006,"date":"2021-03-30T01:17:50","date_gmt":"2021-03-29T23:17:50","guid":{"rendered":"http:\/\/matulji.hr\/pocetna\/?page_id=7006"},"modified":"2025-10-20T13:51:50","modified_gmt":"2025-10-20T11:51:50","slug":"obrasci-za-novorodeno-dijete","status":"publish","type":"page","link":"https:\/\/matulji.hr\/portal\/obrasci-za-novorodeno-dijete\/","title":{"rendered":"Obrasci za novoro\u0111eno dijete"},"content":{"rendered":"<p><a href=\"https:\/\/matulji.hr\/portal\/wp-content\/uploads\/2025\/10\/Zahtjev_pomoc-za-novorodeno-dijete.docx\">Zahtjev za ostvarivanje prava na nov\u010danu pomo\u0107 za novoro\u0111eno dijete<\/a><\/p>\n\n\n<p><\/p>\n","protected":false},"excerpt":{"rendered":"<p>Zahtjev za ostvarivanje prava na nov\u010danu pomo\u0107 za novoro\u0111eno dijete<\/p>\n","protected":false},"author":2,"featured_media":0,"parent":0,"menu_order":0,"comment_status":"closed","ping_status":"closed","template":"","meta":{"footnotes":""},"class_list":["post-7006","page","type-page","status-publish","hentry"],"_links":{"self":[{"href":"https:\/\/matulji.hr\/portal\/wp-json\/wp\/v2\/pages\/7006","targetHints":{"allow":["GET"]}}],"collection":[{"href":"https:\/\/matulji.hr\/portal\/wp-json\/wp\/v2\/pages"}],"about":[{"href":"https:\/\/matulji.hr\/portal\/wp-json\/wp\/v2\/types\/page"}],"author":[{"embeddable":true,"href":"https:\/\/matulji.hr\/portal\/wp-json\/wp\/v2\/users\/2"}],"replies":[{"embeddable":true,"href":"https:\/\/matulji.hr\/portal\/wp-json\/wp\/v2\/comments?post=7006"}],"version-history":[{"count":5,"href":"https:\/\/matulji.hr\/portal\/wp-json\/wp\/v2\/pages\/7006\/revisions"}],"predecessor-version":[{"id":12394,"href":"https:\/\/matulji.hr\/portal\/wp-json\/wp\/v2\/pages\/7006\/revisions\/12394"}],"wp:attachment":[{"href":"https:\/\/matulji.hr\/portal\/wp-json\/wp\/v2\/media?parent=7006"}],"curies":[{"name":"wp","href":"https:\/\/api.w.org\/{rel}","templated":true}]}}