{"id":6982,"date":"2021-03-25T16:28:03","date_gmt":"2021-03-25T14:28:03","guid":{"rendered":"http:\/\/matulji.hr\/pocetna\/?page_id=6982"},"modified":"2025-03-20T22:40:48","modified_gmt":"2025-03-20T21:40:48","slug":"civilna-zastita","status":"publish","type":"page","link":"https:\/\/matulji.hr\/portal\/civilna-zastita\/","title":{"rendered":"Civilna za\u0161tita"},"content":{"rendered":"<p><a role=\"link\" href=\"https:\/\/matulji.hr\/pocetna\/wp-content\/uploads\/2020\/03\/PLAN-DJELOVANJA-U-PODRUCJU-PRIRODNIH-NEPOGODA-OPCINA-MATULJI-2021.-god.docx\">PLAN DJELOVANJA U PODRU\u010cJU PRIRODNIH <\/a><\/p>\n<p><a role=\"link\" href=\"https:\/\/matulji.hr\/pocetna\/wp-content\/uploads\/2020\/03\/PLAN-DJELOVANJA-U-PODRUCJU-PRIRODNIH-NEPOGODA-OPCINA-MATULJI-2021.-god.docx\">NEPOGODA \u2013 OP\u0106INA MATULJI 2021. god<\/a><\/p>\n<p><a href=\"https:\/\/matulji.hr\/pocetna\/wp-content\/uploads\/2021\/04\/24.-Plan-razvoja-sustava-CZ-u-2021.-sa-Analizom-stanja-u-2020.-2.doc\">Plan razvoja sustava CZ u 2021. sa Analizom stanja u 2020.<\/a><\/p>\n<p><a href=\"https:\/\/matulji.hr\/pocetna\/wp-content\/uploads\/2021\/04\/Izvjesce-o-izvrsenju-plana-djelovanja-Opcine-Matulji-u-podrucju-prirodnih-nepogoda.doc\">Izvje\u0161\u0107e o izvr\u0161enju plana djelovanja Op\u0107ine Matulji u podru\u010dju prirodnih nepogoda<\/a><\/p>\n<p><a href=\"https:\/\/matulji.hr\/portal\/wp-content\/uploads\/2025\/03\/1.-Analiza-stanja-sustava-civilne-zastite-Opcine-Matulji-za-2024.docx\">Analiza stanja sustava civilne za\u0161tite Op\u0107ine Matulji za 2024.<\/a><\/p>\n<p><a href=\"https:\/\/matulji.hr\/portal\/wp-content\/uploads\/2025\/03\/Izvjesce-o-izvrsenju-plana-djelovanja-u-podrucju-prirodnih-nepogoda-u-2024-ZAKLJUCAK.docx\">Izvje\u0161\u0107e o izvr\u0161enju plana djelovanja u podru\u010dju prirodnih nepogoda u 2024- ZAKLJU\u010cAK<\/a><\/p>\n<p><a href=\"https:\/\/matulji.hr\/portal\/wp-content\/uploads\/2025\/03\/Izvjesce-o-izvrsenju-plana-djelovanja-u-podrucju-prirodnih-nepogoda-u-2024.docx\">Izvje\u0161\u0107e o izvr\u0161enju plana djelovanja u podru\u010dju prirodnih nepogoda u 2024<\/a><\/p>\n<p><a href=\"https:\/\/matulji.hr\/portal\/wp-content\/uploads\/2025\/03\/2.-Godisnji-plan-razvoja-sustava-civilne-zastite-Matulji-2025.docx\">Godi\u0161nji plan razvoja sustava civilne za\u0161tite Matulji 2025.<\/a><\/p>\n","protected":false},"excerpt":{"rendered":"<p>PLAN DJELOVANJA U PODRU\u010cJU PRIRODNIH NEPOGODA \u2013 OP\u0106INA MATULJI 2021. god Plan razvoja sustava CZ u 2021. sa Analizom stanja u 2020. Izvje\u0161\u0107e o izvr\u0161enju plana djelovanja Op\u0107ine Matulji u podru\u010dju prirodnih nepogoda Analiza stanja sustava civilne za\u0161tite Op\u0107ine Matulji za 2024. Izvje\u0161\u0107e o izvr\u0161enju plana djelovanja u podru\u010dju prirodnih nepogoda u 2024- ZAKLJU\u010cAK Izvje\u0161\u0107e o izvr\u0161enju plana djelovanja u podru\u010dju prirodnih nepogoda u 2024 Godi\u0161nji plan razvoja sustava civilne za\u0161tite Matulji 2025.<\/p>\n","protected":false},"author":3,"featured_media":0,"parent":0,"menu_order":0,"comment_status":"closed","ping_status":"closed","template":"","meta":{"footnotes":""},"class_list":["post-6982","page","type-page","status-publish","hentry"],"_links":{"self":[{"href":"https:\/\/matulji.hr\/portal\/wp-json\/wp\/v2\/pages\/6982","targetHints":{"allow":["GET"]}}],"collection":[{"href":"https:\/\/matulji.hr\/portal\/wp-json\/wp\/v2\/pages"}],"about":[{"href":"https:\/\/matulji.hr\/portal\/wp-json\/wp\/v2\/types\/page"}],"author":[{"embeddable":true,"href":"https:\/\/matulji.hr\/portal\/wp-json\/wp\/v2\/users\/3"}],"replies":[{"embeddable":true,"href":"https:\/\/matulji.hr\/portal\/wp-json\/wp\/v2\/comments?post=6982"}],"version-history":[{"count":4,"href":"https:\/\/matulji.hr\/portal\/wp-json\/wp\/v2\/pages\/6982\/revisions"}],"predecessor-version":[{"id":11679,"href":"https:\/\/matulji.hr\/portal\/wp-json\/wp\/v2\/pages\/6982\/revisions\/11679"}],"wp:attachment":[{"href":"https:\/\/matulji.hr\/portal\/wp-json\/wp\/v2\/media?parent=6982"}],"curies":[{"name":"wp","href":"https:\/\/api.w.org\/{rel}","templated":true}]}}