{"id":6796,"date":"2021-01-29T00:55:11","date_gmt":"2021-01-28T22:55:11","guid":{"rendered":"http:\/\/matulji.hr\/pocetna\/?page_id=6796"},"modified":"2026-04-28T22:39:58","modified_gmt":"2026-04-28T20:39:58","slug":"otvorena-savjetovanja","status":"publish","type":"page","link":"https:\/\/matulji.hr\/portal\/otvorena-savjetovanja\/","title":{"rendered":"OTVORENA SAVJETOVANJA"},"content":{"rendered":"\n<p><a href=\"https:\/\/matulji.hr\/portal\/wp-content\/uploads\/2026\/03\/Javno-savjetovanje-o-Prijedlogu-Odluke-o-izmj.-i-dop.-Odluke-o-nacinu-skupljanja-kom.-otp.zip\">JAVNO SAVJETOVANJE O PRIJEDLOGU ODLUKE O IZMJENE I DOPUNE ODLUKE O NA\u010cINU SKUPLJANJA KOMUNALNOG OTPADA<\/a><\/p>\n\n\n\n<p><a href=\"https:\/\/matulji.hr\/portal\/wp-content\/uploads\/2026\/04\/godinjiprovedbeniprogramunapreenjazatiteodpoarana.zip\">JAVNO SAVJETOVANJE U POSTUPKU DONO\u0160ENJA GODI\u0160NJEG PROVEDBENOG PROGRAMA UNAPRE\u0110ENJA ZA\u0160TITE OD PO\u017dARA NA PODRU\u010cJU OP\u0106INE MATULJI ZA 2026. GODINU.<\/a><\/p>\n","protected":false},"excerpt":{"rendered":"<p>JAVNO SAVJETOVANJE O PRIJEDLOGU ODLUKE O IZMJENE I DOPUNE ODLUKE O NA\u010cINU SKUPLJANJA KOMUNALNOG OTPADA JAVNO SAVJETOVANJE U POSTUPKU DONO\u0160ENJA GODI\u0160NJEG PROVEDBENOG PROGRAMA UNAPRE\u0110ENJA ZA\u0160TITE OD PO\u017dARA NA PODRU\u010cJU OP\u0106INE MATULJI ZA 2026. GODINU.<\/p>\n","protected":false},"author":2,"featured_media":0,"parent":0,"menu_order":0,"comment_status":"closed","ping_status":"closed","template":"","meta":{"footnotes":""},"class_list":["post-6796","page","type-page","status-publish","hentry"],"_links":{"self":[{"href":"https:\/\/matulji.hr\/portal\/wp-json\/wp\/v2\/pages\/6796","targetHints":{"allow":["GET"]}}],"collection":[{"href":"https:\/\/matulji.hr\/portal\/wp-json\/wp\/v2\/pages"}],"about":[{"href":"https:\/\/matulji.hr\/portal\/wp-json\/wp\/v2\/types\/page"}],"author":[{"embeddable":true,"href":"https:\/\/matulji.hr\/portal\/wp-json\/wp\/v2\/users\/2"}],"replies":[{"embeddable":true,"href":"https:\/\/matulji.hr\/portal\/wp-json\/wp\/v2\/comments?post=6796"}],"version-history":[{"count":84,"href":"https:\/\/matulji.hr\/portal\/wp-json\/wp\/v2\/pages\/6796\/revisions"}],"predecessor-version":[{"id":13062,"href":"https:\/\/matulji.hr\/portal\/wp-json\/wp\/v2\/pages\/6796\/revisions\/13062"}],"wp:attachment":[{"href":"https:\/\/matulji.hr\/portal\/wp-json\/wp\/v2\/media?parent=6796"}],"curies":[{"name":"wp","href":"https:\/\/api.w.org\/{rel}","templated":true}]}}