{"id":6755,"date":"2021-01-18T03:02:30","date_gmt":"2021-01-18T01:02:30","guid":{"rendered":"http:\/\/matulji.hr\/pocetna\/?page_id=6755"},"modified":"2025-02-21T15:04:23","modified_gmt":"2025-02-21T14:04:23","slug":"opcinska-uprava-kontakti","status":"publish","type":"page","link":"https:\/\/matulji.hr\/portal\/opcinska-uprava-kontakti\/","title":{"rendered":"OP\u0106INSKA UPRAVA KONTAKTI"},"content":{"rendered":"\n<figure class=\"wp-block-image size-large\"><img loading=\"lazy\" decoding=\"async\" width=\"738\" height=\"1024\" src=\"https:\/\/matulji.hr\/portal\/wp-content\/uploads\/2025\/02\/kontakti-opcina-matulji-2025-738x1024.jpg\" alt=\"\" class=\"wp-image-11550\" srcset=\"https:\/\/matulji.hr\/portal\/wp-content\/uploads\/2025\/02\/kontakti-opcina-matulji-2025-738x1024.jpg 738w, https:\/\/matulji.hr\/portal\/wp-content\/uploads\/2025\/02\/kontakti-opcina-matulji-2025-216x300.jpg 216w, https:\/\/matulji.hr\/portal\/wp-content\/uploads\/2025\/02\/kontakti-opcina-matulji-2025-768x1065.jpg 768w, https:\/\/matulji.hr\/portal\/wp-content\/uploads\/2025\/02\/kontakti-opcina-matulji-2025-1107x1536.jpg 1107w, https:\/\/matulji.hr\/portal\/wp-content\/uploads\/2025\/02\/kontakti-opcina-matulji-2025.jpg 1263w\" sizes=\"auto, (max-width: 738px) 100vw, 738px\" \/><\/figure>\n\n\n<p>Adresa elektroni\u010dke po\u0161te za primanje pismena: <strong><a href=\"mailto:opcina.matulji@matulji.hr\">opcina.matulji@matulji.hr<\/a><\/strong><\/p>\n\n\n<p><a href=\"https:\/\/matulji.hr\/portal\/wp-content\/uploads\/2025\/02\/Uprava-kontakti-WEB-7-2025.pdf\">KONTAKTI- link<\/a><\/p>\n\n\n\n<p><a href=\"https:\/\/matulji.hr\/pocetna\/pravo-na-pristup-informacijama\/\">PRAVO NA PRISTUP INFORMACIJAMA<\/a><\/p>\n\n\n\n<p><strong>RADNO VRIJEME I PRIJEM STRANAKA<\/strong><\/p>\n\n\n\n<p>1. RADNO VRIJEME<br>Radno vrijeme Op\u0107ine je svakoga radnog dana u tjednu i to:<\/p>\n\n\n\n<p>\u2022 Ponedjeljak, srijeda i \u010detvrtak od 7.30 \u2013 15.30 sati<br>\u2022 Utorak od 7.30 \u2013 16.30 sati<br>\u2022 Petak od 7.30 do 14.30 sati.<\/p>\n\n\n\n<p>2. PRIJAM STRANAKA<br>Stranke se primaju svakoga radnog dana u tjednu i to:<\/p>\n\n\n\n<p>\u2022 Ponedjeljak, srijeda, \u010detvrtak i petak od 09.00 \u2013 11.00 sati<br>\u2022 utorak od 12.30 \u2013 16.30 sati<\/p>\n\n\n\n<p>Izuzetno od stavka 1. stranke se mogu primati i u druga\u010dije vrijeme u dogovoru sa slu\u017ebenikom, pod uvjetom da isto ne\u0107e utjecati na redovan rad slu\u017ebe i izvr\u0161avanje poslova istoga slu\u017ebenika. U slu\u010daju posebnih okolnosti koje se nisu mogle predvidjeti, a radi za\u0161tite \u017eivota i zdravlja ljudi, odlukom na\u010delnika mo\u017ee se ograni\u010diti prijem stranaka za razdoblje trajanja istih okolnost<\/p>\n","protected":false},"excerpt":{"rendered":"<p>Adresa elektroni\u010dke po\u0161te za primanje pismena: opcina.matulji@matulji.hr KONTAKTI- link PRAVO NA PRISTUP INFORMACIJAMA RADNO VRIJEME I PRIJEM STRANAKA 1. RADNO VRIJEMERadno vrijeme Op\u0107ine je svakoga radnog dana u tjednu i to: \u2022 Ponedjeljak, srijeda i \u010detvrtak od 7.30 \u2013 15.30 sati\u2022 Utorak od 7.30 \u2013 16.30 sati\u2022 Petak od 7.30 do 14.30 sati. 2. PRIJAM STRANAKAStranke se primaju svakoga radnog dana u tjednu i to: \u2022 Ponedjeljak, srijeda, \u010detvrtak i petak od 09.00 \u2013 11.00 sati\u2022 utorak od 12.30 \u2013 16.30 sati Izuzetno od stavka 1. stranke se mogu primati&#8230; <\/p>\n","protected":false},"author":2,"featured_media":0,"parent":0,"menu_order":0,"comment_status":"closed","ping_status":"closed","template":"","meta":{"footnotes":""},"class_list":["post-6755","page","type-page","status-publish","hentry"],"_links":{"self":[{"href":"https:\/\/matulji.hr\/portal\/wp-json\/wp\/v2\/pages\/6755","targetHints":{"allow":["GET"]}}],"collection":[{"href":"https:\/\/matulji.hr\/portal\/wp-json\/wp\/v2\/pages"}],"about":[{"href":"https:\/\/matulji.hr\/portal\/wp-json\/wp\/v2\/types\/page"}],"author":[{"embeddable":true,"href":"https:\/\/matulji.hr\/portal\/wp-json\/wp\/v2\/users\/2"}],"replies":[{"embeddable":true,"href":"https:\/\/matulji.hr\/portal\/wp-json\/wp\/v2\/comments?post=6755"}],"version-history":[{"count":9,"href":"https:\/\/matulji.hr\/portal\/wp-json\/wp\/v2\/pages\/6755\/revisions"}],"predecessor-version":[{"id":11551,"href":"https:\/\/matulji.hr\/portal\/wp-json\/wp\/v2\/pages\/6755\/revisions\/11551"}],"wp:attachment":[{"href":"https:\/\/matulji.hr\/portal\/wp-json\/wp\/v2\/media?parent=6755"}],"curies":[{"name":"wp","href":"https:\/\/api.w.org\/{rel}","templated":true}]}}