{"id":6748,"date":"2021-01-18T02:52:33","date_gmt":"2021-01-18T00:52:33","guid":{"rendered":"http:\/\/matulji.hr\/pocetna\/?page_id=6748"},"modified":"2021-01-18T02:52:33","modified_gmt":"2021-01-18T00:52:33","slug":"pravo-na-pristup-informacijama","status":"publish","type":"page","link":"https:\/\/matulji.hr\/portal\/pravo-na-pristup-informacijama\/","title":{"rendered":"PRAVO NA PRISTUP INFORMACIJAMA"},"content":{"rendered":"<p>&nbsp;<\/p>\n<p><img loading=\"lazy\" decoding=\"async\" class=\"alignleft size-full wp-image-195\" src=\"http:\/\/matulji.hr\/pocetna\/wp-content\/uploads\/2014\/08\/word.png\" alt=\"word\" width=\"40\" height=\"40\" \/><a href=\"https:\/\/matulji.hr\/pocetna\/wp-content\/uploads\/2014\/08\/PRAVO-NA-PRISTUP-INFORMACIJAMA-I-PONOVNU-UPORABU-INFORMACIJA.docx\">PRAVO NA PRISTUP INFORMACIJAMA I PONOVNU UPORABU INFORMACIJA<\/a><\/p>\n<p>&nbsp;<\/p>\n<p><img loading=\"lazy\" decoding=\"async\" class=\"alignleft size-full wp-image-195\" src=\"http:\/\/matulji.hr\/pocetna\/wp-content\/uploads\/2014\/08\/word.png\" alt=\"word\" width=\"40\" height=\"40\" \/><a href=\"https:\/\/matulji.hr\/pocetna\/wp-content\/uploads\/2014\/08\/ZAHTJEV-ZA-DOPUNU-ILI-ISPRAVAK-INFORMACIJE.docx\">ZAHTJEV ZA DOPUNU ILI ISPRAVAK INFORMACIJE<\/a><\/p>\n<p>&nbsp;<\/p>\n<p><img loading=\"lazy\" decoding=\"async\" class=\"alignleft size-full wp-image-195\" src=\"http:\/\/matulji.hr\/pocetna\/wp-content\/uploads\/2014\/08\/word.png\" alt=\"word\" width=\"40\" height=\"40\" \/><a href=\"https:\/\/matulji.hr\/pocetna\/wp-content\/uploads\/2014\/08\/ZAHTJEV-ZA-PONOVNU-UPORABU-INFORMACIJA.docx\">ZAHTJEV ZA PONOVNU UPORABU INFORMACIJA<\/a><\/p>\n<p>&nbsp;<\/p>\n<p><img loading=\"lazy\" decoding=\"async\" class=\"alignleft size-full wp-image-195\" src=\"http:\/\/matulji.hr\/pocetna\/wp-content\/uploads\/2014\/08\/word.png\" alt=\"word\" width=\"40\" height=\"40\" \/><\/p>\n<p><a href=\"https:\/\/matulji.hr\/pocetna\/wp-content\/uploads\/2014\/08\/zahtjev_ostvarivanje_prava_na_pristup_informacijama.doc\"> Obrazac za zahtjev<\/a><\/p>\n<p>&nbsp;<\/p>\n<p><img loading=\"lazy\" decoding=\"async\" class=\"alignleft size-full wp-image-195\" src=\"http:\/\/matulji.hr\/pocetna\/wp-content\/uploads\/2014\/08\/word.png\" alt=\"word\" width=\"40\" height=\"40\" \/><\/p>\n<p><a href=\"https:\/\/matulji.hr\/pocetna\/wp-content\/uploads\/2021\/02\/Godisnje_izvjesce-2020.pdf\">Godi\u0161nje izvje\u0161\u0107e 2020<\/a><\/p>\n<p>&nbsp;<\/p>\n<p><a href=\"https:\/\/matulji.hr\/pocetna\/wp-content\/uploads\/2014\/08\/zip.png\"><img loading=\"lazy\" decoding=\"async\" class=\"alignleft size-full wp-image-273\" src=\"http:\/\/matulji.hr\/pocetna\/wp-content\/uploads\/2014\/08\/zip.png\" alt=\"\" width=\"36\" height=\"39\" \/><\/a><a href=\"https:\/\/matulji.hr\/pocetna\/wp-content\/uploads\/2021\/02\/Godisnje-izvjesce.zip\">Godi\u0161nje izvje\u0161\u0107e o provedbi ZPPI 2020.<\/a><\/p>\n<p>&nbsp;<\/p>\n<p><img loading=\"lazy\" decoding=\"async\" class=\"alignleft size-full wp-image-195\" src=\"http:\/\/matulji.hr\/pocetna\/wp-content\/uploads\/2014\/08\/word.png\" alt=\"word\" width=\"40\" height=\"40\" \/><\/p>\n<p><a href=\"https:\/\/matulji.hr\/pocetna\/wp-content\/uploads\/2020\/01\/God_izvjesce-o-provedbi-ZPPI-za-2019.-godinu.pdf\">Godi\u0161nje izvje\u0161\u0107e o provedbi ZPPI 2019.<\/a><\/p>\n<p>&nbsp;<\/p>\n<p><img loading=\"lazy\" decoding=\"async\" class=\"alignleft size-full wp-image-195\" src=\"http:\/\/matulji.hr\/pocetna\/wp-content\/uploads\/2014\/08\/word.png\" alt=\"word\" width=\"40\" height=\"40\" \/><\/p>\n<p><a href=\"https:\/\/matulji.hr\/pocetna\/wp-content\/uploads\/2019\/02\/Godisnje_izvjesce-o-provedbi-ZPPI-2018.pdf\">Godi\u0161nje izvje\u0161\u0107e o provedbi ZPPI 2018.<\/a><\/p>\n<p>&nbsp;<\/p>\n<p><img loading=\"lazy\" decoding=\"async\" class=\"alignleft size-full wp-image-195\" src=\"http:\/\/matulji.hr\/pocetna\/wp-content\/uploads\/2014\/08\/word.png\" alt=\"word\" width=\"40\" height=\"40\" \/><\/p>\n<p><a href=\"https:\/\/matulji.hr\/pocetna\/wp-content\/uploads\/2018\/02\/Godisnje_izvjesce-o-provedbi-ZPPI-2017.pdf\">Godi\u0161nje izvje\u0161\u0107e o provedbi ZPPI 2017.<\/a><\/p>\n<p>&nbsp;<\/p>\n<p><a href=\"https:\/\/matulji.hr\/pocetna\/wp-content\/uploads\/2014\/08\/pdf.png\"><img loading=\"lazy\" decoding=\"async\" class=\"alignleft size-full wp-image-107\" src=\"http:\/\/matulji.hr\/pocetna\/wp-content\/uploads\/2014\/08\/pdf.png\" alt=\"pdf\" width=\"40\" height=\"39\" \/><\/a><a href=\"https:\/\/matulji.hr\/pocetna\/wp-content\/uploads\/2014\/08\/Godisnje_izvjesce_sluz_infor.pdf\">Godi\u0161nje izvje\u0161\u0107e slu\u017ebenika za informiranje 2016.<\/a><\/p>\n<p>&nbsp;<\/p>\n<p><img loading=\"lazy\" decoding=\"async\" class=\"alignleft size-full wp-image-195\" src=\"http:\/\/matulji.hr\/pocetna\/wp-content\/uploads\/2014\/08\/word.png\" alt=\"word\" width=\"40\" height=\"40\" \/><\/p>\n<p><a href=\"https:\/\/matulji.hr\/pocetna\/wp-content\/uploads\/2020\/11\/Odluka-o-imenovanju-osobe-za-nepravilnosti.pdf\"><strong>Osoba za nepravilnosti &#8211; link\u00a0<\/strong><\/a><br \/>\nDiana Grbac Lazar<\/p>\n<p>&nbsp;<\/p>\n<p><a href=\"https:\/\/matulji.hr\/pocetna\/wp-content\/uploads\/2014\/08\/pdf.png\"><img loading=\"lazy\" decoding=\"async\" class=\"alignleft size-full wp-image-107\" src=\"http:\/\/matulji.hr\/pocetna\/wp-content\/uploads\/2014\/08\/pdf.png\" alt=\"pdf\" width=\"40\" height=\"39\" \/><\/a><a href=\"https:\/\/matulji.hr\/pocetna\/wp-content\/uploads\/2022\/01\/Godisnje-izvjesce-za-2022.pdf\">Godi\u0161nje izvje\u0161\u0107e za 2022<\/a><\/p>\n","protected":false},"excerpt":{"rendered":"<p>&nbsp; PRAVO NA PRISTUP INFORMACIJAMA I PONOVNU UPORABU INFORMACIJA &nbsp; ZAHTJEV ZA DOPUNU ILI ISPRAVAK INFORMACIJE &nbsp; ZAHTJEV ZA PONOVNU UPORABU INFORMACIJA &nbsp; Obrazac za zahtjev &nbsp; Godi\u0161nje izvje\u0161\u0107e 2020 &nbsp; Godi\u0161nje izvje\u0161\u0107e o provedbi ZPPI 2020. &nbsp; Godi\u0161nje izvje\u0161\u0107e o provedbi ZPPI 2019. &nbsp; Godi\u0161nje izvje\u0161\u0107e o provedbi ZPPI 2018. &nbsp; Godi\u0161nje izvje\u0161\u0107e o provedbi ZPPI 2017. &nbsp; Godi\u0161nje izvje\u0161\u0107e slu\u017ebenika za informiranje 2016. &nbsp; Osoba za nepravilnosti &#8211; link\u00a0 Diana Grbac Lazar &nbsp; Godi\u0161nje izvje\u0161\u0107e za 2022<\/p>\n","protected":false},"author":2,"featured_media":0,"parent":0,"menu_order":0,"comment_status":"closed","ping_status":"closed","template":"","meta":{"footnotes":""},"class_list":["post-6748","page","type-page","status-publish","hentry"],"_links":{"self":[{"href":"https:\/\/matulji.hr\/portal\/wp-json\/wp\/v2\/pages\/6748","targetHints":{"allow":["GET"]}}],"collection":[{"href":"https:\/\/matulji.hr\/portal\/wp-json\/wp\/v2\/pages"}],"about":[{"href":"https:\/\/matulji.hr\/portal\/wp-json\/wp\/v2\/types\/page"}],"author":[{"embeddable":true,"href":"https:\/\/matulji.hr\/portal\/wp-json\/wp\/v2\/users\/2"}],"replies":[{"embeddable":true,"href":"https:\/\/matulji.hr\/portal\/wp-json\/wp\/v2\/comments?post=6748"}],"version-history":[{"count":0,"href":"https:\/\/matulji.hr\/portal\/wp-json\/wp\/v2\/pages\/6748\/revisions"}],"wp:attachment":[{"href":"https:\/\/matulji.hr\/portal\/wp-json\/wp\/v2\/media?parent=6748"}],"curies":[{"name":"wp","href":"https:\/\/api.w.org\/{rel}","templated":true}]}}