{"id":6238,"date":"2020-09-04T02:52:35","date_gmt":"2020-09-04T00:52:35","guid":{"rendered":"http:\/\/matulji.hr\/pocetna\/?page_id=6238"},"modified":"2026-02-12T10:02:44","modified_gmt":"2026-02-12T09:02:44","slug":"obveze-placanja-poreza-i-drugih-javnih-davanja","status":"publish","type":"page","link":"https:\/\/matulji.hr\/portal\/obveze-placanja-poreza-i-drugih-javnih-davanja\/","title":{"rendered":"Obveze pla\u0107anja poreza i drugih javnih davanja"},"content":{"rendered":"<p><strong>KOMUNALNA NAKNADA I NAKNADA ZA URE\u0110ENJE VODA<\/strong><\/p>\n<p><a href=\"https:\/\/matulji.hr\/pocetna\/obavijest-o-obvezi-placanja-komunalne-naknade-i-naknade-za-uredenje-voda\/\">Obavijest o obvezi pla\u0107anja komunalne naknade i naknade za ure\u0111enje voda\u00a0<\/a><\/p>\n<p><a href=\"https:\/\/matulji.hr\/pocetna\/wp-content\/uploads\/2020\/09\/prijava-obveze-komunalne-naknade-za-stambeni-prostor.docx\">Prijava obveze komunalne-naknade za stambeni prostor<\/a><\/p>\n<p><a href=\"https:\/\/matulji.hr\/pocetna\/wp-content\/uploads\/2021\/09\/prijava-obveze-komunalne-naknade-za-poslovni-prostor.docx\">Prijava obveze komunalne-naknade za poslovni prostor<\/a><\/p>\n<p><a href=\"https:\/\/matulji.hr\/pocetna\/wp-content\/uploads\/2020\/11\/odjava-obveze-komunalne-naknade-za-poslovni-prostor-stambeni-prostor.docx\">Odjava obveze pla\u0107anja komunalne naknade \u2013 podaci o nekretnini<\/a><\/p>\n<p><a href=\"https:\/\/matulji.hr\/portal\/wp-content\/uploads\/2023\/01\/Suglasnost-za-primanje-uplatnica-putem-elektronicke-poste1.pdf\">Suglasnost za primanje uplatnica putem elektroni\u010dke po\u0161te<\/a><\/p>\n<p><strong>POREZ NA KU\u0106E ZA ODMOR<\/strong><\/p>\n<p><a href=\"https:\/\/matulji.hr\/portal\/wp-content\/uploads\/2024\/01\/Obavijest-o-prijavi-podataka-za-utvrdivanje-poreza-na-kucu-za-odmor-1.pdf\">Obavijest o prijavi podataka za utvr\u0111ivanje poreza na ku\u0107u za odmor<\/a><\/p>\n<p><a href=\"https:\/\/matulji.hr\/pocetna\/wp-content\/uploads\/2021\/06\/obrazac-prijava-obveze-porez-na-kucu-za-odmor.pdf\">Prijava podataka \u2013 porez na ku\u0107e za odmor<\/a><\/p>\n<p><strong>OSTALO<\/strong><\/p>\n<p><a href=\"https:\/\/matulji.hr\/portal\/wp-content\/uploads\/2024\/04\/Zahtjev-za-izdavanje-potvrde-o-nepostojanju-duga-novo.pdf\">Zahtjev za izdavanje potvrde o nepostojanju duga<\/a><\/p>\n<p><a href=\"https:\/\/matulji.hr\/portal\/wp-content\/uploads\/2026\/02\/Zahtjev-za-odgodu-ili-obrocno-placanje-nastalog-dugovanja.docx\">Zahtjev za odgodu ili obro\u010dno pla\u0107anje nastalog dugovanja<\/a><\/p>\n","protected":false},"excerpt":{"rendered":"<p>KOMUNALNA NAKNADA I NAKNADA ZA URE\u0110ENJE VODA Obavijest o obvezi pla\u0107anja komunalne naknade i naknade za ure\u0111enje voda\u00a0 Prijava obveze komunalne-naknade za stambeni prostor Prijava obveze komunalne-naknade za poslovni prostor Odjava obveze pla\u0107anja komunalne naknade \u2013 podaci o nekretnini Suglasnost za primanje uplatnica putem elektroni\u010dke po\u0161te POREZ NA KU\u0106E ZA ODMOR Obavijest o prijavi podataka za utvr\u0111ivanje poreza na ku\u0107u za odmor Prijava podataka \u2013 porez na ku\u0107e za odmor OSTALO Zahtjev za izdavanje potvrde o nepostojanju duga Zahtjev za odgodu ili obro\u010dno pla\u0107anje nastalog dugovanja<\/p>\n","protected":false},"author":2,"featured_media":0,"parent":0,"menu_order":0,"comment_status":"closed","ping_status":"closed","template":"","meta":{"footnotes":""},"class_list":["post-6238","page","type-page","status-publish","hentry"],"_links":{"self":[{"href":"https:\/\/matulji.hr\/portal\/wp-json\/wp\/v2\/pages\/6238","targetHints":{"allow":["GET"]}}],"collection":[{"href":"https:\/\/matulji.hr\/portal\/wp-json\/wp\/v2\/pages"}],"about":[{"href":"https:\/\/matulji.hr\/portal\/wp-json\/wp\/v2\/types\/page"}],"author":[{"embeddable":true,"href":"https:\/\/matulji.hr\/portal\/wp-json\/wp\/v2\/users\/2"}],"replies":[{"embeddable":true,"href":"https:\/\/matulji.hr\/portal\/wp-json\/wp\/v2\/comments?post=6238"}],"version-history":[{"count":5,"href":"https:\/\/matulji.hr\/portal\/wp-json\/wp\/v2\/pages\/6238\/revisions"}],"predecessor-version":[{"id":12824,"href":"https:\/\/matulji.hr\/portal\/wp-json\/wp\/v2\/pages\/6238\/revisions\/12824"}],"wp:attachment":[{"href":"https:\/\/matulji.hr\/portal\/wp-json\/wp\/v2\/media?parent=6238"}],"curies":[{"name":"wp","href":"https:\/\/api.w.org\/{rel}","templated":true}]}}