{"id":6200,"date":"2020-08-31T02:32:38","date_gmt":"2020-08-31T00:32:38","guid":{"rendered":"http:\/\/matulji.hr\/pocetna\/?page_id=6200"},"modified":"2026-02-18T12:15:56","modified_gmt":"2026-02-18T11:15:56","slug":"obrasci-obrazovanje","status":"publish","type":"page","link":"https:\/\/matulji.hr\/portal\/obrasci-obrazovanje\/","title":{"rendered":"Obrasci obrazovanje"},"content":{"rendered":"\n<p><a rel=\"noreferrer noopener\" class=\"button\" href=\"https:\/\/matulji.hr\/portal\/wp-content\/uploads\/2025\/11\/Obrazac-zahtjeva_produzeni-cjelodnevni-boravak.docx\">Zahtjev za sufinanciranje programa produ\u017eenog boravka\/cjelodnevne nastave u O\u0160 izvan op\u0107ine Matulji<\/a><\/p>\n\n\n\n<p><a rel=\"noreferrer noopener\" class=\"button\" href=\"https:\/\/docs.google.com\/forms\/d\/19e33gnrwTTFQT3lDA9OVcIUfhfT6Q1h9XN45r01Nrdc\/edit\">Zahtjev za sufinanciranje tro\u0161kova prijevoza u\u010denika srednjih \u0161kola koji poha\u0111aju srednju \u0161kolu izvan podru\u010dja PG\u017d-a za \u0161k.god. 2025.\/2026.<\/a><\/p>\n\n\n\n<p><a rel=\"noreferrer noopener\" class=\"button\" href=\"https:\/\/docs.google.com\/forms\/d\/1AfTWAoJEvFsgG0DRomOR_bIb67oGk0Q5efCPdr47h58\/edit\">Zahtjev za sufinanciranje tro\u0161kova prijevoza redovnih studenata koji studiraju na visoko\u0161kolskoj ustanovi izvan podru\u010dja PG\u017d-a za akademsku godinu 2025.\/2026.<\/a><\/p>\n\n\n\n<p><a rel=\"noreferrer noopener\" class=\"button\" href=\"noreferrer noopener\" class=\"button\" href=\"https:\/\/som-natjecaj.eu\/authentication\/login\">Pripreme za dr\u017eavnu maturu<\/a><\/p>\n\n\n\n<p><a rel=\"noreferrer noopener\" class=\"button\" href=\"https:\/\/docs.google.com\/forms\/d\/1tEEnxaJsT33dcfahiMxTfHxJhXB4IoUiu1OpN7j6drY\/edit\">POMO\u0106 U U\u010cENJU \u2013 SOS U\u010cENJE<\/a><\/p>\n\n\n\n<p><a rel=\"noreferrer noopener\" class=\"button\" href=\"https:\/\/matulji.hr\/portal\/pripreme-za-drzavnu-maturu-4\/\">PRIPREME ZA DR\u017dAVNU MATURU<\/a><\/p>\n","protected":false},"excerpt":{"rendered":"<p>Zahtjev za sufinanciranje programa produ\u017eenog boravka\/cjelodnevne nastave u O\u0160 izvan op\u0107ine Matulji Zahtjev za sufinanciranje tro\u0161kova prijevoza u\u010denika srednjih \u0161kola koji poha\u0111aju srednju \u0161kolu izvan podru\u010dja PG\u017d-a za \u0161k.god. 2025.\/2026. Zahtjev za sufinanciranje tro\u0161kova prijevoza redovnih studenata koji studiraju na visoko\u0161kolskoj ustanovi izvan podru\u010dja PG\u017d-a za akademsku godinu 2025.\/2026. Pripreme za dr\u017eavnu maturu POMO\u0106 U U\u010cENJU \u2013 SOS U\u010cENJE PRIPREME ZA DR\u017dAVNU MATURU<\/p>\n","protected":false},"author":2,"featured_media":0,"parent":0,"menu_order":0,"comment_status":"closed","ping_status":"closed","template":"","meta":{"footnotes":""},"class_list":["post-6200","page","type-page","status-publish","hentry"],"_links":{"self":[{"href":"https:\/\/matulji.hr\/portal\/wp-json\/wp\/v2\/pages\/6200","targetHints":{"allow":["GET"]}}],"collection":[{"href":"https:\/\/matulji.hr\/portal\/wp-json\/wp\/v2\/pages"}],"about":[{"href":"https:\/\/matulji.hr\/portal\/wp-json\/wp\/v2\/types\/page"}],"author":[{"embeddable":true,"href":"https:\/\/matulji.hr\/portal\/wp-json\/wp\/v2\/users\/2"}],"replies":[{"embeddable":true,"href":"https:\/\/matulji.hr\/portal\/wp-json\/wp\/v2\/comments?post=6200"}],"version-history":[{"count":48,"href":"https:\/\/matulji.hr\/portal\/wp-json\/wp\/v2\/pages\/6200\/revisions"}],"predecessor-version":[{"id":12848,"href":"https:\/\/matulji.hr\/portal\/wp-json\/wp\/v2\/pages\/6200\/revisions\/12848"}],"wp:attachment":[{"href":"https:\/\/matulji.hr\/portal\/wp-json\/wp\/v2\/media?parent=6200"}],"curies":[{"name":"wp","href":"https:\/\/api.w.org\/{rel}","templated":true}]}}