{"id":346,"date":"2014-08-18T18:11:06","date_gmt":"2014-08-18T18:11:06","guid":{"rendered":"http:\/\/matulji.hr\/pocetna\/?page_id=346"},"modified":"2025-03-17T21:04:51","modified_gmt":"2025-03-17T20:04:51","slug":"poljoprivreda","status":"publish","type":"page","link":"https:\/\/matulji.hr\/portal\/poljoprivreda\/","title":{"rendered":"Poljoprivreda"},"content":{"rendered":"<p class=\"western\"><a href=\"https:\/\/matulji.hr\/portal\/javni-poziv-za-podnosenje-zahtjeva-za-dodjelu-potpora-poljoprivredi-na-podrucju-opcine-matulji-za-2025-godinu\/\"><b>PROGRAM POTPORA POLJOPRIVREDI NA PODRU\u010cJU<br \/>\n<\/b><b>OP\u0106INE MATULJI ZA 2025. GODINU<\/b><\/a><\/p>\n<p>&nbsp;<\/p>\n<p class=\"western\"><b><a href=\"https:\/\/matulji.hr\/pocetna\/wp-content\/uploads\/2014\/08\/jarbola_zvoneca.jpg\"><img loading=\"lazy\" decoding=\"async\" class=\"alignright size-medium wp-image-348\" src=\"http:\/\/matulji.hr\/pocetna\/wp-content\/uploads\/2014\/08\/jarbola_zvoneca-280x300.jpg\" alt=\"jarbola_zvoneca\" width=\"280\" height=\"300\" \/><\/a><\/b><\/p>\n<p>&nbsp;<\/p>\n<p>&nbsp;<\/p>\n<p>&nbsp;<\/p>\n<p>&nbsp;<\/p>\n<p>&nbsp;<\/p>\n<p>&nbsp;<\/p>\n<p>&nbsp;<\/p>\n<p>&nbsp;<\/p>\n<hr \/>\n<p><b>Organizacije koje sudjeluju u razvoju poljoprivrede na podru\u010dju Op\u0107ine Matulji<\/b><b>\u00a0<\/b><\/p>\n<p><a href=\"https:\/\/matulji.hr\/pocetna\/wp-content\/uploads\/2014\/08\/brgujski_kapuz.jpg\"><img loading=\"lazy\" decoding=\"async\" class=\"size-full wp-image-349 alignright\" src=\"http:\/\/matulji.hr\/pocetna\/wp-content\/uploads\/2014\/08\/brgujski_kapuz.jpg\" alt=\"brgujski_kapuz\" width=\"200\" height=\"349\" \/><\/a><strong>SAVJETODAVNA SLU\u017dBA<\/strong><br \/>\nPodru\u017enica Primorsko-goranske \u017eupanije<br \/>\nUred \u010cavle<br \/>\nTrg hrvatskih branitelja 1<br \/>\n51 219 \u010cavle<\/p>\n<p><strong>Kontakt: Karmen Karli\u0107, dipl.in\u017e.agr.<\/strong><br \/>\nvi\u0161a stru\u010dna savjetnica<br \/>\nTel\/fax 051\/274-569<br \/>\nmob: 091\/4882-790<br \/>\ne-mail: karmen.karlic@savjetodavna.hr<br \/>\nweb: <a href=\"http:\/\/www.savjetodavna.hr\">www.savjetodavna.hr<\/a><\/p>\n<p>&nbsp;<\/p>\n<p>&nbsp;<\/p>\n<p>&nbsp;<\/p>\n<p>&nbsp;<\/p>\n<p>&nbsp;<\/p>\n<hr \/>\n<p><strong>CENTAR ZA POLJOPRIVREDU I RURALNI RAZVOJ PRIMORSKO-GORANSKE \u017dUPANIJE<\/strong><\/p>\n<p>Karolinska cesta 87<br \/>\n51314 Ravna Gora, Stara Su\u0161ica<br \/>\nKontakt: Dalibor \u0160o\u0161tari\u0107, dipl.ing.<br \/>\nRavnatelj<\/p>\n<p>Tel\/Fax: 051\/791-066<br \/>\nMob: 098\/1721-256<br \/>\nE-mail:\u00a0cprr@hi.ht.hr<br \/>\nweb: <a href=\"http:\/\/www.cprr.hr\">www.cprr.hr<\/a><\/p>\n<p>&nbsp;<\/p>\n<p><a href=\"https:\/\/matulji.hr\/pocetna\/wp-content\/uploads\/2014\/08\/brgujski_kapuz_leha.jpg\"><img loading=\"lazy\" decoding=\"async\" class=\"aligncenter size-full wp-image-347\" src=\"http:\/\/matulji.hr\/pocetna\/wp-content\/uploads\/2014\/08\/brgujski_kapuz_leha.jpg\" alt=\"brgujski_kapuz_leha\" width=\"800\" height=\"482\" \/><\/a><\/p>\n<p>&nbsp;<\/p>\n","protected":false},"excerpt":{"rendered":"<p>PROGRAM POTPORA POLJOPRIVREDI NA PODRU\u010cJU OP\u0106INE MATULJI ZA 2025. GODINU &nbsp; &nbsp; &nbsp; &nbsp; &nbsp; &nbsp; &nbsp; &nbsp; &nbsp; Organizacije koje sudjeluju u razvoju poljoprivrede na podru\u010dju Op\u0107ine Matulji\u00a0 SAVJETODAVNA SLU\u017dBA Podru\u017enica Primorsko-goranske \u017eupanije Ured \u010cavle Trg hrvatskih branitelja 1 51 219 \u010cavle Kontakt: Karmen Karli\u0107, dipl.in\u017e.agr. vi\u0161a stru\u010dna savjetnica Tel\/fax 051\/274-569 mob: 091\/4882-790 e-mail: karmen.karlic@savjetodavna.hr web: www.savjetodavna.hr &nbsp; &nbsp; &nbsp; &nbsp; &nbsp; CENTAR ZA POLJOPRIVREDU I RURALNI RAZVOJ PRIMORSKO-GORANSKE \u017dUPANIJE Karolinska cesta 87 51314 Ravna Gora, Stara Su\u0161ica Kontakt: Dalibor \u0160o\u0161tari\u0107, dipl.ing. Ravnatelj Tel\/Fax: 051\/791-066 Mob: 098\/1721-256 E-mail:\u00a0cprr@hi.ht.hr web:&#8230; <\/p>\n","protected":false},"author":2,"featured_media":0,"parent":0,"menu_order":0,"comment_status":"closed","ping_status":"closed","template":"","meta":{"footnotes":""},"class_list":["post-346","page","type-page","status-publish","hentry"],"_links":{"self":[{"href":"https:\/\/matulji.hr\/portal\/wp-json\/wp\/v2\/pages\/346","targetHints":{"allow":["GET"]}}],"collection":[{"href":"https:\/\/matulji.hr\/portal\/wp-json\/wp\/v2\/pages"}],"about":[{"href":"https:\/\/matulji.hr\/portal\/wp-json\/wp\/v2\/types\/page"}],"author":[{"embeddable":true,"href":"https:\/\/matulji.hr\/portal\/wp-json\/wp\/v2\/users\/2"}],"replies":[{"embeddable":true,"href":"https:\/\/matulji.hr\/portal\/wp-json\/wp\/v2\/comments?post=346"}],"version-history":[{"count":3,"href":"https:\/\/matulji.hr\/portal\/wp-json\/wp\/v2\/pages\/346\/revisions"}],"predecessor-version":[{"id":11647,"href":"https:\/\/matulji.hr\/portal\/wp-json\/wp\/v2\/pages\/346\/revisions\/11647"}],"wp:attachment":[{"href":"https:\/\/matulji.hr\/portal\/wp-json\/wp\/v2\/media?parent=346"}],"curies":[{"name":"wp","href":"https:\/\/api.w.org\/{rel}","templated":true}]}}