{"id":325,"date":"2014-08-18T13:10:26","date_gmt":"2014-08-18T13:10:26","guid":{"rendered":"http:\/\/matulji.hr\/pocetna\/?page_id=325"},"modified":"2026-04-14T08:23:23","modified_gmt":"2026-04-14T06:23:23","slug":"obavijesti","status":"publish","type":"page","link":"https:\/\/matulji.hr\/portal\/obavijesti\/","title":{"rendered":"Obavijesti"},"content":{"rendered":"<p><a class=\"button\" href=\"https:\/\/matulji.hr\/pocetna\/obavijest-o-mogucnosti-ostvarivanja-prava-na-oslobodenje-od-placanja-komunalne-naknade-i-umanjenje-zakupnine-za-vrijeme-nemogucnosti-obavljanja-djelatnosti-2\/\">OBAVIJEST O MOGU\u0106NOSTI OSTVARIVANJA PRAVA NA OSLOBO\u0110ENJE OD PLA\u0106ANJA KOMUNALNE NAKNADE I UMANJENJE ZAKUPNINE ZA VRIJEME NEMOGU\u0106NOSTI OBAVLJANJA DJELATNOSTI<\/a><\/p>\n<p><a class=\"button\" href=\"https:\/\/matulji.hr\/pocetna\/wp-content\/uploads\/2020\/09\/PREPORUKE-POSLODAVCIMA-COVID-19.doc\">OBAVIJEST PODUZETNICIMA \u2013 POSLODAVCIMA O PODUZIMANJU PREVENTIVNIH I PROTUEPIDEMIJSKIH MJERA PROTIV COVID 19<\/a><\/p>\n<p><a class=\"button\" href=\"https:\/\/matulji.hr\/pocetna\/wp-content\/uploads\/2021\/01\/Obavijest-oslobodenje-komunalna-naknada-prosinac-2020.-godine.docx\">&#8211; OBAVIJEST O NA\u010cINU OSTVARIVANJA PRAVA NA OSLOBO\u0110ENJE OD PLA\u0106ANJA KOMUNALNE NAKNADE TE PRODU\u017dENJU ROKOVA PLA\u0106ANJA KOMUNALNE NAKNADE ZBOG NASTUPA POSEBNIH OKOLNOSTI UZROKOVANIH BOLE\u0160\u0106U COVID 19<\/a><\/p>\n<p><a class=\"button\" href=\"https:\/\/matulji.hr\/pocetna\/wp-content\/uploads\/2021\/01\/odluka-o-izmjeni-odluke-o-oslobodenju-od-placanja-komunalne-naknade.docx\">&#8211; ODLUKA O IZMJENI ODLUKE O UVJETIMA I NA\u010cINU OSTVARIVANJA PRAVA NA OSLOBO\u0110ENJE OD PLA\u0106ANJA KOMUNALNE NAKNADE ZBOG NASTUPA POSEBNIH OKOLNOSTI UZROKOVANIH BOLE\u0160\u0106U COVID 19\u00a0 TE PRODU\u017dENJU ROKOVA PLA\u0106ANJA KOMUNALNE NAKNADE U 2020. GODINI<\/a><\/p>\n<p><a class=\"button\" href=\"https:\/\/matulji.hr\/pocetna\/obavijest-o-nacinu-ostvarivanja-prava-na-umanjenje-zakupnine-te-produzenju-rokova-placanja-zakupnine-zbog-nastupa-posebnih-okolnosti-uzrokovanih-bolescu-covid-19\/\"><strong>&#8211; OBAVIJEST <\/strong><strong>O NA\u010cINU OSTVARIVANJA PRAVA NA UMANJENJE ZAKUPNINE TE PRODU\u017dENJU ROKOVA PLA\u0106ANJA<\/strong> ZAKUPNINE<strong> ZBOG NASTUPA POSEBNIH OKOLNOSTI UZROKOVANIH BOLE\u0160\u0106U COVID 19<\/strong><\/a><\/p>\n<p><a class=\"button\" href=\"https:\/\/matulji.hr\/pocetna\/wp-content\/uploads\/2021\/01\/OBRAZAC-oslobodenju-od-placanja-komunalne-naknade.docx\">&#8211; ZAHTJEV ZA OSLOBO\u0110ENJE OD PLA\u0106ANJA KOMUNALNE NAKNADE RADI NEMOGU\u0106NOSTI OBAVLJANJA DJELATNOSTI<\/a><\/p>\n<p><a class=\"button\" href=\"https:\/\/matulji.hr\/pocetna\/obavijest-vinogradarima-poduzimanje-mjera-za-sprjecavanje-sirenja-i-suzbijanje-zlatne-zutice-vinove-loze\/\">OBAVIJEST VINOGRADARIMA \u2013 PODUZIMANJE MJERA ZA SPRJE\u010cAVANJE \u0160IRENJA I SUZBIJANJE ZLATNE \u017dUTICE VINOVE LOZE<\/a><\/p>\n<p><a class=\"button\" href=\"https:\/\/matulji.hr\/pocetna\/360-milijuna-kuna-za-ublazavanje-posljedica-pandemije-u-poljoprivredi\/\">60 MILIJUNA KUNA ZA UBLA\u017dAVANJE POSLJEDICA PANDEMIJE U POLJOPRIVREDI<\/a><\/p>\n<p><a class=\"button\" href=\"https:\/\/matulji.hr\/pocetna\/wp-content\/uploads\/2021\/01\/PP-Torpedo-newsletter-br.2.pdf\">PP Torpedo &#8211; newsletter br.2<\/a><\/p>\n<p><a class=\"button\" href=\"https:\/\/matulji.hr\/pocetna\/wp-content\/uploads\/2021\/01\/PP-Torpedo-katalog-usluga.pdf\">PP Torpedo &#8211; katalog usluga<\/a><\/p>\n<p><a class=\"button\" href=\"https:\/\/matulji.hr\/pocetna\/javni-poziv-iskaz-interesa-za-zemljiste-unutar-rz-miklavija\/\">JAVNI POZIV &#8211; ISKAZ INTERESA ZA ZEMLJI\u0160TE UNUTAR RZ MIKLAVIJA<\/a><\/p>\n<p><a class=\"button\" href=\"https:\/\/matulji.hr\/portal\/javni-poziv-poduzetnicima-za-dodjelu-potpora-za-poticanje-razvoja-malog-gospodarstva-opcine-matulji-za-2026-godinu\/\">JAVNI POZIV PODUZETNICIMA ZA DODJELU POTPORA ZA POTICANJE RAZVOJA MALOG GOSPODARSTVA OP\u0106INE MATULJI ZA 2026. GODINU<\/a><\/p>\n<p>&nbsp;<\/p>\n","protected":false},"excerpt":{"rendered":"<p>OBAVIJEST O MOGU\u0106NOSTI OSTVARIVANJA PRAVA NA OSLOBO\u0110ENJE OD PLA\u0106ANJA KOMUNALNE NAKNADE I UMANJENJE ZAKUPNINE ZA VRIJEME NEMOGU\u0106NOSTI OBAVLJANJA DJELATNOSTI OBAVIJEST PODUZETNICIMA \u2013 POSLODAVCIMA O PODUZIMANJU PREVENTIVNIH I PROTUEPIDEMIJSKIH MJERA PROTIV COVID 19 &#8211; OBAVIJEST O NA\u010cINU OSTVARIVANJA PRAVA NA OSLOBO\u0110ENJE OD PLA\u0106ANJA KOMUNALNE NAKNADE TE PRODU\u017dENJU ROKOVA PLA\u0106ANJA KOMUNALNE NAKNADE ZBOG NASTUPA POSEBNIH OKOLNOSTI UZROKOVANIH BOLE\u0160\u0106U COVID 19 &#8211; ODLUKA O IZMJENI ODLUKE O UVJETIMA I NA\u010cINU OSTVARIVANJA PRAVA NA OSLOBO\u0110ENJE OD PLA\u0106ANJA KOMUNALNE NAKNADE ZBOG NASTUPA POSEBNIH OKOLNOSTI UZROKOVANIH BOLE\u0160\u0106U COVID 19\u00a0 TE PRODU\u017dENJU ROKOVA PLA\u0106ANJA KOMUNALNE NAKNADE U&#8230; <\/p>\n","protected":false},"author":2,"featured_media":0,"parent":0,"menu_order":0,"comment_status":"closed","ping_status":"closed","template":"","meta":{"footnotes":""},"class_list":["post-325","page","type-page","status-publish","hentry"],"_links":{"self":[{"href":"https:\/\/matulji.hr\/portal\/wp-json\/wp\/v2\/pages\/325","targetHints":{"allow":["GET"]}}],"collection":[{"href":"https:\/\/matulji.hr\/portal\/wp-json\/wp\/v2\/pages"}],"about":[{"href":"https:\/\/matulji.hr\/portal\/wp-json\/wp\/v2\/types\/page"}],"author":[{"embeddable":true,"href":"https:\/\/matulji.hr\/portal\/wp-json\/wp\/v2\/users\/2"}],"replies":[{"embeddable":true,"href":"https:\/\/matulji.hr\/portal\/wp-json\/wp\/v2\/comments?post=325"}],"version-history":[{"count":5,"href":"https:\/\/matulji.hr\/portal\/wp-json\/wp\/v2\/pages\/325\/revisions"}],"predecessor-version":[{"id":13033,"href":"https:\/\/matulji.hr\/portal\/wp-json\/wp\/v2\/pages\/325\/revisions\/13033"}],"wp:attachment":[{"href":"https:\/\/matulji.hr\/portal\/wp-json\/wp\/v2\/media?parent=325"}],"curies":[{"name":"wp","href":"https:\/\/api.w.org\/{rel}","templated":true}]}}