{"id":306,"date":"2014-08-18T12:55:17","date_gmt":"2014-08-18T12:55:17","guid":{"rendered":"http:\/\/matulji.hr\/pocetna\/?page_id=306"},"modified":"2025-03-20T22:37:24","modified_gmt":"2025-03-20T21:37:24","slug":"vatrogastvo","status":"publish","type":"page","link":"https:\/\/matulji.hr\/portal\/vatrogastvo\/","title":{"rendered":"Vatrogastvo"},"content":{"rendered":"<p><a href=\"https:\/\/matulji.hr\/pocetna\/wp-content\/uploads\/2021\/04\/PLAN-AKTIVNOG-UKLJUCIVANJA-SUBJEKATA-ZASTITE-OD-POZARA-2021..doc\">PLAN AKTIVNOG UKLJU\u010cIVANJA SUBJEKATA ZA\u0160TITE OD PO\u017dARA 2021.<\/a><\/p>\n<p><a href=\"https:\/\/matulji.hr\/pocetna\/wp-content\/uploads\/2021\/04\/Plan-ciscenja-cestovnog-pojasa-od-lakozapaljivih-tvari.xlsx.doc\">Plan \u010di\u0161\u0107enja cestovnog pojasa od lakozapaljivih tvari.xlsx<\/a><\/p>\n<p><a href=\"https:\/\/matulji.hr\/pocetna\/wp-content\/uploads\/2021\/04\/PLAN-MOTRENJA-CUVANJA-I-OPHODNJE.doc\">PLAN MOTRENJA, \u010cUVANJA I OPHODNJE<\/a><\/p>\n<p><a href=\"https:\/\/matulji.hr\/pocetna\/wp-content\/uploads\/2021\/04\/PLAN-PROVEDBE-MJERA-ZASTITE-OD-POZRAA-ZA-2021..doc\">PLAN PROVEDBE MJERA ZA\u0160TITE OD PO\u017dRA ZA 2021.<\/a><\/p>\n<p><a href=\"https:\/\/matulji.hr\/portal\/wp-content\/uploads\/2025\/03\/3.-Izvjesce-o-stanju-ZOP-za-opcinu-Matulji-2024_.docx\">GODI\u0160NJI PLAN RAZVOJA SUSTAVA CIVILNE ZA\u0160TITE MATULJI 2025.<\/a><\/p>\n","protected":false},"excerpt":{"rendered":"<p>PLAN AKTIVNOG UKLJU\u010cIVANJA SUBJEKATA ZA\u0160TITE OD PO\u017dARA 2021. Plan \u010di\u0161\u0107enja cestovnog pojasa od lakozapaljivih tvari.xlsx PLAN MOTRENJA, \u010cUVANJA I OPHODNJE PLAN PROVEDBE MJERA ZA\u0160TITE OD PO\u017dRA ZA 2021. GODI\u0160NJI PLAN RAZVOJA SUSTAVA CIVILNE ZA\u0160TITE MATULJI 2025.<\/p>\n","protected":false},"author":2,"featured_media":0,"parent":0,"menu_order":0,"comment_status":"closed","ping_status":"closed","template":"","meta":{"footnotes":""},"class_list":["post-306","page","type-page","status-publish","hentry"],"_links":{"self":[{"href":"https:\/\/matulji.hr\/portal\/wp-json\/wp\/v2\/pages\/306","targetHints":{"allow":["GET"]}}],"collection":[{"href":"https:\/\/matulji.hr\/portal\/wp-json\/wp\/v2\/pages"}],"about":[{"href":"https:\/\/matulji.hr\/portal\/wp-json\/wp\/v2\/types\/page"}],"author":[{"embeddable":true,"href":"https:\/\/matulji.hr\/portal\/wp-json\/wp\/v2\/users\/2"}],"replies":[{"embeddable":true,"href":"https:\/\/matulji.hr\/portal\/wp-json\/wp\/v2\/comments?post=306"}],"version-history":[{"count":1,"href":"https:\/\/matulji.hr\/portal\/wp-json\/wp\/v2\/pages\/306\/revisions"}],"predecessor-version":[{"id":11676,"href":"https:\/\/matulji.hr\/portal\/wp-json\/wp\/v2\/pages\/306\/revisions\/11676"}],"wp:attachment":[{"href":"https:\/\/matulji.hr\/portal\/wp-json\/wp\/v2\/media?parent=306"}],"curies":[{"name":"wp","href":"https:\/\/api.w.org\/{rel}","templated":true}]}}