{"id":280,"date":"2014-08-18T12:42:59","date_gmt":"2014-08-18T12:42:59","guid":{"rendered":"http:\/\/matulji.hr\/pocetna\/?page_id=280"},"modified":"2022-07-29T15:19:42","modified_gmt":"2022-07-29T15:19:42","slug":"gradnja-objekata","status":"publish","type":"page","link":"https:\/\/matulji.hr\/portal\/gradnja-objekata\/","title":{"rendered":"Gradnja objekata"},"content":{"rendered":"<p><a class=\"button\" href=\"https:\/\/matulji.hr\/pocetna\/wp-content\/uploads\/2021\/04\/Izvjesce-o-izvrsenju-programa-gradenja-kom.infr_.-2020.doc\">Izvje\u0161\u0107e o izvr\u0161enju programa gra\u0111enja kom.infr. 2020<\/a><\/p>\n<p><a class=\"button\" href=\"https:\/\/matulji.hr\/pocetna\/wp-content\/uploads\/2021\/04\/Izmjene-Programa-gradenja-komunalne-infrastrukture-za-2021.-godinu.doc\">Izmjene Programa gra\u0111enja komunalne infrastrukture za 2021. godinu<\/a><\/p>\n","protected":false},"excerpt":{"rendered":"<p>Izvje\u0161\u0107e o izvr\u0161enju programa gra\u0111enja kom.infr. 2020 Izmjene Programa gra\u0111enja komunalne infrastrukture za 2021. godinu<\/p>\n","protected":false},"author":2,"featured_media":0,"parent":0,"menu_order":0,"comment_status":"closed","ping_status":"closed","template":"","meta":{"footnotes":""},"class_list":["post-280","page","type-page","status-publish","hentry"],"_links":{"self":[{"href":"https:\/\/matulji.hr\/portal\/wp-json\/wp\/v2\/pages\/280","targetHints":{"allow":["GET"]}}],"collection":[{"href":"https:\/\/matulji.hr\/portal\/wp-json\/wp\/v2\/pages"}],"about":[{"href":"https:\/\/matulji.hr\/portal\/wp-json\/wp\/v2\/types\/page"}],"author":[{"embeddable":true,"href":"https:\/\/matulji.hr\/portal\/wp-json\/wp\/v2\/users\/2"}],"replies":[{"embeddable":true,"href":"https:\/\/matulji.hr\/portal\/wp-json\/wp\/v2\/comments?post=280"}],"version-history":[{"count":1,"href":"https:\/\/matulji.hr\/portal\/wp-json\/wp\/v2\/pages\/280\/revisions"}],"predecessor-version":[{"id":8944,"href":"https:\/\/matulji.hr\/portal\/wp-json\/wp\/v2\/pages\/280\/revisions\/8944"}],"wp:attachment":[{"href":"https:\/\/matulji.hr\/portal\/wp-json\/wp\/v2\/media?parent=280"}],"curies":[{"name":"wp","href":"https:\/\/api.w.org\/{rel}","templated":true}]}}