{"id":272,"date":"2014-08-18T12:38:36","date_gmt":"2014-08-18T12:38:36","guid":{"rendered":"http:\/\/matulji.hr\/pocetna\/?page_id=272"},"modified":"2022-07-29T15:03:44","modified_gmt":"2022-07-29T15:03:44","slug":"odrzavanje","status":"publish","type":"page","link":"https:\/\/matulji.hr\/portal\/odrzavanje\/","title":{"rendered":"Odr\u017eavanje"},"content":{"rendered":"<p><a class=\"button\" href=\"https:\/\/matulji.hr\/pocetna\/wp-content\/uploads\/2021\/04\/Izmjene-Programa-odrzavanja-komunalne-infrastrukture-za-2021.-godinu.doc\">Izmjene Programa odr\u017eavanja komunalne infrastrukture za 2021. godinu<\/a><\/p>\n<p><a class=\"button\" href=\"https:\/\/matulji.hr\/pocetna\/wp-content\/uploads\/2021\/04\/Izvjesce-o-Izvrsenju-Programa-odrzavanja-komunalne-infr.doc\">Izvje\u0161\u0107e o Izvr\u0161enju Programa odr\u017eavanja komunalne info<\/a><\/p>\n","protected":false},"excerpt":{"rendered":"<p>Izmjene Programa odr\u017eavanja komunalne infrastrukture za 2021. godinu Izvje\u0161\u0107e o Izvr\u0161enju Programa odr\u017eavanja komunalne info<\/p>\n","protected":false},"author":2,"featured_media":0,"parent":0,"menu_order":0,"comment_status":"closed","ping_status":"closed","template":"","meta":{"footnotes":""},"class_list":["post-272","page","type-page","status-publish","hentry"],"_links":{"self":[{"href":"https:\/\/matulji.hr\/portal\/wp-json\/wp\/v2\/pages\/272","targetHints":{"allow":["GET"]}}],"collection":[{"href":"https:\/\/matulji.hr\/portal\/wp-json\/wp\/v2\/pages"}],"about":[{"href":"https:\/\/matulji.hr\/portal\/wp-json\/wp\/v2\/types\/page"}],"author":[{"embeddable":true,"href":"https:\/\/matulji.hr\/portal\/wp-json\/wp\/v2\/users\/2"}],"replies":[{"embeddable":true,"href":"https:\/\/matulji.hr\/portal\/wp-json\/wp\/v2\/comments?post=272"}],"version-history":[{"count":1,"href":"https:\/\/matulji.hr\/portal\/wp-json\/wp\/v2\/pages\/272\/revisions"}],"predecessor-version":[{"id":8931,"href":"https:\/\/matulji.hr\/portal\/wp-json\/wp\/v2\/pages\/272\/revisions\/8931"}],"wp:attachment":[{"href":"https:\/\/matulji.hr\/portal\/wp-json\/wp\/v2\/media?parent=272"}],"curies":[{"name":"wp","href":"https:\/\/api.w.org\/{rel}","templated":true}]}}