{"id":256,"date":"2014-08-17T19:52:58","date_gmt":"2014-08-17T19:52:58","guid":{"rendered":"http:\/\/matulji.hr\/pocetna\/?page_id=256"},"modified":"2022-07-29T15:17:03","modified_gmt":"2022-07-29T15:17:03","slug":"donacije","status":"publish","type":"page","link":"https:\/\/matulji.hr\/portal\/donacije\/","title":{"rendered":"Donacije"},"content":{"rendered":"<p><a class=\"button\" href=\"https:\/\/matulji.hr\/pocetna\/wp-content\/uploads\/2014\/08\/Popis-korisnika-sponzorstva-i-donacija-obj..xls\">Popis korisnika sponzorstva i donacija&nbsp;&nbsp;&nbsp;&nbsp; <\/a><\/p>\n<p><a class=\"button\" href=\"https:\/\/matulji.hr\/pocetna\/wp-content\/uploads\/2020\/08\/Odluka-o-raspodjeli-sredstava-Poljoprivreda-i-za\u0161tita-okoli\u0161a.docx\">Odluka o raspodjeli financijskih sredstava za financiranje javnih potreba u 2020. godini za podru\u010dje poljoprivrede i za\u0161tite okoli\u0161a<\/a><\/p>\n<p><a class=\"button\" href=\"https:\/\/matulji.hr\/pocetna\/wp-content\/uploads\/2020\/08\/Odluka-o-raspodjeli-sredstava-KULTURA-SOCIJALAZDRAVSTVO.docx\">Odluka o raspodjeli financijskih sredstava za financiranje javnih potreba u 2020. godini za podru\u010dje obrazovanja, kulture i socijalne skrbi<\/a><\/p>\n<p><a class=\"button\" href=\"https:\/\/matulji.hr\/pocetna\/wp-content\/uploads\/2021\/02\/javnipozivudruge.zip\">JAVNI NATJE\u010cAJ ZA FINANCIRANJE PROGRAMA\/PROJEKATA\/MANIFESTACIJA KOJE PROVODE UDRUGE I DRUGE ORGANIZACIJE CIVILNOG DRU\u0160TVA, SREDSTVIMA PRORA\u010cUNA OP\u0106INE MATULJI ZA 2021.<\/a><\/p>\n<p>&nbsp;<\/p>\n<p>&nbsp;<\/p>\n<p>&nbsp;<\/p>\n<p>&nbsp;<\/p>\n","protected":false},"excerpt":{"rendered":"<p>Popis korisnika sponzorstva i donacija&nbsp;&nbsp;&nbsp;&nbsp; Odluka o raspodjeli financijskih sredstava za financiranje javnih potreba u 2020. godini za podru\u010dje poljoprivrede i za\u0161tite okoli\u0161a Odluka o raspodjeli financijskih sredstava za financiranje javnih potreba u 2020. godini za podru\u010dje obrazovanja, kulture i socijalne skrbi JAVNI NATJE\u010cAJ ZA FINANCIRANJE PROGRAMA\/PROJEKATA\/MANIFESTACIJA KOJE PROVODE UDRUGE I DRUGE ORGANIZACIJE CIVILNOG DRU\u0160TVA, SREDSTVIMA PRORA\u010cUNA OP\u0106INE MATULJI ZA 2021. &nbsp; &nbsp; &nbsp; &nbsp;<\/p>\n","protected":false},"author":2,"featured_media":0,"parent":0,"menu_order":0,"comment_status":"closed","ping_status":"closed","template":"","meta":{"footnotes":""},"class_list":["post-256","page","type-page","status-publish","hentry"],"_links":{"self":[{"href":"https:\/\/matulji.hr\/portal\/wp-json\/wp\/v2\/pages\/256","targetHints":{"allow":["GET"]}}],"collection":[{"href":"https:\/\/matulji.hr\/portal\/wp-json\/wp\/v2\/pages"}],"about":[{"href":"https:\/\/matulji.hr\/portal\/wp-json\/wp\/v2\/types\/page"}],"author":[{"embeddable":true,"href":"https:\/\/matulji.hr\/portal\/wp-json\/wp\/v2\/users\/2"}],"replies":[{"embeddable":true,"href":"https:\/\/matulji.hr\/portal\/wp-json\/wp\/v2\/comments?post=256"}],"version-history":[{"count":2,"href":"https:\/\/matulji.hr\/portal\/wp-json\/wp\/v2\/pages\/256\/revisions"}],"predecessor-version":[{"id":8939,"href":"https:\/\/matulji.hr\/portal\/wp-json\/wp\/v2\/pages\/256\/revisions\/8939"}],"wp:attachment":[{"href":"https:\/\/matulji.hr\/portal\/wp-json\/wp\/v2\/media?parent=256"}],"curies":[{"name":"wp","href":"https:\/\/api.w.org\/{rel}","templated":true}]}}