{"id":254,"date":"2014-08-17T19:51:01","date_gmt":"2014-08-17T19:51:01","guid":{"rendered":"http:\/\/matulji.hr\/pocetna\/?page_id=254"},"modified":"2014-08-17T19:51:01","modified_gmt":"2014-08-17T19:51:01","slug":"zdravstvo","status":"publish","type":"page","link":"https:\/\/matulji.hr\/portal\/zdravstvo\/","title":{"rendered":"Zdravstvo"},"content":{"rendered":"<p><strong>RADNO VRIJEME ORDINACIJA CENTRA PRIMARNE ZDRAVSTVENE ZA\u0160TITE MATULJI<br \/>\nRADNIM DANOM 30.03. &#8211; 03.04. 2020.<br \/>\nUZ RAD DE\u017dURNIH SLU\u017dBI SUBOTOM, NEDJELJOM I PRAZNICIMA<\/strong><\/p>\n<p><strong>Majda Jur\u010dec, dr.med. spec. obiteljske medicine<\/strong><br \/>\nPonedjeljak, srijeda: popodne od 13:00- 20:30<br \/>\nutorak, \u010detvrtak i petak: ujutro od 07:00 &#8211; 14:30<br \/>\nTel. broj: 051 445-121<\/p>\n<p><strong>Mladen Prenc, dr.med. spec. obiteljske medicine:<\/strong><br \/>\nPonedjeljak, srijeda i petak: popodne od 13:00-20:30<br \/>\nutorak i \u010detvrtak : ujutro od 07:00-14:30<br \/>\nTel.broj: 051 274 895<\/p>\n<p><strong>Andrej Hladnik, dr.med.:<\/strong><br \/>\nPonedjeljak, srijeda i petak: ujutro od 07:00-14:30<br \/>\nutorak i \u010detvrtak.: popodne od 13:00-20:30<br \/>\nTel. broj: 051 274-870<\/p>\n<p><strong>Edmond Palju\u0161aj, dr.med. spec. ginekologije i opstetricije<\/strong><br \/>\nPonedjeljak, \u010detvrtak : popodne od 13:00- 20:30<br \/>\nutorak, srijeda i petak: ujutro od 07:00- 14:30<br \/>\nTel.broj: 051276 719<\/p>\n<p><strong>Jasna \u017dirovnik, dr.med. spec. Pedijatar<\/strong><br \/>\nParni popodne: od 13:00-20:30<br \/>\nNeparni ujutro : od 07:00-14:30<br \/>\nsvaki petak: ujutro od 07:00-14:30<br \/>\nTel.broj: 051 276-725<\/p>\n<p><strong>Patrona\u017ena slu\u017eba<\/strong><br \/>\nTel.broj: 051 276-706<\/p>\n<p><strong>Zajedni\u010dki telefon za naru\u010divanje lijekova ( osim ordinacije Dr.Prenc na tel.br.ordinacije)<\/strong><br \/>\n051 441-043<\/p>\n<p><strong>DE\u017dURSTVA<\/strong>:<br \/>\n<strong>Subotama, nedjeljama i blagdanima<\/strong><br \/>\n<strong>DE\u017dURNA JE ORDINACIJA OBITELJSKE MEDICINE<\/strong><\/p>\n<p>Cambierijeva 7 u Rijeci<br \/>\nRadno vrijeme: 08:00 -20:00<br \/>\nTel. broj: 051 335 588.<\/p>\n<p>Subotama, nedjeljama i blagdanima<br \/>\n<strong>DE\u017dURNA PEDIJATRIJSKA ORDINACIJA TE PROSTORIJA ZA UZIMANJE UZORAKA KRVI ZA DJECU<\/strong><br \/>\nadresa: Cambierieva 7<br \/>\nradno vrijeme: 08:00-20:00<br \/>\nTel. broj : 051 641-045 \/ 051 336-046.<\/p>\n<p><strong>DE\u017dURNE STOMATOLO\u0160KE ORDINACIJE SU:<\/strong><br \/>\n1. Rijeka-Studentska 1 (nasuprot ulaza u pomorski fakultet)<br \/>\ndostupna radnim danima, subotama, nedjeljama i blagdanima<br \/>\nradno vrijeme: 08:00-20:00<br \/>\ntelefonski broj: 051 494 896<\/p>\n<p>2. Rijeka-Ve\u017eica, M.Kontu\u0161a 18<br \/>\ndostupna radnim danima<br \/>\nradno vrijeme: 08:00-20:00 sati<br \/>\ntelefonski broj: 051 453-548<\/p>\n<p><strong>TURISTI\u010cKA AMBULATNA \/ TOURIST MEDICAL OFFICE<\/strong><br \/>\nOpatija, Ul. Vladimira Nazora 4<br \/>\nT: +385 (0)51 271 &#8211; 227<\/p>\n<p>RADNO VRIJEME\/WORKING HOURS<br \/>\n01.07.2020. &#8211; 31.08.2020.<\/p>\n<p>PON \/ MON CLOSED<br \/>\nUTO \/ TUE 15:00-22:00<br \/>\nSRI \/ WED 09:00-14:00<br \/>\n\u010cET \/ THU 15:00-22:00<br \/>\nPET \/ FRI 15:00-22:00<br \/>\nSUB \/ SAT 15:00-22:00<br \/>\nNED \/ SUN 15:00-22:00<\/p>\n","protected":false},"excerpt":{"rendered":"<p>RADNO VRIJEME ORDINACIJA CENTRA PRIMARNE ZDRAVSTVENE ZA\u0160TITE MATULJI RADNIM DANOM 30.03. &#8211; 03.04. 2020. UZ RAD DE\u017dURNIH SLU\u017dBI SUBOTOM, NEDJELJOM I PRAZNICIMA Majda Jur\u010dec, dr.med. spec. obiteljske medicine Ponedjeljak, srijeda: popodne od 13:00- 20:30 utorak, \u010detvrtak i petak: ujutro od 07:00 &#8211; 14:30 Tel. broj: 051 445-121 Mladen Prenc, dr.med. spec. obiteljske medicine: Ponedjeljak, srijeda i petak: popodne od 13:00-20:30 utorak i \u010detvrtak : ujutro od 07:00-14:30 Tel.broj: 051 274 895 Andrej Hladnik, dr.med.: Ponedjeljak, srijeda i petak: ujutro od 07:00-14:30 utorak i \u010detvrtak.: popodne od 13:00-20:30 Tel. broj: 051&#8230; <\/p>\n","protected":false},"author":2,"featured_media":0,"parent":0,"menu_order":0,"comment_status":"closed","ping_status":"closed","template":"","meta":{"footnotes":""},"class_list":["post-254","page","type-page","status-publish","hentry"],"_links":{"self":[{"href":"https:\/\/matulji.hr\/portal\/wp-json\/wp\/v2\/pages\/254","targetHints":{"allow":["GET"]}}],"collection":[{"href":"https:\/\/matulji.hr\/portal\/wp-json\/wp\/v2\/pages"}],"about":[{"href":"https:\/\/matulji.hr\/portal\/wp-json\/wp\/v2\/types\/page"}],"author":[{"embeddable":true,"href":"https:\/\/matulji.hr\/portal\/wp-json\/wp\/v2\/users\/2"}],"replies":[{"embeddable":true,"href":"https:\/\/matulji.hr\/portal\/wp-json\/wp\/v2\/comments?post=254"}],"version-history":[{"count":0,"href":"https:\/\/matulji.hr\/portal\/wp-json\/wp\/v2\/pages\/254\/revisions"}],"wp:attachment":[{"href":"https:\/\/matulji.hr\/portal\/wp-json\/wp\/v2\/media?parent=254"}],"curies":[{"name":"wp","href":"https:\/\/api.w.org\/{rel}","templated":true}]}}