{"id":204,"date":"2014-08-17T19:12:21","date_gmt":"2014-08-17T19:12:21","guid":{"rendered":"http:\/\/matulji.hr\/pocetna\/?page_id=204"},"modified":"2025-06-24T09:12:19","modified_gmt":"2025-06-24T07:12:19","slug":"skolski-odgoj","status":"publish","type":"page","link":"https:\/\/matulji.hr\/portal\/skolski-odgoj\/","title":{"rendered":"\u0160kolstvo"},"content":{"rendered":"<p><strong>Osnovna \u0161kola \u201eDrago Gervais\u201c Bre\u0161ca<\/strong><img loading=\"lazy\" decoding=\"async\" class=\" wp-image-205 alignright\" src=\"http:\/\/matulji.hr\/pocetna\/wp-content\/uploads\/2014\/08\/osnovna_skola_bresca.jpg\" alt=\"osnovna_skola_bresca\" width=\"358\" height=\"268\" \/><br \/>Bre\u0161ca 6, 51213 Jurdani<br \/>Ravnateljica: Dijana Valentin, prof.<br \/>tel.\u00a0\u00a0 051 279-229<br \/><br \/><\/p>\n<p>e-mail:<br \/><a href=\"mailto:os-drago-gervais-bresca@ri.htnet.hr\">os-drago-gervais-bresca@ri.htnet.hr<\/a><\/p>\n<p>web:<br \/><a href=\"http:\/\/www.os-dgervais-jurdani.skole.hr\/\">www.os-dgervais-jurdani.skole.hr<\/a><\/p>\n<hr \/>\n<p><strong>Osnovna \u0161kola<br \/>\u201eDr. Andrija Mohorovi\u010di\u0107\u201c Matulji<\/strong><img loading=\"lazy\" decoding=\"async\" class=\"alignright size-full wp-image-206\" src=\"http:\/\/matulji.hr\/pocetna\/wp-content\/uploads\/2014\/08\/osnovna_skola_matulji.jpg\" alt=\"osnovna_skola_matulji\" width=\"450\" height=\"154\" \/><br \/>Drage Gervaisa 2<br \/>51 211 Matulji<br \/>tel. 051 277 064\u00a0&#8211; ravnateljica<br \/>051 274 120\u00a0&#8211; tajni\u0161tvo<br \/>fax. 051 274 121<\/p>\n<p>e-mail:<br \/><a href=\"mailto:osamohorovicic@skole.t-com.hr\">osamohorovicic@skole.t-com.hr<\/a><br \/><a href=\"mailto:osamohorovicic@gmail.com\">osamohorovicic@gmail.com<\/a><\/p>\n<p>web:<br \/><a href=\"http:\/\/os-amohorovicica-matulji.skole.hr\/\">www.os-amohorovicica-matulji.skole.hr<\/a><\/p>\n\n\n<p><a href=\"https:\/\/matulji.hr\/portal\/pomoc-u-ucenju-sos-ucenje\/\" data-type=\"link\" data-id=\"https:\/\/matulji.hr\/portal\/pomoc-u-ucenju-sos-ucenje\/\">POMO\u0106 U U\u010cENJU &#8211; SOS U\u010cENJE &#8211; link<\/a><\/p>\n","protected":false},"excerpt":{"rendered":"<p>Osnovna \u0161kola \u201eDrago Gervais\u201c Bre\u0161caBre\u0161ca 6, 51213 JurdaniRavnateljica: Dijana Valentin, prof.tel.\u00a0\u00a0 051 279-229 e-mail:os-drago-gervais-bresca@ri.htnet.hr web:www.os-dgervais-jurdani.skole.hr Osnovna \u0161kola\u201eDr. Andrija Mohorovi\u010di\u0107\u201c MatuljiDrage Gervaisa 251 211 Matuljitel. 051 277 064\u00a0&#8211; ravnateljica051 274 120\u00a0&#8211; tajni\u0161tvofax. 051 274 121 e-mail:osamohorovicic@skole.t-com.hrosamohorovicic@gmail.com web:www.os-amohorovicica-matulji.skole.hr POMO\u0106 U U\u010cENJU &#8211; SOS U\u010cENJE &#8211; link<\/p>\n","protected":false},"author":2,"featured_media":0,"parent":0,"menu_order":0,"comment_status":"closed","ping_status":"closed","template":"","meta":{"footnotes":""},"class_list":["post-204","page","type-page","status-publish","hentry"],"_links":{"self":[{"href":"https:\/\/matulji.hr\/portal\/wp-json\/wp\/v2\/pages\/204","targetHints":{"allow":["GET"]}}],"collection":[{"href":"https:\/\/matulji.hr\/portal\/wp-json\/wp\/v2\/pages"}],"about":[{"href":"https:\/\/matulji.hr\/portal\/wp-json\/wp\/v2\/types\/page"}],"author":[{"embeddable":true,"href":"https:\/\/matulji.hr\/portal\/wp-json\/wp\/v2\/users\/2"}],"replies":[{"embeddable":true,"href":"https:\/\/matulji.hr\/portal\/wp-json\/wp\/v2\/comments?post=204"}],"version-history":[{"count":7,"href":"https:\/\/matulji.hr\/portal\/wp-json\/wp\/v2\/pages\/204\/revisions"}],"predecessor-version":[{"id":12054,"href":"https:\/\/matulji.hr\/portal\/wp-json\/wp\/v2\/pages\/204\/revisions\/12054"}],"wp:attachment":[{"href":"https:\/\/matulji.hr\/portal\/wp-json\/wp\/v2\/media?parent=204"}],"curies":[{"name":"wp","href":"https:\/\/api.w.org\/{rel}","templated":true}]}}