{"id":200,"date":"2014-08-17T19:10:09","date_gmt":"2014-08-17T19:10:09","guid":{"rendered":"http:\/\/matulji.hr\/pocetna\/?page_id=200"},"modified":"2025-06-05T09:19:31","modified_gmt":"2025-06-05T07:19:31","slug":"predskolski-odgoj","status":"publish","type":"page","link":"https:\/\/matulji.hr\/portal\/predskolski-odgoj\/","title":{"rendered":"Pred\u0161kolski odgoj"},"content":{"rendered":"<p><strong><a href=\"https:\/\/matulji.hr\/pocetna\/wp-content\/uploads\/2014\/08\/djecji_vrtic_matulj_2017.jpg\"><img loading=\"lazy\" decoding=\"async\" class=\"alignright size-medium wp-image-2738\" src=\"http:\/\/matulji.hr\/pocetna\/wp-content\/uploads\/2014\/08\/djecji_vrtic_matulj_2017-300x225.jpg\" alt=\"\" width=\"300\" height=\"225\" \/><\/a><\/strong><\/p>\n<p><strong>Dje\u010dji vrti\u0107 Matulji<\/strong><br \/>\n\u0160etali\u0161te D.Gervaisa 4<br \/>\nMatulji<\/p>\n<p>tel:<br \/>\n051 274 127<br \/>\n051 274 128<\/p>\n<p>e-mail:<br \/>\n<b><a href=\"mailto:djecji.vrtic.matulji@ri.ht.hr\" target=\"_blank\" rel=\"noopener noreferrer\">djecji.vrtic.matulji@ri.ht.hr<\/a><\/b><\/p>\n<p>web:<br \/>\n<a href=\"http:\/\/www.djecjivrticmatulji.hr\/\">http:\/\/www.djecjivrticmatulji.hr\/<\/a><\/p>\n<p><a class=\"button\" href=\"https:\/\/matulji.hr\/portal\/wp-content\/uploads\/2025\/06\/Odluka-o-kriterijima-za-ostvarivanje-prava-na-sufinanciranje-troskova-programa-predskolskog-odgoja-i-obrazovanja-u-ustanovama-drugih-osnivaca-te-u-obrtima-na-podrucju-Primorsko-goranske-zupanije.pdf\">Odluka o kriterijima za ostvarivanje prava na sufinanciranje tro\u0161kova programa pred\u0161kolskog odgoja i obrazovanja u ustanovama drugih osniva\u010da te u obrtima na podru\u010dju Primorsko-goranske \u017eupanije<\/a><\/p>\n<p><a class=\"button\" href=\"https:\/\/matulji.hr\/portal\/wp-content\/uploads\/2025\/06\/Odluka-o-uvjetima-i-mjerilima-za-utvrdivanje-cijene-provedbe-programa-predskolskog-odgoja-i-obrazovanja-ustanove-Djecji-vrtic-Matulji-te-naplatu-usluga-od-krajnjih-korisnika.pdf\">Odluka o uvjetima i mjerilima za utvr\u0111ivanje cijene provedbe programa pred\u0161kolskog odgoja i obrazovanja ustanove Dje\u010dji vrti\u0107 Matulji te naplatu usluga od krajnjih korisnika<\/a><\/p>\n<p><a class=\"button\" href=\"https:\/\/matulji.hr\/pocetna\/wp-content\/uploads\/2022\/07\/Odluka-o-ostvarivanju-prava-na-novcanu-pomoc-za-novorodeno-dijete.pdf\">Odluka o ostvarivanju prava na nov\u010danu pomo\u0107 za novoro\u0111eno dijete<\/a><\/p>\n<p><strong>OBRTI ZA \u010cUVANJE DJECE NA PODRU\u010cJU OP\u0106INE MATULJI:<\/strong><\/p>\n<ul>\n<li><strong>MALENI<\/strong> obrt za \u010duvanje djece, Matulji 43.Istarske divizije 57, vl. Jasminka Pupovac Safi\u0107, tel: 051\/709-085, e-mail: jasmikaps@gmail.com;<\/li>\n<li><strong>OBRT ZA \u010cUVANJE DJECE \u201eTETA SANJA\u201c<\/strong>, Ju\u0161i\u0107i, Pe\u0161\u0107inica 31, vl. Sanja Begi\u0107, tel: 051\/276 \u2013 933<\/li>\n<li><strong>OBRT ZA \u010cUVANJE DJECE \u201eZVON\u010cI\u0106I\u201c<\/strong> Rukavac, vl. Nikolina Viski\u0107, Rukavac 88, mail: <a href=\"mailto:nikolina.rakita@gmail.com\" target=\"_blank\" rel=\"noopener noreferrer\">nikolina.rakita@gmail.com<\/a>, kontakt: 091 1709 088.<\/li>\n<\/ul>\n","protected":false},"excerpt":{"rendered":"<p>Dje\u010dji vrti\u0107 Matulji \u0160etali\u0161te D.Gervaisa 4 Matulji tel: 051 274 127 051 274 128 e-mail: djecji.vrtic.matulji@ri.ht.hr web: http:\/\/www.djecjivrticmatulji.hr\/ Odluka o kriterijima za ostvarivanje prava na sufinanciranje tro\u0161kova programa pred\u0161kolskog odgoja i obrazovanja u ustanovama drugih osniva\u010da te u obrtima na podru\u010dju Primorsko-goranske \u017eupanije Odluka o uvjetima i mjerilima za utvr\u0111ivanje cijene provedbe programa pred\u0161kolskog odgoja i obrazovanja ustanove Dje\u010dji vrti\u0107 Matulji te naplatu usluga od krajnjih korisnika Odluka o ostvarivanju prava na nov\u010danu pomo\u0107 za novoro\u0111eno dijete OBRTI ZA \u010cUVANJE DJECE NA PODRU\u010cJU OP\u0106INE MATULJI: MALENI obrt za \u010duvanje djece,&#8230; <\/p>\n","protected":false},"author":2,"featured_media":0,"parent":0,"menu_order":0,"comment_status":"closed","ping_status":"closed","template":"","meta":{"footnotes":""},"class_list":["post-200","page","type-page","status-publish","hentry"],"_links":{"self":[{"href":"https:\/\/matulji.hr\/portal\/wp-json\/wp\/v2\/pages\/200","targetHints":{"allow":["GET"]}}],"collection":[{"href":"https:\/\/matulji.hr\/portal\/wp-json\/wp\/v2\/pages"}],"about":[{"href":"https:\/\/matulji.hr\/portal\/wp-json\/wp\/v2\/types\/page"}],"author":[{"embeddable":true,"href":"https:\/\/matulji.hr\/portal\/wp-json\/wp\/v2\/users\/2"}],"replies":[{"embeddable":true,"href":"https:\/\/matulji.hr\/portal\/wp-json\/wp\/v2\/comments?post=200"}],"version-history":[{"count":3,"href":"https:\/\/matulji.hr\/portal\/wp-json\/wp\/v2\/pages\/200\/revisions"}],"predecessor-version":[{"id":12000,"href":"https:\/\/matulji.hr\/portal\/wp-json\/wp\/v2\/pages\/200\/revisions\/12000"}],"wp:attachment":[{"href":"https:\/\/matulji.hr\/portal\/wp-json\/wp\/v2\/media?parent=200"}],"curies":[{"name":"wp","href":"https:\/\/api.w.org\/{rel}","templated":true}]}}