{"id":193,"date":"2014-08-17T19:06:17","date_gmt":"2014-08-17T19:06:17","guid":{"rendered":"http:\/\/matulji.hr\/pocetna\/?page_id=193"},"modified":"2024-10-01T12:31:28","modified_gmt":"2024-10-01T10:31:28","slug":"mjesni-odbori","status":"publish","type":"page","link":"https:\/\/matulji.hr\/portal\/mjesni-odbori\/","title":{"rendered":"Mjesni odbori"},"content":{"rendered":"<p><b>MJESNI ODBORI NA PODRU\u010cJU OP\u0106INE MATULJI &#8211; <\/b><\/p>\n<p data-wp-editing=\"1\"><a href=\"https:\/\/matulji.hr\/portal\/wp-content\/uploads\/2024\/10\/Mjesni-odbori-popis-predsjednika.pdf\">Preuzmi &#8211; Kontakti predsjednika Vije\u0107a Mjesnih odbora<\/a><\/p>\n<p><b><br \/>\n<\/b>____________________________________________________________________<\/p>\n<p><strong>01. BRDCE <\/strong><br \/>\n(Brdce)<br \/>\n____________________________________________________________________<\/p>\n<p><b>02. <\/b><b>BREGI <\/b><br \/>\n(Bregi, Anjeli, Ben\u010dini\u0107i, Brn\u010di\u0107i, Frli\u0107i, Ko\u017euli, Po\u0161\u010di\u0107i, Stani\u0107i)<br \/>\n____________________________________________________________________<\/p>\n<p><strong>03. <\/strong><b>FRAN\u010cI\u0106I <\/b><br \/>\n(Fran\u010di\u0107i, Ul. 43.Ist. divizije od kbr.75 b do kbr.117, Ulica Ruh\u010dev Put kbr. 0\/bb i kbr. 1)<br \/>\n____________________________________________________________________<\/p>\n<p><strong>04<\/strong>. <b>JURDANI <\/b><br \/>\n(Jurdani)<br \/>\n____________________________________________________________________<\/p>\n<p><strong>05<\/strong>. <b>JURDANI\u0106I <\/b><br \/>\n(Korensko, Jurdani\u0107i, Ju\u0161i\u0107i od 81-132,Jurdani od 1 &#8211; 42)<br \/>\n____________________________________________________________________<\/p>\n<p><strong>06<\/strong>. <b>JU\u0160I\u0106I &#8211; CENTAR<br \/>\n<\/b>(Stari Grad, Novo naselje, Bo\u017eini\u0107i)<br \/>\n____________________________________________________________________<\/p>\n<p><strong>07.<\/strong> <b>KU\u0106ELI<br \/>\n<\/b>(Ku\u0107eli, Bi\u0161kupi, Barbi\u0107i, Ivani\u0107i, \u010crn\u010di\u0107i, Jurini\u0107i)<br \/>\n____________________________________________________________________<\/p>\n<p><strong>08<\/strong>. <b>LIPA<br \/>\n<\/b>(Lipa)<br \/>\n____________________________________________________________________<\/p>\n<p><strong>09.<\/strong> <b>MUNE <\/b><br \/>\n(Vele i Male Mune)<br \/>\n____________________________________________________________________<\/p>\n<p><strong>10. <\/strong><b>PASJAK <\/b><br \/>\n(Pasjak)<b><br \/>\n<\/b>____________________________________________________________________<\/p>\n<p><b>11.<\/b><b> PRINCIPI <\/b><br \/>\n(Brajani, Mavri\u0107i, Obadi, Principi, Frani\u0107i)<br \/>\n____________________________________________________________________<\/p>\n<p><b>12.<\/b><b> PU\u017dEV KOMUN<br \/>\n<\/b>(Mu\u010di\u0107i, Pu\u017ei, Varljeni, Permani, Ru\u017ei\u0107i, Poljane, Bre\u0161ca, Grguci, M.Brgud i Zaluki)<br \/>\n____________________________________________________________________<\/p>\n<p><b>13. <\/b><b>RUKAVAC<br \/>\n<\/b>(Donji Rukavac, Gornji Rukavac, Ro\u0161i\u0107i, Miheli\u0107i, Su\u0161nji, Mohori\u0107i, Per\u010di\u0107i, \u0160klavi\u0107i)<br \/>\n____________________________________________________________________<br \/>\n<b><br \/>\n14. <\/b><b>RUPA<br \/>\n<\/b>(Rupa)<br \/>\n____________________________________________________________________<\/p>\n<p><b>15. <\/b><b>\u0160APJANE <\/b><br \/>\n(\u0160apjane)<br \/>\n____________________________________________________________________<\/p>\n<p><b>16. <\/b><b>\u0160MOGORI-RADETI\u0106I <\/b><br \/>\n(\u0160mogorska c. od 21 do granice MO Vlahov breg i ceste za naselje Trtni, Ulica\u00a0 Radeti\u0107i Ulica M. Duki\u0107a, Put za Trinajsti\u0107i)<br \/>\n____________________________________________________________________<\/p>\n<p><strong>17.<\/strong> <b>TRNI &#8211; OSOJNAKI <\/b><br \/>\n(Trtni, Osojnaki, Cesta Osojnaki, Mavri\u010di\u0107ev put)<br \/>\n____________________________________________________________________<\/p>\n<p><strong>18<\/strong>. <b>VELI BRGUD <\/b><br \/>\n(Veli brgud)<br \/>\n____________________________________________________________________<\/p>\n<p><b>19. <\/b><b>VLAHOV BREG<br \/>\n<\/b>(Vlahov Breg<b>)<br \/>\n<\/b>____________________________________________________________________<\/p>\n<p><b>20. <\/b><b>ZVONE\u0106A <\/b><br \/>\n(Zvone\u0107a, Perka, Su\u0161nji, Zdemer, Kriva, \u0160krapna, Ga\u0161pari)<br \/>\n____________________________________________________________________<\/p>\n<p><strong>21. <\/strong><b>\u017dEJANE<br \/>\n<\/b>(\u017dejane)<br \/>\n____________________________________________________________________<\/p>\n<p class=\"western\" align=\"justify\"><strong>22. MIHOTI\u0106I<\/strong><br \/>\n(<span style=\"font-size: medium;\">Mihoti\u0107i)<\/span><\/p>\n","protected":false},"excerpt":{"rendered":"<p>MJESNI ODBORI NA PODRU\u010cJU OP\u0106INE MATULJI &#8211; Preuzmi &#8211; Kontakti predsjednika Vije\u0107a Mjesnih odbora ____________________________________________________________________ 01. BRDCE (Brdce) ____________________________________________________________________ 02. BREGI (Bregi, Anjeli, Ben\u010dini\u0107i, Brn\u010di\u0107i, Frli\u0107i, Ko\u017euli, Po\u0161\u010di\u0107i, Stani\u0107i) ____________________________________________________________________ 03. FRAN\u010cI\u0106I (Fran\u010di\u0107i, Ul. 43.Ist. divizije od kbr.75 b do kbr.117, Ulica Ruh\u010dev Put kbr. 0\/bb i kbr. 1) ____________________________________________________________________ 04. JURDANI (Jurdani) ____________________________________________________________________ 05. JURDANI\u0106I (Korensko, Jurdani\u0107i, Ju\u0161i\u0107i od 81-132,Jurdani od 1 &#8211; 42) ____________________________________________________________________ 06. JU\u0160I\u0106I &#8211; CENTAR (Stari Grad, Novo naselje, Bo\u017eini\u0107i) ____________________________________________________________________ 07. KU\u0106ELI (Ku\u0107eli, Bi\u0161kupi, Barbi\u0107i, Ivani\u0107i, \u010crn\u010di\u0107i, Jurini\u0107i) ____________________________________________________________________ 08. LIPA (Lipa) ____________________________________________________________________ 09&#8230;. <\/p>\n","protected":false},"author":2,"featured_media":0,"parent":0,"menu_order":0,"comment_status":"closed","ping_status":"closed","template":"","meta":{"footnotes":""},"class_list":["post-193","page","type-page","status-publish","hentry"],"_links":{"self":[{"href":"https:\/\/matulji.hr\/portal\/wp-json\/wp\/v2\/pages\/193","targetHints":{"allow":["GET"]}}],"collection":[{"href":"https:\/\/matulji.hr\/portal\/wp-json\/wp\/v2\/pages"}],"about":[{"href":"https:\/\/matulji.hr\/portal\/wp-json\/wp\/v2\/types\/page"}],"author":[{"embeddable":true,"href":"https:\/\/matulji.hr\/portal\/wp-json\/wp\/v2\/users\/2"}],"replies":[{"embeddable":true,"href":"https:\/\/matulji.hr\/portal\/wp-json\/wp\/v2\/comments?post=193"}],"version-history":[{"count":4,"href":"https:\/\/matulji.hr\/portal\/wp-json\/wp\/v2\/pages\/193\/revisions"}],"predecessor-version":[{"id":11060,"href":"https:\/\/matulji.hr\/portal\/wp-json\/wp\/v2\/pages\/193\/revisions\/11060"}],"wp:attachment":[{"href":"https:\/\/matulji.hr\/portal\/wp-json\/wp\/v2\/media?parent=193"}],"curies":[{"name":"wp","href":"https:\/\/api.w.org\/{rel}","templated":true}]}}