{"id":191,"date":"2014-08-17T19:03:51","date_gmt":"2014-08-17T19:03:51","guid":{"rendered":"http:\/\/matulji.hr\/pocetna\/?page_id=191"},"modified":"2025-09-18T15:15:35","modified_gmt":"2025-09-18T13:15:35","slug":"radna-tijela","status":"publish","type":"page","link":"https:\/\/matulji.hr\/portal\/radna-tijela\/","title":{"rendered":"Radna tijela"},"content":{"rendered":"<div class=\"art-article\">\n<p><strong><span style=\"font-size: medium;\">MANDATNO POVJERENSTVO<\/span><\/strong><\/p>\n<ol>\n<li><span style=\"font-size: medium;\">IVANA BRATOVI\u0106 \u2013 predsjednica<\/span><\/li>\n<li><span style=\"font-size: medium;\">MARIJA SU\u0160ANJ \u2013 \u010dlanica<\/span><\/li>\n<li><span style=\"font-size: medium;\">SANDRO PECMAN \u2013 \u010dlan<\/span><\/li>\n<\/ol>\n<p><strong><span style=\"font-size: medium;\">ODBOR ZA IZBOR I IMENOVANJE OP\u0106INSKOG VIJE\u0106A OP\u0106INE MATULJI<\/span><\/strong><\/p>\n<ol>\n<li><span style=\"font-size: medium;\">IVANA BRATOVI\u0106 \u2013 predsjednica<\/span><\/li>\n<li><span style=\"font-size: medium;\">ROBERTA CETINA \u2013 \u010dlanica<\/span><\/li>\n<li><span style=\"font-size: medium;\">MARIJA SU\u0160ANJ \u2013 \u010dlanica<\/span><\/li>\n<li><span style=\"font-size: medium;\">EMA MARKOVI\u0106- \u010dlanica<\/span><\/li>\n<li><span style=\"font-size: medium;\">DORIS STANI\u0106 \u2013 \u010dlanica<\/span><\/li>\n<\/ol>\n<p><strong><span style=\"font-size: medium;\">ODBOR ZA KOMUNALNO GOSPODARSTVO, ZA\u0160TITU I SPA\u0160AVANJE TE ZA\u0160TITU OKOLI\u0160A<\/span><\/strong><\/p>\n<ol>\n<li><span style=\"font-size: medium;\">EDUARD BA\u0106I\u0106 \u2013 predsjednik<\/span><\/li>\n<li><span style=\"font-size: medium;\">DARKO PLA\u0160\u0106AR \u2013 \u010dlan<\/span><\/li>\n<li><span style=\"font-size: medium;\">DAVOR TOMLJANOVI\u0106 \u2013 \u010dlan<\/span><\/li>\n<li><span style=\"font-size: medium;\">ROBERT STANI\u0106 \u2013 \u010dlan<\/span><\/li>\n<li><span style=\"font-size: medium;\">ADRIANO VLAH \u2013 \u010dlan<\/span><\/li>\n<\/ol>\n<p><strong><span style=\"font-size: medium;\">ODBOR ZA PROSTORNO URE\u0110ENJE I STRATE\u0160KI RAZVOJ<\/span><\/strong><\/p>\n<ol>\n<li><span style=\"font-size: medium;\">SANDRO PECMAN \u2013 predsjednik<\/span><\/li>\n<li><span style=\"font-size: medium;\">RAJKO MORI\u0106 \u2013 \u010dlan<\/span><\/li>\n<li><span style=\"font-size: medium;\">RAJKO STANI\u0106 \u2013 \u010dlan<\/span><\/li>\n<li><span style=\"font-size: medium;\">VLADIMIR PETROVI\u0106 \u2013 \u010dlan<\/span><\/li>\n<li><span style=\"font-size: medium;\">LUKA LOVRI\u0106 \u2013 \u010dlan<\/span><\/li>\n<\/ol>\n<p><strong><span style=\"font-size: medium;\">ODBOR ZA DRU\u0160TVENE DJELATNOSTI<\/span><\/strong><\/p>\n<ol>\n<li><span style=\"font-size: medium;\">IVAN \u010cRNJARI\u0106 \u2013 predsjednik<\/span><\/li>\n<li><span style=\"font-size: medium;\">MORENA SU\u0160ANJ \u2013 \u010dlanica<\/span><\/li>\n<li><span style=\"font-size: medium;\">MAJA SANKOVI\u0106 MALKO\u010c \u2013 \u010dlanica<\/span><\/li>\n<li><span style=\"font-size: medium;\">JAKOV D\u017dAFI\u0106 \u2013 \u010dlan<\/span><\/li>\n<li><span style=\"font-size: medium;\">SABINA FRLAN VUJOVI\u0106 \u2013 \u010dlanica<\/span><\/li>\n<\/ol>\n<p><strong><span style=\"font-size: medium;\">ODBOR ZA GOSPODARSTVO, PODUZETNI\u0160TVO I RURALNI RAZVOJ<\/span><\/strong><\/p>\n<ol>\n<li><span style=\"font-size: medium;\">DU\u0160AN MU\u0160\u0106O \u2013 \u010dlan<\/span><\/li>\n<li><span style=\"font-size: medium;\">IRENA LOVRI\u0106 \u2013 \u010dlanica<\/span><\/li>\n<li><span style=\"font-size: medium;\">MILJENKO HEGEDU\u0160 \u2013 \u010dlan<\/span><\/li>\n<li><span style=\"font-size: medium;\">ROKO KUZMANI\u0106 \u2013 \u010dlan<\/span><\/li>\n<li><span style=\"font-size: medium;\">DAMIR ZAMAKLAR \u2013 \u010dlan<\/span><\/li>\n<\/ol>\n<p><strong><span style=\"font-size: medium;\">ODBOR ZA PRORA\u010cUN I FINANCIJE<\/span><\/strong><\/p>\n<ol>\n<li><span style=\"font-size: medium;\">MARIJA SU\u0160ANJ \u2013 predsjednica<\/span><\/li>\n<li><span style=\"font-size: medium;\">\u017dELJKO GRBAC \u2013 \u010dlan<\/span><\/li>\n<li><span style=\"font-size: medium;\">SARA \u017dUPI\u0106 \u2013 \u010dlanica<\/span><\/li>\n<li><span style=\"font-size: medium;\">IVAN LIPOVAC \u2013 \u010dlan<\/span><\/li>\n<li><span style=\"font-size: medium;\">SLOBODAN JURA\u010cI\u0106 \u2013 \u010dlan<\/span><\/li>\n<\/ol>\n<p><strong>ODBOR ZA STATUT, POSLOVNIK I NORMATIVNU DJELATNOST<\/strong><\/p>\n<p>1. VLADAN MEKTEROVI\u0106, predsjednik<br \/>\n2. IVA PLE\u0160A, \u010dlanica<br \/>\n3. JASMINA FU\u0106AK, \u010dlanica<br \/>\n4. LINO HRVATIN, \u010dlan<br \/>\n5. SANDRO LADAVAC, \u010dlan<\/p>\n<p><strong>ODBOR ZA POSLOVNI PROSTOR, STAMBENE POSLOVE I IMOVINSKO-PRAVNA PITANJA<\/strong><\/p>\n<p>1. VEDRAN KINKELA, predsjednik<br \/>\n2. LEA LEONARDA PA\u0160I\u0106, \u010dlanica<br \/>\n3. DENIS KAL\u010cI\u0106, \u010dlan<br \/>\n4. DINO \u017dELE, \u010dlan<br \/>\n5. IVAN MIKULI\u0106, \u010dlan<\/p>\n<p><strong><span style=\"font-size: medium;\">ODBOR ZA PITANJA BORACA ANTIFA\u0160ISTI\u010cKOG I DOMOVINSKOG RATA<\/span><\/strong><\/p>\n<ol>\n<li><span style=\"font-size: medium;\">SLOBODAN JURA\u010cI\u0106 \u2013 predsjednik<\/span><\/li>\n<li><span style=\"font-size: medium;\">\u017dARKO \u010cOVI\u0106 \u2013 \u010dlan<\/span><\/li>\n<li><span style=\"font-size: medium;\">RADOSLAV MEDICA \u2013 \u010dlan<\/span><\/li>\n<li><span style=\"font-size: medium;\">DIJANA PERMAN \u2013 \u010dlanica<\/span><\/li>\n<li><span style=\"font-size: medium;\">BRANKO AFRI\u0106 &#8211; \u010dlan<\/span><\/li>\n<\/ol>\n<\/div>\n","protected":false},"excerpt":{"rendered":"<p>MANDATNO POVJERENSTVO IVANA BRATOVI\u0106 \u2013 predsjednica MARIJA SU\u0160ANJ \u2013 \u010dlanica SANDRO PECMAN \u2013 \u010dlan ODBOR ZA IZBOR I IMENOVANJE OP\u0106INSKOG VIJE\u0106A OP\u0106INE MATULJI IVANA BRATOVI\u0106 \u2013 predsjednica ROBERTA CETINA \u2013 \u010dlanica MARIJA SU\u0160ANJ \u2013 \u010dlanica EMA MARKOVI\u0106- \u010dlanica DORIS STANI\u0106 \u2013 \u010dlanica ODBOR ZA KOMUNALNO GOSPODARSTVO, ZA\u0160TITU I SPA\u0160AVANJE TE ZA\u0160TITU OKOLI\u0160A EDUARD BA\u0106I\u0106 \u2013 predsjednik DARKO PLA\u0160\u0106AR \u2013 \u010dlan DAVOR TOMLJANOVI\u0106 \u2013 \u010dlan ROBERT STANI\u0106 \u2013 \u010dlan ADRIANO VLAH \u2013 \u010dlan ODBOR ZA PROSTORNO URE\u0110ENJE I STRATE\u0160KI RAZVOJ SANDRO PECMAN \u2013 predsjednik RAJKO MORI\u0106 \u2013 \u010dlan RAJKO STANI\u0106 \u2013&#8230; <\/p>\n","protected":false},"author":2,"featured_media":0,"parent":0,"menu_order":0,"comment_status":"closed","ping_status":"closed","template":"","meta":{"footnotes":""},"class_list":["post-191","page","type-page","status-publish","hentry"],"_links":{"self":[{"href":"https:\/\/matulji.hr\/portal\/wp-json\/wp\/v2\/pages\/191","targetHints":{"allow":["GET"]}}],"collection":[{"href":"https:\/\/matulji.hr\/portal\/wp-json\/wp\/v2\/pages"}],"about":[{"href":"https:\/\/matulji.hr\/portal\/wp-json\/wp\/v2\/types\/page"}],"author":[{"embeddable":true,"href":"https:\/\/matulji.hr\/portal\/wp-json\/wp\/v2\/users\/2"}],"replies":[{"embeddable":true,"href":"https:\/\/matulji.hr\/portal\/wp-json\/wp\/v2\/comments?post=191"}],"version-history":[{"count":3,"href":"https:\/\/matulji.hr\/portal\/wp-json\/wp\/v2\/pages\/191\/revisions"}],"predecessor-version":[{"id":12290,"href":"https:\/\/matulji.hr\/portal\/wp-json\/wp\/v2\/pages\/191\/revisions\/12290"}],"wp:attachment":[{"href":"https:\/\/matulji.hr\/portal\/wp-json\/wp\/v2\/media?parent=191"}],"curies":[{"name":"wp","href":"https:\/\/api.w.org\/{rel}","templated":true}]}}