{"id":184,"date":"2014-08-17T19:01:14","date_gmt":"2014-08-17T19:01:14","guid":{"rendered":"http:\/\/matulji.hr\/pocetna\/?page_id=184"},"modified":"2025-07-01T12:59:34","modified_gmt":"2025-07-01T10:59:34","slug":"opcinsko-vijece","status":"publish","type":"page","link":"https:\/\/matulji.hr\/portal\/opcinsko-vijece\/","title":{"rendered":"Op\u0107insko vije\u0107e"},"content":{"rendered":"<p align=\"center\"><strong><span style=\"font-family: Times New Roman, serif;\"><span style=\"font-size: large;\">OP\u0106INSKO VIJE\u0106E\u00a0<\/span><\/span><\/strong><\/p>\n<p>IVA LETINA (HDZ), Predsjednica<br \/>\nRAJKO STANI\u0106 (PGS), Potpredsjednik<br \/>\nVLADAN MEKTEROVI\u0106 (SDP), Potpredsjednik<\/p>\n<p>EDUARD BA\u0106I\u0106 (SDP), vije\u0107nik<br \/>\nMARKO BORAS MANDI\u0106 (UNIJA), vije\u0107nik<br \/>\nIVANA BRATOVI\u0106 (HDZ), vije\u0107nica<br \/>\nIVAN \u010cRNJARI\u0106 (HNS), vije\u0107nik<br \/>\nMILJENKO HEGEDU\u0160 (NEZAVISNA LISTA), vije\u0107nik<br \/>\nSLOBODAN JURA\u010cI\u0106 (SDP), vije\u0107nik<br \/>\nVEDRAN KINKELA (SDP), vije\u0107nik<br \/>\nANDREA MICULINI\u0106 \u0110URI\u0106 (HDZ), vije\u0107nica<br \/>\nSANDRO PECMAN (NEZAVISNA LISTA), vije\u0107nik<br \/>\nDORIS STANI\u0106 (SDP), vije\u0107nica<br \/>\nMARIJA SU\u0160ANJ (PGS), vije\u0107nica<br \/>\nMORENA SU\u0160ANJ (SDP), vije\u0107nica<\/p>\n<p>&nbsp;<\/p>\n<p>_________________________________________<\/p>\n<p><a href=\"https:\/\/matulji.hr\/pocetna\/wp-content\/uploads\/2021\/03\/Odluka-o-rasporedu-polit.stranke.doc\">Odluka o raspore\u0111ivanju sredstava Prora\u010duna Op\u0107ine Matulji za redovito godi\u0161nje financiranja politi\u010dkih stranaka i nezavisnih vije\u0107nika u 2020. godini<\/a><\/p>\n<p><a href=\"https:\/\/matulji.hr\/pocetna\/wp-content\/uploads\/2021\/03\/Izvjesce-politicke-stranke-2020.docx\">Izvje\u0161\u0107e o iznosu raspore\u0111enih i ispla\u0107enih sredstava iz Prora\u010duna Op\u0107ine Matulji za redovito godi\u0161nje financiranje politi\u010dkih stranaka i nezavisnih vije\u0107nika u 2020. godini<\/a><\/p>\n<p><a href=\"https:\/\/matulji.hr\/pocetna\/wp-content\/uploads\/2021\/03\/5.-Odluka-o-rasporedu-sredstava-polit.stranke-2021.doc\">Odluka o raspore\u0111ivanju sredstava Prora\u010duna Op\u0107ine Matulji za redovito godi\u0161nje financiranja politi\u010dkih stranaka i nezavisnih vije\u0107nika u 2021. godini<\/a><\/p>\n<p><a href=\"https:\/\/matulji.hr\/pocetna\/wp-content\/uploads\/2022\/01\/Odluka-o-raspordu-sredstava-politicke-stranke-2021.pdf\">Odluka o raspore\u0111ivanju sredstava Prora\u010duna Op\u0107ine Matulji za redovito godi\u0161nje financiranja politi\u010dkih stranaka i nezavisnih vije\u0107nika u 2021.godini za razdoblje od konstituiranja Op\u0107inskog vije\u0107a Op\u0107ine Matulji<\/a><\/p>\n<p><a href=\"https:\/\/matulji.hr\/pocetna\/wp-content\/uploads\/2022\/01\/Izvjesce-o-isplatama-naknada-za-politicke-stranke-i-nezavisne-vijecnike-u-2021.godini.pdf\">Izvje\u0161\u0107e o iznosu raspore\u0111enih i ispla\u0107enih sredstava iz prora\u010duna Op\u0107ine Matulji za redovito godi\u0161nje financiranje politi\u010dkih stranaka i nezavisnih vije\u0107nika u 2021. godini<\/a><\/p>\n<p><a href=\"https:\/\/matulji.hr\/pocetna\/wp-content\/uploads\/2022\/02\/Odluka-o-rasporedu-sredstava-politicke-stranke-2022.pdf\">Odluka o raspore\u0111ivanju sredstava Prora\u010duna Op\u0107ine Matulji za redovito godi\u0161nje financiranja politi\u010dkih stranaka i nezavisnih vije\u0107nika u 2022. godini<\/a><\/p>\n<p><a href=\"https:\/\/matulji.hr\/portal\/wp-content\/uploads\/2023\/01\/Izvjesce-redovito-godisnje-financiranja-politickih-stranaka-i-nezavisnih-vijecnika-2022.docx\">Izvje\u0161\u0107e o iznosu raspore\u0111enih i ispla\u0107enih sredstava iz prora\u010duna Op\u0107ine Matulji za redovito godi\u0161nje financiranje politi\u010dkih stranaka i nezavisnih vije\u0107nika u 2022. godini<\/a><\/p>\n<p><a href=\"https:\/\/matulji.hr\/portal\/wp-content\/uploads\/2024\/01\/Odluka-o-rasporedivanju-sredstava-za-redovito-godisnje-financiranja-politickih-stranaka-i-nezavisnih-vijecnika-u-2023.-godini.docx\">Odluka o raspore\u0111ivanju sredstava iz Prora\u010duna Op\u0107ine Matulji za redovito godi\u0161nje financiranje politi\u010dkih stranaka i nezavisnih vije\u0107nika u 2023. godini<\/a><\/p>\n<p><a href=\"https:\/\/matulji.hr\/portal\/wp-content\/uploads\/2024\/01\/Izvjesce-redovito-godisnje-financiranja-politickih-stranaka-i-nezavisnih-vijecnika-2023.docx\">Izvje\u0161\u0107e o iznosu raspore\u0111enih i ispla\u0107enih sredstava iz prora\u010duna Op\u0107ine Matulji za redovito godi\u0161nje financiranje politi\u010dkih stranaka i nezavisnih vije\u0107nika u 2023. godini<\/a><\/p>\n<p><a href=\"https:\/\/matulji.hr\/portal\/wp-content\/uploads\/2024\/01\/Odluka-o-rasporedivanju-sredstava-za-redovito-godisnje-financiranja-politickih-stranaka-i-nezavisnih-vijecnika-u-2024.-godini.docx\">Odluka o raspore\u0111ivanju sredstava iz Prora\u010duna Op\u0107ine Matulji za redovito godi\u0161nje financiranje politi\u010dkih stranaka i nezavisnih vije\u0107nika u 2024. godini<\/a><\/p>\n<p><a href=\"https:\/\/matulji.hr\/portal\/wp-content\/uploads\/2024\/10\/Odluka-o-rasporedivanju-sredstava-Proracuna-Opcine-Matulji-za-redovito-godisnje-financiranja-politickih-stranaka-i-nezavisnih-vijecnika-u-2024.-godini.docx\">Odluka o raspore\u0111ivanju sredstava iz Prora\u010duna Op\u0107ine Matulji za redovito godi\u0161nje financiranje politi\u010dkih stranaka i nezavisnih vije\u0107nika u 2024. godini<\/a><\/p>\n<p><a href=\"https:\/\/matulji.hr\/portal\/wp-content\/uploads\/2025\/01\/Izvjesce-redovito-godisnje-financiranja-politickih-stranaka-i-nezavisnih-vijecnika-2024.docx\"> Izvje\u0161\u0107e o iznosu raspore\u0111enih i ispla\u0107enih sredstava iz prora\u010duna Op\u0107ine Matulji za redovito godi\u0161nje financiranje politi\u010dkih stranaka i nezavisnih vije\u0107nika u 2024. godini<\/a><\/p>\n","protected":false},"excerpt":{"rendered":"<p>OP\u0106INSKO VIJE\u0106E\u00a0 IVA LETINA (HDZ), Predsjednica RAJKO STANI\u0106 (PGS), Potpredsjednik VLADAN MEKTEROVI\u0106 (SDP), Potpredsjednik EDUARD BA\u0106I\u0106 (SDP), vije\u0107nik MARKO BORAS MANDI\u0106 (UNIJA), vije\u0107nik IVANA BRATOVI\u0106 (HDZ), vije\u0107nica IVAN \u010cRNJARI\u0106 (HNS), vije\u0107nik MILJENKO HEGEDU\u0160 (NEZAVISNA LISTA), vije\u0107nik SLOBODAN JURA\u010cI\u0106 (SDP), vije\u0107nik VEDRAN KINKELA (SDP), vije\u0107nik ANDREA MICULINI\u0106 \u0110URI\u0106 (HDZ), vije\u0107nica SANDRO PECMAN (NEZAVISNA LISTA), vije\u0107nik DORIS STANI\u0106 (SDP), vije\u0107nica MARIJA SU\u0160ANJ (PGS), vije\u0107nica MORENA SU\u0160ANJ (SDP), vije\u0107nica &nbsp; _________________________________________ Odluka o raspore\u0111ivanju sredstava Prora\u010duna Op\u0107ine Matulji za redovito godi\u0161nje financiranja politi\u010dkih stranaka i nezavisnih vije\u0107nika u 2020. godini Izvje\u0161\u0107e o iznosu&#8230; <\/p>\n","protected":false},"author":2,"featured_media":0,"parent":0,"menu_order":0,"comment_status":"closed","ping_status":"closed","template":"","meta":{"footnotes":""},"class_list":["post-184","page","type-page","status-publish","hentry"],"_links":{"self":[{"href":"https:\/\/matulji.hr\/portal\/wp-json\/wp\/v2\/pages\/184","targetHints":{"allow":["GET"]}}],"collection":[{"href":"https:\/\/matulji.hr\/portal\/wp-json\/wp\/v2\/pages"}],"about":[{"href":"https:\/\/matulji.hr\/portal\/wp-json\/wp\/v2\/types\/page"}],"author":[{"embeddable":true,"href":"https:\/\/matulji.hr\/portal\/wp-json\/wp\/v2\/users\/2"}],"replies":[{"embeddable":true,"href":"https:\/\/matulji.hr\/portal\/wp-json\/wp\/v2\/comments?post=184"}],"version-history":[{"count":10,"href":"https:\/\/matulji.hr\/portal\/wp-json\/wp\/v2\/pages\/184\/revisions"}],"predecessor-version":[{"id":12084,"href":"https:\/\/matulji.hr\/portal\/wp-json\/wp\/v2\/pages\/184\/revisions\/12084"}],"wp:attachment":[{"href":"https:\/\/matulji.hr\/portal\/wp-json\/wp\/v2\/media?parent=184"}],"curies":[{"name":"wp","href":"https:\/\/api.w.org\/{rel}","templated":true}]}}