{"id":169,"date":"2014-08-17T18:48:59","date_gmt":"2014-08-17T18:48:59","guid":{"rendered":"http:\/\/matulji.hr\/pocetna\/?page_id=169"},"modified":"2025-06-11T11:05:13","modified_gmt":"2025-06-11T09:05:13","slug":"nacelnik","status":"publish","type":"page","link":"https:\/\/matulji.hr\/portal\/nacelnik\/","title":{"rendered":"Na\u010delnica"},"content":{"rendered":"<p class=\"western\" lang=\"en-US\"><strong><span style=\"font-size: x-large;\">OP\u0106INSKA NA\u010cELNICA<\/span><\/strong><\/p>\n<p class=\"western\" lang=\"en-US\"><span style=\"font-size: x-large;\"><i>Ingrid Debeuc<\/i><\/span><\/p>\n<p lang=\"en-US\">Kontakt: tel. 051 401-461<\/p>\n<p lang=\"en-US\">e-mail:<a href=\"mailto:ingrid.debeuc@matulji.hr\" target=\"_blank\" rel=\"noopener\"> ingrid.debeuc@matulji.hr<\/a><\/p>\n<p class=\"western\" lang=\"en-US\"><span style=\"font-size: large;\">Tajnica: 051 274-114<\/span><\/p>\n<p class=\"western\" lang=\"en-US\"><span style=\"font-size: large;\">Fax: 051 401-469<\/p>\n<p><\/span><\/p>\n<p class=\"western\" lang=\"en-US\"><strong><span style=\"font-size: x-large;\">ZAMJENICA OP\u0106INSKE NA\u010cELNICE<\/span><\/strong><\/p>\n<p class=\"western\" lang=\"en-US\"><span style=\"font-size: x-large;\"><i>Karin Brajkovi\u0107\u00a0<\/i><\/span><\/p>\n<p class=\"western\" lang=\"en-US\"><span style=\"font-size: large;\">Kontakt: tel. 051 274-238<\/span><\/p>\n<p class=\"western\" lang=\"en-US\"><span style=\"font-size: large;\">e-mail: <a href=\"mailto:karin.brajkovic@matulji.hr\" target=\"_blank\" rel=\"noopener\">karin.brajkovic@matulji.hr<\/a><\/span><\/p>\n<p class=\"western\" lang=\"en-US\"><span style=\"font-size: large;\">Tajnica: 051 274-114<\/span><\/p>\n<p class=\"western\" lang=\"en-US\"><span style=\"font-size: large;\">Fax: 051 401-469<\/span><\/p>\n","protected":false},"excerpt":{"rendered":"<p>OP\u0106INSKA NA\u010cELNICA Ingrid Debeuc Kontakt: tel. 051 401-461 e-mail: ingrid.debeuc@matulji.hr Tajnica: 051 274-114 Fax: 051 401-469 ZAMJENICA OP\u0106INSKE NA\u010cELNICE Karin Brajkovi\u0107\u00a0 Kontakt: tel. 051 274-238 e-mail: karin.brajkovic@matulji.hr Tajnica: 051 274-114 Fax: 051 401-469<\/p>\n","protected":false},"author":2,"featured_media":0,"parent":0,"menu_order":0,"comment_status":"closed","ping_status":"closed","template":"","meta":{"footnotes":""},"class_list":["post-169","page","type-page","status-publish","hentry"],"_links":{"self":[{"href":"https:\/\/matulji.hr\/portal\/wp-json\/wp\/v2\/pages\/169","targetHints":{"allow":["GET"]}}],"collection":[{"href":"https:\/\/matulji.hr\/portal\/wp-json\/wp\/v2\/pages"}],"about":[{"href":"https:\/\/matulji.hr\/portal\/wp-json\/wp\/v2\/types\/page"}],"author":[{"embeddable":true,"href":"https:\/\/matulji.hr\/portal\/wp-json\/wp\/v2\/users\/2"}],"replies":[{"embeddable":true,"href":"https:\/\/matulji.hr\/portal\/wp-json\/wp\/v2\/comments?post=169"}],"version-history":[{"count":5,"href":"https:\/\/matulji.hr\/portal\/wp-json\/wp\/v2\/pages\/169\/revisions"}],"predecessor-version":[{"id":12017,"href":"https:\/\/matulji.hr\/portal\/wp-json\/wp\/v2\/pages\/169\/revisions\/12017"}],"wp:attachment":[{"href":"https:\/\/matulji.hr\/portal\/wp-json\/wp\/v2\/media?parent=169"}],"curies":[{"name":"wp","href":"https:\/\/api.w.org\/{rel}","templated":true}]}}