{"id":151,"date":"2014-08-16T19:26:11","date_gmt":"2014-08-16T19:26:11","guid":{"rendered":"http:\/\/matulji.hr\/pocetna\/?page_id=151"},"modified":"2026-02-25T09:06:25","modified_gmt":"2026-02-25T08:06:25","slug":"obrasci-3","status":"publish","type":"page","link":"https:\/\/matulji.hr\/portal\/obrasci-3\/","title":{"rendered":"Obrasci"},"content":{"rendered":"<p><a class=\"button\" href=\"https:\/\/matulji.hr\/pocetna\/obrasci-obrazovanje\/\">Obrasci obrazovanje<\/a><\/p>\n<p><a class=\"button\" href=\"https:\/\/matulji.hr\/pocetna\/obveze-placanja-poreza-i-drugih-javnih-davanja\/\">Obveze pla\u0107anja poreza i drugih javnih davanja<\/a><\/p>\n<p><a class=\"button\" href=\"https:\/\/matulji.hr\/portal\/financiranje-programa-projekata-i-manifestacija\/\">Financiranje programa, projekata i manifestacija<\/a><\/p>\n<p><a class=\"button\" href=\"https:\/\/matulji.hr\/pocetna\/aktivni-umirovljenici-dugovjecni-stanovnici\/\">Aktivni umirovljenici dugovje\u010dni stanovnici<\/a><\/p>\n<p><a class=\"button\" href=\"https:\/\/matulji.hr\/pocetna\/odgoda-placanja-i-otpis-obveza\/\">Odgoda pla\u0107anja i otpis obaveza<\/a><\/p>\n<p><a class=\"button\" href=\"https:\/\/matulji.hr\/pocetna\/obrasci-za-novorodeno-dijete\/\">Obrasci za novoro\u0111eno dijete<\/a><\/p>\n<p><a class=\"button\" href=\"https:\/\/matulji.hr\/pocetna\/sufinanciranje-troskova-programa-predskolskog-odgoja-i-obrazovanja\/\">Sufinanciranje tro\u0161kova programa pred\u0161kolskog odgoja i obrazovanja<\/a><\/p>\n<p><a class=\"button\" href=\"https:\/\/matulji.hr\/portal\/prava-i-pomoci-iz-socijalnog-programa\/\">Prava i pomo\u0107i iz socijalnog programa<\/a><\/p>\n<p><a class=\"button\" href=\"https:\/\/matulji.hr\/portal\/financiranje-javnih-potreba-u-kulturi\/\">Financiranje javnih potreba u kulturi<\/a><\/p>\n<p><a class=\"button\" href=\"https:\/\/matulji.hr\/portal\/wp-content\/uploads\/2025\/10\/LINK-ZA-OBRAZAC.docx\"><span style=\"font-family: Arial, serif;\">OBRAZAC PRIJAVE ZA POKLON POVODOM BO\u017dI\u0106NIH BLAGDANA<\/span><\/a><\/p>\n\n\n<p><a class=\"button\" href=\"https:\/\/matulji.hr\/portal\/wp-content\/uploads\/2025\/10\/Obrazac-zahtjeva_medicinski-pomognuta-oplodnja.docx\">OBRAZAC ZAHTJEVA ZA SUFINANCIRANJE MEDICINSKE POMOGNUTE OPLODNJE<\/a><\/p>\n\n\n\n<p><a class=\"button\" href=\"https:\/\/matulji.hr\/portal\/wp-content\/uploads\/2026\/02\/Obrazac-zahtjeva-za-prigodnu-pomoc-za-blagdan-Uskrsa2.docx\">OBRAZAC ZAHTJEVA ZA PRIGODNU POMO\u0106 ZA BLAGDAN USKRSA U 2026. GODINI<\/a><\/p>\n","protected":false},"excerpt":{"rendered":"<p>Obrasci obrazovanje Obveze pla\u0107anja poreza i drugih javnih davanja Financiranje programa, projekata i manifestacija Aktivni umirovljenici dugovje\u010dni stanovnici Odgoda pla\u0107anja i otpis obaveza Obrasci za novoro\u0111eno dijete Sufinanciranje tro\u0161kova programa pred\u0161kolskog odgoja i obrazovanja Prava i pomo\u0107i iz socijalnog programa Financiranje javnih potreba u kulturi OBRAZAC PRIJAVE ZA POKLON POVODOM BO\u017dI\u0106NIH BLAGDANA OBRAZAC ZAHTJEVA ZA SUFINANCIRANJE MEDICINSKE POMOGNUTE OPLODNJE OBRAZAC ZAHTJEVA ZA PRIGODNU POMO\u0106 ZA BLAGDAN USKRSA U 2026. GODINI<\/p>\n","protected":false},"author":2,"featured_media":0,"parent":0,"menu_order":0,"comment_status":"closed","ping_status":"closed","template":"","meta":{"footnotes":""},"class_list":["post-151","page","type-page","status-publish","hentry"],"_links":{"self":[{"href":"https:\/\/matulji.hr\/portal\/wp-json\/wp\/v2\/pages\/151","targetHints":{"allow":["GET"]}}],"collection":[{"href":"https:\/\/matulji.hr\/portal\/wp-json\/wp\/v2\/pages"}],"about":[{"href":"https:\/\/matulji.hr\/portal\/wp-json\/wp\/v2\/types\/page"}],"author":[{"embeddable":true,"href":"https:\/\/matulji.hr\/portal\/wp-json\/wp\/v2\/users\/2"}],"replies":[{"embeddable":true,"href":"https:\/\/matulji.hr\/portal\/wp-json\/wp\/v2\/comments?post=151"}],"version-history":[{"count":30,"href":"https:\/\/matulji.hr\/portal\/wp-json\/wp\/v2\/pages\/151\/revisions"}],"predecessor-version":[{"id":12878,"href":"https:\/\/matulji.hr\/portal\/wp-json\/wp\/v2\/pages\/151\/revisions\/12878"}],"wp:attachment":[{"href":"https:\/\/matulji.hr\/portal\/wp-json\/wp\/v2\/media?parent=151"}],"curies":[{"name":"wp","href":"https:\/\/api.w.org\/{rel}","templated":true}]}}