{"id":145,"date":"2014-08-16T19:16:36","date_gmt":"2014-08-16T19:16:36","guid":{"rendered":"http:\/\/matulji.hr\/pocetna\/?page_id=145"},"modified":"2023-10-03T17:53:07","modified_gmt":"2023-10-03T15:53:07","slug":"savjet-mladih-opcine-matulji","status":"publish","type":"page","link":"https:\/\/matulji.hr\/portal\/savjet-mladih-opcine-matulji\/","title":{"rendered":"Savjet mladih Op\u0107ine Matulji"},"content":{"rendered":"<p><span style=\"font-family: Times New Roman, serif;\"><u><b>OP\u0106ENITO O SAVJETU MLADIH<\/b><\/u><\/span><\/p>\n<p><span style=\"font-family: Times New Roman, serif;\">Savjet mladih je savjetodavno tijelo Op\u0107ine Matulji koje promi\u010de i zagovara prava, potrebe i interese mladih.<\/span><\/p>\n<p align=\"justify\"><span style=\"font-family: Times New Roman, serif;\">Kandidati za \u010dlanove i zamjenike \u010dlanova Savjeta mladih Op\u0107ine Matulji mogu biti osobe s prebivali\u0161tem ili boravi\u0161tem na podru\u010dju Op\u0107ine Matulji koji u trenutku podno\u0161enja kandidature imaju navr\u0161enih 15 do navr\u0161enih 30 godina \u017eivota.<\/span><\/p>\n<p><span style=\"font-family: Times New Roman, serif;\">Pravo isticanja kandidature za \u010dlanove i zamjenike \u010dlanova Savjeta mladih Op\u0107ine Matulji imaju:<\/span><\/p>\n<p><span style=\"font-family: Times New Roman, serif;\">&#8211; udruge koje su sukladno statutu ciljno i prema djelatnostima opredijeljene za rad s mladima i<\/span><\/p>\n<p><span style=\"font-family: Times New Roman, serif;\">za mlade,<\/span><\/p>\n<p><span style=\"font-family: Times New Roman, serif;\">&#8211; u\u010deni\u010dka vije\u0107a, <\/span><\/p>\n<p><span style=\"font-family: Times New Roman, serif;\">&#8211; studentski zborovi, <\/span><\/p>\n<p><span style=\"font-family: Times New Roman, serif;\">&#8211; podmladci politi\u010dkih stranaka, sindikalnih ili strukovnih organizacija u Republici Hrvatskoj i<\/span><\/p>\n<p><span style=\"font-family: Times New Roman, serif;\">&#8211; neformalne skupine mladih.<\/span><\/p>\n<p><span style=\"font-family: Times New Roman, serif;\"><u><b>ZAKONI I ODLUKE <\/b><\/u><\/span><\/p>\n<p><span style=\"font-family: Times New Roman, serif;\">Zakon o savjetima mladih (\u201eNarodne novine\u201c broj 41\/14)<\/span><\/p>\n<p><span style=\"color: #0000ff;\"><u><a href=\"http:\/\/www.sn.pgz.hr\/default.asp?Link=odluke&amp;id=12784\"><span style=\"font-family: Times New Roman, serif;\">Odluka o osnivanju Savjeta mladih Op\u0107ine Matulji (\u201eSlu\u017ebene novine Primorsko-goranske \u017eupanije\u201c broj 28\/07)<\/span><\/a><\/u><\/span><\/p>\n<p><span style=\"color: #0000ff;\"><u><a href=\"http:\/\/www.sn.pgz.hr\/default.asp?Link=odluke&amp;id=30746\"><span style=\"font-family: Times New Roman, serif;\">Odluka o osnivanju Savjeta mladih Op\u0107ine Matulji (\u201eSlu\u017ebene novine Primorsko-goranske \u017eupanije\u201c broj 23\/14)<\/span><\/a><\/u><\/span><\/p>\n<p><a href=\"http:\/\/www.sn.pgz.hr\/default.asp?Link=odluke&amp;id=45259\" target=\"_blank\" rel=\"noopener\" data-saferedirecturl=\"https:\/\/www.google.com\/url?q=http:\/\/www.sn.pgz.hr\/default.asp?Link%3Dodluke%26id%3D45259&amp;source=gmail&amp;ust=1674929843618000&amp;usg=AOvVaw2M2dHA8ypSREu6ZQp7zl8i\">Odluka o Izmjeni Odluke o osnivanju Savjeta mladih Op\u0107ine Matulji (\u201eSlu\u017ebene novine Primorsko-goranske \u017eupanije\u201c broj 25\/22)<\/a><\/p>\n<p><span style=\"color: #0000ff;\"><u><a href=\"https:\/\/matulji.hr\/pocetna\/wp-content\/uploads\/2014\/08\/Poslovnik_savjetmladih.htm\"><span style=\"font-family: Times New Roman, serif;\">Poslovnik Savjeta mladih Op\u0107ine Matulji &#8211; 10. 04. 2008.<\/span><\/a><\/u><\/span><\/p>\n<p><span style=\"font-family: Times New Roman, serif;\"><u><b>PRIJA\u0160NJI SAZIVI<\/b><\/u><\/span><\/p>\n<p><span style=\"color: #0000ff;\"><u><a href=\"http:\/\/www.sn.pgz.hr\/default.asp?Link=odluke&amp;id=24346\"><span style=\"font-family: Times New Roman, serif;\">Odluka o izboru \u010dlanova Savjeta mladih Op\u0107ine Matulji &#8211; 22. o\u017eujka 2012.<\/span><\/a><\/u><\/span><\/p>\n<p align=\"justify\"><span style=\"font-family: Times New Roman, serif;\">Izabrani \u010dlanovi Savjeta mladih Op\u0107ine Matulji: Marina Andrijani\u0107 (PGS), Iva Grbac (PGS), Vedran Grguri\u0107 (HDZ), Kristina Kinkela (HNS), Vedran Kinkela (SDP), Sara Komen (PGS), Sandro Ladavac (IDS), Sandro Pecman (PGS) i Patricija Radeti\u0107 (AM).<\/span><\/p>\n<p align=\"justify\"><span style=\"font-family: Times New Roman, serif;\">Konstituiraju\u0107a sjednica odr\u017eana je 17. travnja 2012. godine te je za predsjednicu izabrana Iva Grbac, a za njenog zamjenika Sandro Ladavac.<\/span><\/p>\n<p><span style=\"color: #0000ff;\"><u><a href=\"http:\/\/www.sn.pgz.hr\/default.asp?Link=odluke&amp;id=19253\"><span style=\"font-family: Times New Roman, serif;\">Odluka o izboru \u010dlanova Savjeta mladih Op\u0107ine Matulji &#8211; 26. sije\u010dnja 2010.<\/span><\/a><\/u><\/span><\/p>\n<p align=\"justify\"><span style=\"font-family: Times New Roman, serif;\">Izabrani \u010dlanovi Savjeta mladih Op\u0107ine Matulji: Ivana Bratovi\u0107, Sabina Frlan, Vedran Grguri\u0107, Vedran Kinkela, Sandro Ladavac, Goran Lu\u010din, Martina Radeti\u0107, Marin \u0160abanovi\u0107 i Ivica \u0160ali\u0107.<\/span><\/p>\n<p><span style=\"color: #0000ff;\"><u><a href=\"http:\/\/www.sn.pgz.hr\/default.asp?Link=odluke&amp;id=13542\"><span style=\"font-family: Times New Roman, serif;\">Odluka o izboru \u010dlanova Savjeta mladih Op\u0107ine Matulji &#8211; 22. studenoga 2007.<\/span><\/a><\/u><\/span><\/p>\n<p align=\"justify\"><span style=\"font-family: Times New Roman, serif;\">Izabrani \u010dlanovi Savjeta mladih Op\u0107ine Matulji: Sini\u0161a Jardas, Natali Babi\u0107, Mauro Staraj, Mauro Grl, Goran Pero\u017ei\u0107, Dalibor Pu\u017e, Dijana Turk, Petra \u0106ulibrk i Ana Kostadina.<\/span><\/p>\n<\/p>\n\n\n<p><strong>TRENUTNI SAZIV<\/strong><\/p>\n\n\n\n<p><a href=\"http:\/\/www.sn.pgz.hr\/default.asp?Link=odluke&amp;id=45972\" target=\"_blank\" rel=\"noreferrer noopener\">Odluka o izboru \u010dlanova i zamjenika \u010dlanova Savjeta mladih Op\u0107ine Matulji \u2013 29. studeni 2022.<\/a><\/p>\n\n\n\n<p>Izabrani \u010dlanovi i zamjenici \u010dlanova Savjeta mladih Op\u0107ine Matulji:<\/p>\n\n\n\n<p>JAKOV D\u017dAFI\u0106 \u2013 \u010dlan<\/p>\n\n\n\n<p>MARINELA GALETI\u0106 SABO \u2013 zamjenica \u010dlana<\/p>\n\n\n\n<p>VERONIKA GROHOVAC BERNETI\u0106 \u2013 \u010dlanica<\/p>\n\n\n\n<p>SARA BARAK \u2013 zamjenica \u010dlanice<\/p>\n\n\n\n<p>LUKA LOVRI\u0106 \u2013 \u010dlan<\/p>\n\n\n\n<p>RAUL SU\u0160ANJ \u2013 zamjenik \u010dlana<\/p>\n\n\n\n<p>DINO MARKI\u0106 \u2013 \u010dlan<\/p>\n\n\n\n<p>IVAN IVANKOVI\u0106 \u2013 zamjenik \u010dlana<\/p>\n\n\n\n<p>TINA SECCARECCIA \u2013 \u010dlanica<\/p>\n\n\n\n<p>GLORIA KOVA\u010cEVI\u0106 \u2013 zamjenica \u010dlanice<\/p>\n\n\n\n<p>SARA SU\u0160ANJ \u2013 \u010dlanica<\/p>\n\n\n\n<p>SARA KORVA \u2013 zamjenica \u010dlanice<\/p>\n\n\n\n<p>BARBARA \u0160VE\u0160KO \u2013 \u010dlanica<\/p>\n\n\n\n<p>NICOLE JURI\u010cI\u0106 \u2013 zamjenica \u010dlana<\/p>\n\n\n\n<p>Konstituiraju\u0107a sjednica odr\u017eana je 20. sije\u010dnja 2023. godine te je za predsjednika izabran Jakov D\u017eafi\u0107, a za zamjenika predsjednika Barbara \u0160ve\u0161ko.<\/p>\n\n\n\n<p><strong>PROGRAM RADA I FINANCIJKI PLAN<\/strong><\/p>\n\n\n\n<p><a href=\"https:\/\/matulji.hr\/portal\/wp-content\/uploads\/2023\/05\/Program-rada-i-financijski-plan-Savjeta-Matulji-Opcine-Matulji-za-2023.-godinu.docx\">Program rada i financijski plan Savjeta mladih Op\u0107ine Matulji za 2023. godinu<\/a><\/p>\n\n\n\n<p><a href=\"https:\/\/matulji.hr\/portal\/wp-content\/uploads\/2023\/10\/Poslovnik-o-radu-SM-Matulji-2023-2.docx\" data-type=\"link\" data-id=\"https:\/\/matulji.hr\/portal\/wp-content\/uploads\/2023\/10\/Poslovnik-o-radu-SM-Matulji-2023-2.docx\"><strong>POSLOVNIK<\/strong> <strong>O RADU SAVJETA MLADIH OP\u0106INE MATULJI<\/strong><\/a><\/p>\n\n\n\n<p><\/p>\n","protected":false},"excerpt":{"rendered":"<p>OP\u0106ENITO O SAVJETU MLADIH Savjet mladih je savjetodavno tijelo Op\u0107ine Matulji koje promi\u010de i zagovara prava, potrebe i interese mladih. Kandidati za \u010dlanove i zamjenike \u010dlanova Savjeta mladih Op\u0107ine Matulji mogu biti osobe s prebivali\u0161tem ili boravi\u0161tem na podru\u010dju Op\u0107ine Matulji koji u trenutku podno\u0161enja kandidature imaju navr\u0161enih 15 do navr\u0161enih 30 godina \u017eivota. Pravo isticanja kandidature za \u010dlanove i zamjenike \u010dlanova Savjeta mladih Op\u0107ine Matulji imaju: &#8211; udruge koje su sukladno statutu ciljno i prema djelatnostima opredijeljene za rad s mladima i za mlade, &#8211; u\u010deni\u010dka vije\u0107a, &#8211; studentski&#8230; <\/p>\n","protected":false},"author":2,"featured_media":0,"parent":0,"menu_order":0,"comment_status":"closed","ping_status":"closed","template":"","meta":{"footnotes":""},"class_list":["post-145","page","type-page","status-publish","hentry"],"_links":{"self":[{"href":"https:\/\/matulji.hr\/portal\/wp-json\/wp\/v2\/pages\/145","targetHints":{"allow":["GET"]}}],"collection":[{"href":"https:\/\/matulji.hr\/portal\/wp-json\/wp\/v2\/pages"}],"about":[{"href":"https:\/\/matulji.hr\/portal\/wp-json\/wp\/v2\/types\/page"}],"author":[{"embeddable":true,"href":"https:\/\/matulji.hr\/portal\/wp-json\/wp\/v2\/users\/2"}],"replies":[{"embeddable":true,"href":"https:\/\/matulji.hr\/portal\/wp-json\/wp\/v2\/comments?post=145"}],"version-history":[{"count":4,"href":"https:\/\/matulji.hr\/portal\/wp-json\/wp\/v2\/pages\/145\/revisions"}],"predecessor-version":[{"id":10188,"href":"https:\/\/matulji.hr\/portal\/wp-json\/wp\/v2\/pages\/145\/revisions\/10188"}],"wp:attachment":[{"href":"https:\/\/matulji.hr\/portal\/wp-json\/wp\/v2\/media?parent=145"}],"curies":[{"name":"wp","href":"https:\/\/api.w.org\/{rel}","templated":true}]}}