{"id":138,"date":"2014-08-16T19:07:30","date_gmt":"2014-08-16T19:07:30","guid":{"rendered":"http:\/\/matulji.hr\/pocetna\/?page_id=138"},"modified":"2014-08-16T19:07:30","modified_gmt":"2014-08-16T19:07:30","slug":"popis-ambulanti-primarne-zdravstvene-zastite-na-podrucju-opcine-matulji","status":"publish","type":"page","link":"https:\/\/matulji.hr\/portal\/popis-ambulanti-primarne-zdravstvene-zastite-na-podrucju-opcine-matulji\/","title":{"rendered":"POPIS AMBULANTI PRIMARNE ZDRAVSTVENE ZA\u0160TITE NA PODRU\u010cJU OP\u0106INE MATULJI"},"content":{"rendered":"<div class=\"art-article\">\n<p><strong>POPIS AMBULANTI PRIMARNE ZDRAVSTVENE ZA\u0160TITE NA PODRU\u010cJU OP\u0106INE MATULJI<\/strong><\/p>\n<p><b><i>Sve ambulante nalaze se na adresi \u2013 Cesta dalmatinskih brigada Matulji<\/i><\/b><\/p>\n<p>&nbsp;<\/p>\n<p>ORDINACIJA OP\u0106E MEDICINE<\/p>\n<p><b>BISERKA BA\u0160A, dr.med.<\/b><\/p>\n<p>Centar za primarnu zdravstvenu za\u0161titu<\/p>\n<p>tel: <b>274-870<\/b><\/p>\n<p>______________________________________________<\/p>\n<p>ORDINACIJA OP\u0106E MEDICINE<\/p>\n<p><b>MLADEN PRENC, dr. med.<\/b><\/p>\n<p>Specijalist obiteljske medicine<\/p>\n<p>Centar za primarnu zdravstvenu za\u0161titu<\/p>\n<p>tel: <b>274-895<\/b><\/p>\n<p>______________________________________________<\/p>\n<p>STOMATOLO\u0160KA ORDINACIJA<\/p>\n<p><b>dr. stom. NADE\u017dDA KOPANI-FRKETI\u0106<\/b><\/p>\n<p>Centar za primarnu zdravstvenu za\u0161titu<\/p>\n<p>tel: <b>277-250<\/b><\/p>\n<p>______________________________________________<\/p>\n<p>DOM ZDRAVLJA PRIMORSKO-GORANSKE \u017dUPANIJE<\/p>\n<p>STOMATOLO\u0160KA ORDINACIJA<\/p>\n<p><b>dr. stom. JASNA BUTORAC GLOMAZI\u0106<\/b><\/p>\n<p>Centar za primarnu zdravstvenu za\u0161titu<\/p>\n<p>tel: <b>277-104<\/b><\/p>\n<p>______________________________________________<\/p>\n<p>STOMATOLO\u0160KA ORDINACIJA<\/p>\n<p><b>dr. stom. CARMEN BRUMNJAK-TE\u0160I\u0106<\/b><\/p>\n<p>Centar za primarnu zdravstvenu za\u0161titu<\/p>\n<p>tel: <b>276-753<\/b><\/p>\n<p>______________________________________________<\/p>\n<p>STOMATOLO\u0160KA ORDINACIJA<\/p>\n<p><b>dr. stom. SANJA PR\u0160LE-JURA\u010cI\u0106<\/b><\/p>\n<p>Centar za primarnu zdravstvenu za\u0161titu<\/p>\n<p>tel: <b>276-279<\/b><\/p>\n<p>______________________________________________<\/p>\n<p>ORDINACIJA OP\u0106E MEDICINE<\/p>\n<p><b>JUR\u010cEC MAJDA, dr. med.<\/b><\/p>\n<p>Centar za primarnu zdravstvenu za\u0161titu<\/p>\n<p>tel: <b>445-121<\/b><\/p>\n<p>______________________________________________<\/p>\n<p>SPECIJALISTI\u010cKA PEDIJATRIJSKA ORDINACIJA<\/p>\n<p><b>JASNA \u017dIROVNIK<\/b>, <b>dr. med.<\/b><\/p>\n<p>Centar za primarnu zdravstvenu za\u0161titu<\/p>\n<p>tel: <b>276-725<br \/>\n______________________________________________\u00a0<\/b><\/p>\n<p>&nbsp;<\/p>\n<p>AMBULANTA OP\u0106E MEDICINE<\/p>\n<p><b>IRIS \u0160AFTI\u0106-KANI\u0106<\/b>, dr. med.<\/p>\n<p>Centar za primarnu zdravstvenu za\u0161titu<\/p>\n<p>tel: <b>275-303<\/b><\/p>\n<p>______________________________________________<\/p>\n<p>AMBULANTA OP\u0106E MEDICINE<\/p>\n<p><b>MARKI\u0106 IRENA, dr. med.<\/b><\/p>\n<p>Centar za primarnu zdravstvenu za\u0161titu<\/p>\n<p>tel: <b>274-800<\/b><\/p>\n<p>______________________________________________<\/p>\n<p>GINEKOLO\u0160KA ORDINACIJA<\/p>\n<p><b>ANTE \u0160KROBONJA<\/b>, <b>spec. ginekologije\u00a0<\/b><b>i opstetricije.<\/b><\/p>\n<p>Centar za primarnu zdravstvenu za\u0161titu<\/p>\n<p>tel<b>: 276-719<\/b><\/div>\n","protected":false},"excerpt":{"rendered":"<p>POPIS AMBULANTI PRIMARNE ZDRAVSTVENE ZA\u0160TITE NA PODRU\u010cJU OP\u0106INE MATULJI Sve ambulante nalaze se na adresi \u2013 Cesta dalmatinskih brigada Matulji &nbsp; ORDINACIJA OP\u0106E MEDICINE BISERKA BA\u0160A, dr.med. Centar za primarnu zdravstvenu za\u0161titu tel: 274-870 ______________________________________________ ORDINACIJA OP\u0106E MEDICINE MLADEN PRENC, dr. med. Specijalist obiteljske medicine Centar za primarnu zdravstvenu za\u0161titu tel: 274-895 ______________________________________________ STOMATOLO\u0160KA ORDINACIJA dr. stom. NADE\u017dDA KOPANI-FRKETI\u0106 Centar za primarnu zdravstvenu za\u0161titu tel: 277-250 ______________________________________________ DOM ZDRAVLJA PRIMORSKO-GORANSKE \u017dUPANIJE STOMATOLO\u0160KA ORDINACIJA dr. stom. JASNA BUTORAC GLOMAZI\u0106 Centar za primarnu zdravstvenu za\u0161titu tel: 277-104 ______________________________________________ STOMATOLO\u0160KA ORDINACIJA dr. stom&#8230;. <\/p>\n","protected":false},"author":2,"featured_media":0,"parent":0,"menu_order":0,"comment_status":"closed","ping_status":"closed","template":"","meta":{"footnotes":""},"class_list":["post-138","page","type-page","status-publish","hentry"],"_links":{"self":[{"href":"https:\/\/matulji.hr\/portal\/wp-json\/wp\/v2\/pages\/138","targetHints":{"allow":["GET"]}}],"collection":[{"href":"https:\/\/matulji.hr\/portal\/wp-json\/wp\/v2\/pages"}],"about":[{"href":"https:\/\/matulji.hr\/portal\/wp-json\/wp\/v2\/types\/page"}],"author":[{"embeddable":true,"href":"https:\/\/matulji.hr\/portal\/wp-json\/wp\/v2\/users\/2"}],"replies":[{"embeddable":true,"href":"https:\/\/matulji.hr\/portal\/wp-json\/wp\/v2\/comments?post=138"}],"version-history":[{"count":0,"href":"https:\/\/matulji.hr\/portal\/wp-json\/wp\/v2\/pages\/138\/revisions"}],"wp:attachment":[{"href":"https:\/\/matulji.hr\/portal\/wp-json\/wp\/v2\/media?parent=138"}],"curies":[{"name":"wp","href":"https:\/\/api.w.org\/{rel}","templated":true}]}}