{"id":134,"date":"2014-08-16T19:05:29","date_gmt":"2014-08-16T19:05:29","guid":{"rendered":"http:\/\/matulji.hr\/pocetna\/?page_id=134"},"modified":"2014-08-16T19:05:29","modified_gmt":"2014-08-16T19:05:29","slug":"korisni-telefoni","status":"publish","type":"page","link":"https:\/\/matulji.hr\/portal\/korisni-telefoni\/","title":{"rendered":"Korisni telefoni"},"content":{"rendered":"<table border=\"1\" width=\"472\" cellspacing=\"8\" cellpadding=\"8\">\n<tbody>\n<tr>\n<td class=\"rubrike\" width=\"220\">AUTOTRANS<\/td>\n<td class=\"rubrike\" width=\"172\">060\/ 30 20 10<\/td>\n<\/tr>\n<tr>\n<td class=\"rubrike\" width=\"220\">AMBULANTE I ORDINACIJE<\/td>\n<td class=\"rubrike\" width=\"172\"><a title=\"POPIS AMBULANTI PRIMARNE ZDRAVSTVENE ZA\u0160TITE NA PODRU\u010cJU OP\u0106INE MATULJI\" href=\"https:\/\/matulji.hr\/pocetna\/popis-ambulanti-primarne-zdravstvene-zastite-na-podrucju-opcine-matulji\/\">Kliknite za popis<\/a><\/td>\n<\/tr>\n<tr>\n<td class=\"rubrike\" width=\"220\">DOM ZDRAVLJA<\/td>\n<td class=\"rubrike\" width=\"172\">274-125<\/td>\n<\/tr>\n<tr>\n<td class=\"rubrike\" width=\"220\">DE\u017dURNI DIMNJA\u010cAR<\/td>\n<td class=\"rubrike\" width=\"172\">459-170<\/td>\n<\/tr>\n<tr>\n<td class=\"rubrike\" width=\"220\">DJE\u010cJI VRTI\u0106 MATULJI<\/td>\n<td class=\"rubrike\" width=\"172\">274-127<\/td>\n<\/tr>\n<tr>\n<td class=\"rubrike\" width=\"220\">FINANCIJSKA AGENCIJA<\/td>\n<td class=\"rubrike\" width=\"172\">273-921<\/td>\n<\/tr>\n<tr>\n<td class=\"rubrike\" width=\"220\">KOMUNALAC<\/td>\n<td class=\"rubrike\" width=\"172\">701-230<\/td>\n<\/tr>\n<tr>\n<td class=\"rubrike\" width=\"220\">KNJI\u017dNICA I \u010cITAONICA MATULJI<\/td>\n<td class=\"rubrike\" width=\"172\">277-595<\/td>\n<\/tr>\n<tr>\n<td class=\"rubrike\" width=\"220\">LJEKARNA MATULJI<\/td>\n<td class=\"rubrike\" width=\"172\">274-282<\/td>\n<\/tr>\n<tr>\n<td class=\"rubrike\" width=\"220\">LJEKARNA JU\u0160I\u0106I<\/td>\n<td class=\"rubrike\" width=\"172\">276-758<\/td>\n<\/tr>\n<tr>\n<td class=\"rubrike\" width=\"220\">MATI\u010cNI URED MATULJI<\/td>\n<td class=\"rubrike\" width=\"172\">277-190<\/td>\n<\/tr>\n<tr>\n<td class=\"rubrike\" width=\"220\">O\u0160 &#8220;DR. ANDRIJE MOHOROV\u010cI\u0106A&#8221;<\/td>\n<td class=\"rubrike\" width=\"172\">274-120<\/td>\n<\/tr>\n<tr>\n<td class=\"rubrike\" width=\"220\">O\u0160 &#8220;DRAGO GERVAIS&#8221; Bre\u0161ca<\/td>\n<td class=\"rubrike\" width=\"172\">279-229<\/td>\n<\/tr>\n<tr>\n<td class=\"rubrike\" width=\"220\">PO\u0160TA MATULJI<\/td>\n<td class=\"rubrike\" width=\"172\">274-555<\/td>\n<\/tr>\n<tr>\n<td class=\"rubrike\" width=\"220\">PRIVATNI IZNAJMLJIVA\u010cI OP\u0106INE<\/td>\n<td class=\"rubrike\" width=\"172\"><a href=\"http:\/\/tzmatulji.hr\/blog\/kategorija\/smjestaj\/\">Kliknite za popis<\/a><\/td>\n<\/tr>\n<tr>\n<td class=\"rubrike\" width=\"220\">TAXI &#8220;BM KAROSERIJA&#8221;<\/td>\n<td class=\"rubrike\" width=\"172\">098\/424424<\/td>\n<\/tr>\n<tr>\n<td class=\"rubrike\" width=\"220\">TAXI &#8220;VALTERMOTO&#8221;<\/td>\n<td class=\"rubrike\" width=\"172\">091\/2030203<\/td>\n<\/tr>\n<tr>\n<td class=\"rubrike\" width=\"220\">TZ MATULJI<\/td>\n<td class=\"rubrike\" width=\"172\">276-789<\/td>\n<\/tr>\n<tr>\n<td class=\"rubrike\" width=\"220\">VELETR\u017dNICA MATULJI<\/td>\n<td class=\"rubrike\" width=\"172\">277-258<\/td>\n<\/tr>\n<tr>\n<td class=\"rubrike\" width=\"220\">\u017dELJEZNI\u010cKI KOLODVOR<\/td>\n<td class=\"rubrike\" width=\"172\">213-333<\/td>\n<\/tr>\n<tr>\n<td class=\"rubrike\" width=\"220\">\u017dUPNI URED MATULJI<\/td>\n<td class=\"rubrike\" width=\"172\">274-977<\/td>\n<\/tr>\n<\/tbody>\n<\/table>\n","protected":false},"excerpt":{"rendered":"<p>AUTOTRANS 060\/ 30 20 10 AMBULANTE I ORDINACIJE Kliknite za popis DOM ZDRAVLJA 274-125 DE\u017dURNI DIMNJA\u010cAR 459-170 DJE\u010cJI VRTI\u0106 MATULJI 274-127 FINANCIJSKA AGENCIJA 273-921 KOMUNALAC 701-230 KNJI\u017dNICA I \u010cITAONICA MATULJI 277-595 LJEKARNA MATULJI 274-282 LJEKARNA JU\u0160I\u0106I 276-758 MATI\u010cNI URED MATULJI 277-190 O\u0160 &#8220;DR. ANDRIJE MOHOROV\u010cI\u0106A&#8221; 274-120 O\u0160 &#8220;DRAGO GERVAIS&#8221; Bre\u0161ca 279-229 PO\u0160TA MATULJI 274-555 PRIVATNI IZNAJMLJIVA\u010cI OP\u0106INE Kliknite za popis TAXI &#8220;BM KAROSERIJA&#8221; 098\/424424 TAXI &#8220;VALTERMOTO&#8221; 091\/2030203 TZ MATULJI 276-789 VELETR\u017dNICA MATULJI 277-258 \u017dELJEZNI\u010cKI KOLODVOR 213-333 \u017dUPNI URED MATULJI 274-977<\/p>\n","protected":false},"author":2,"featured_media":0,"parent":0,"menu_order":0,"comment_status":"closed","ping_status":"closed","template":"","meta":{"footnotes":""},"class_list":["post-134","page","type-page","status-publish","hentry"],"_links":{"self":[{"href":"https:\/\/matulji.hr\/portal\/wp-json\/wp\/v2\/pages\/134","targetHints":{"allow":["GET"]}}],"collection":[{"href":"https:\/\/matulji.hr\/portal\/wp-json\/wp\/v2\/pages"}],"about":[{"href":"https:\/\/matulji.hr\/portal\/wp-json\/wp\/v2\/types\/page"}],"author":[{"embeddable":true,"href":"https:\/\/matulji.hr\/portal\/wp-json\/wp\/v2\/users\/2"}],"replies":[{"embeddable":true,"href":"https:\/\/matulji.hr\/portal\/wp-json\/wp\/v2\/comments?post=134"}],"version-history":[{"count":0,"href":"https:\/\/matulji.hr\/portal\/wp-json\/wp\/v2\/pages\/134\/revisions"}],"wp:attachment":[{"href":"https:\/\/matulji.hr\/portal\/wp-json\/wp\/v2\/media?parent=134"}],"curies":[{"name":"wp","href":"https:\/\/api.w.org\/{rel}","templated":true}]}}