{"id":12777,"date":"2026-01-27T16:22:59","date_gmt":"2026-01-27T15:22:59","guid":{"rendered":"https:\/\/matulji.hr\/portal\/?page_id=12777"},"modified":"2026-03-29T14:30:29","modified_gmt":"2026-03-29T12:30:29","slug":"proracun-2026","status":"publish","type":"page","link":"https:\/\/matulji.hr\/portal\/proracun-2026\/","title":{"rendered":"PRORA\u010cUN 2026."},"content":{"rendered":"\n<p><a href=\"https:\/\/matulji.hr\/portal\/wp-content\/uploads\/2026\/01\/Prijedlog-Proracuna-za-2026.-godinu-s-projekcijama.zip\">Prijedlog Prora\u010duna Op\u0107ine Matulji za 2026. godinu i projekcije za 2027. i 2028. godinu<\/a><\/p>\n\n\n\n<p><a href=\"https:\/\/matulji.hr\/portal\/wp-content\/uploads\/2026\/01\/Izglasan-Proracun-za-2026.-godinu-i-projekcije-za-2027.-i-2028.-godinu.zip\">Izglasan Prora\u010duna Op\u0107ine Matulji za 2026. godinu i projekcije za 2027. i 2028. godinu (objavljeno 22.12.2025.)<\/a><\/p>\n\n\n\n<p><a href=\"https:\/\/matulji.hr\/portal\/wp-content\/uploads\/2026\/03\/Prezentacija-proracun-u-malom-za-2026.pptx\">Vodi\u010d za gra\u0111ane \u2013 Prora\u010dun u malom za 2026. godinu<\/a><\/p>\n","protected":false},"excerpt":{"rendered":"<p>Prijedlog Prora\u010duna Op\u0107ine Matulji za 2026. godinu i projekcije za 2027. i 2028. godinu Izglasan Prora\u010duna Op\u0107ine Matulji za 2026. godinu i projekcije za 2027. i 2028. godinu (objavljeno 22.12.2025.) Vodi\u010d za gra\u0111ane \u2013 Prora\u010dun u malom za 2026. godinu<\/p>\n","protected":false},"author":3,"featured_media":0,"parent":0,"menu_order":0,"comment_status":"closed","ping_status":"closed","template":"","meta":{"footnotes":""},"class_list":["post-12777","page","type-page","status-publish","hentry"],"_links":{"self":[{"href":"https:\/\/matulji.hr\/portal\/wp-json\/wp\/v2\/pages\/12777","targetHints":{"allow":["GET"]}}],"collection":[{"href":"https:\/\/matulji.hr\/portal\/wp-json\/wp\/v2\/pages"}],"about":[{"href":"https:\/\/matulji.hr\/portal\/wp-json\/wp\/v2\/types\/page"}],"author":[{"embeddable":true,"href":"https:\/\/matulji.hr\/portal\/wp-json\/wp\/v2\/users\/3"}],"replies":[{"embeddable":true,"href":"https:\/\/matulji.hr\/portal\/wp-json\/wp\/v2\/comments?post=12777"}],"version-history":[{"count":4,"href":"https:\/\/matulji.hr\/portal\/wp-json\/wp\/v2\/pages\/12777\/revisions"}],"predecessor-version":[{"id":12996,"href":"https:\/\/matulji.hr\/portal\/wp-json\/wp\/v2\/pages\/12777\/revisions\/12996"}],"wp:attachment":[{"href":"https:\/\/matulji.hr\/portal\/wp-json\/wp\/v2\/media?parent=12777"}],"curies":[{"name":"wp","href":"https:\/\/api.w.org\/{rel}","templated":true}]}}