{"id":12684,"date":"2026-01-15T23:33:54","date_gmt":"2026-01-15T22:33:54","guid":{"rendered":"https:\/\/matulji.hr\/portal\/?page_id=12684"},"modified":"2026-04-14T15:45:43","modified_gmt":"2026-04-14T13:45:43","slug":"sluzbene-novine-opcine-matulji-popis-izdanja-za-2026-godinu","status":"publish","type":"page","link":"https:\/\/matulji.hr\/portal\/sluzbene-novine-opcine-matulji-popis-izdanja-za-2026-godinu\/","title":{"rendered":"Slu\u017ebene novine Op\u0107ine Matulji \u2013 popis izdanja za 2026. godinu"},"content":{"rendered":"\n<p><a href=\"https:\/\/matulji.hr\/portal\/wp-content\/uploads\/2026\/01\/SN-Matulji-1-2026.pdf\">Godina III &#8211; broj 1. \u010cetvrtak, 15. sije\u010dnja 2026. ISSN 2991-9258<\/a><\/p>\n\n\n\n<p><a href=\"https:\/\/matulji.hr\/portal\/wp-content\/uploads\/2026\/02\/SN-Matulji-2-2026.pdf\">Godina III &#8211; broj 2. Srijeda, 28. sije\u010dnja 2026. ISSN 2991-9258<\/a><\/p>\n\n\n\n<p><a href=\"https:\/\/matulji.hr\/portal\/wp-content\/uploads\/2026\/02\/SN-Matulji-3-2026.pdf\">Godina III &#8211; broj 3. Srijeda, 25. velja\u010de 2026. ISSN 2991-9258<\/a><\/p>\n\n\n\n<p><a href=\"https:\/\/matulji.hr\/portal\/wp-content\/uploads\/2026\/03\/SN-Matulji-4-2026.pdf\">Godina III &#8211; broj 4. Utorak, 3. o\u017eujka 2026. ISSN 2991-9258<\/a><\/p>\n\n\n\n<p><a href=\"https:\/\/matulji.hr\/portal\/wp-content\/uploads\/2026\/03\/SN-Matulji-5-2026.pdf\">Godina III &#8211; broj 5. Srijeda, 18. o\u017eujka 2026. ISSN 2991-9258<\/a><\/p>\n\n\n\n<p><a href=\"https:\/\/mail.matulji.hr\/spremanje\/SN_Matulji_6-2026.pdf\">Godina III &#8211; broj 6. Srijeda, 8. travnja 2026. ISSN 2991-9258<\/a><\/p>\n","protected":false},"excerpt":{"rendered":"<p>Godina III &#8211; broj 1. \u010cetvrtak, 15. sije\u010dnja 2026. ISSN 2991-9258 Godina III &#8211; broj 2. Srijeda, 28. sije\u010dnja 2026. ISSN 2991-9258 Godina III &#8211; broj 3. Srijeda, 25. velja\u010de 2026. ISSN 2991-9258 Godina III &#8211; broj 4. Utorak, 3. o\u017eujka 2026. ISSN 2991-9258 Godina III &#8211; broj 5. Srijeda, 18. o\u017eujka 2026. ISSN 2991-9258 Godina III &#8211; broj 6. Srijeda, 8. travnja 2026. ISSN 2991-9258<\/p>\n","protected":false},"author":3,"featured_media":0,"parent":0,"menu_order":0,"comment_status":"closed","ping_status":"closed","template":"","meta":{"footnotes":""},"class_list":["post-12684","page","type-page","status-publish","hentry"],"_links":{"self":[{"href":"https:\/\/matulji.hr\/portal\/wp-json\/wp\/v2\/pages\/12684","targetHints":{"allow":["GET"]}}],"collection":[{"href":"https:\/\/matulji.hr\/portal\/wp-json\/wp\/v2\/pages"}],"about":[{"href":"https:\/\/matulji.hr\/portal\/wp-json\/wp\/v2\/types\/page"}],"author":[{"embeddable":true,"href":"https:\/\/matulji.hr\/portal\/wp-json\/wp\/v2\/users\/3"}],"replies":[{"embeddable":true,"href":"https:\/\/matulji.hr\/portal\/wp-json\/wp\/v2\/comments?post=12684"}],"version-history":[{"count":6,"href":"https:\/\/matulji.hr\/portal\/wp-json\/wp\/v2\/pages\/12684\/revisions"}],"predecessor-version":[{"id":13037,"href":"https:\/\/matulji.hr\/portal\/wp-json\/wp\/v2\/pages\/12684\/revisions\/13037"}],"wp:attachment":[{"href":"https:\/\/matulji.hr\/portal\/wp-json\/wp\/v2\/media?parent=12684"}],"curies":[{"name":"wp","href":"https:\/\/api.w.org\/{rel}","templated":true}]}}