{"id":11497,"date":"2025-02-19T10:04:32","date_gmt":"2025-02-19T09:04:32","guid":{"rendered":"https:\/\/matulji.hr\/portal\/?page_id=11497"},"modified":"2025-03-17T16:04:10","modified_gmt":"2025-03-17T15:04:10","slug":"zazeli-dokumenti","status":"publish","type":"page","link":"https:\/\/matulji.hr\/portal\/zazeli-dokumenti\/","title":{"rendered":"DOKUMENTI"},"content":{"rendered":"\n<p class=\"has-text-align-center\"><strong><strong>\u201dZAJEDNO U POMO\u0106I POTREBITIMA\u201d (kodni broj SF.3.4.11.01.0095) u okviru poziva \u201eZA\u017dELI \u2013 PREVENCIJA INSTITUCIONALIZACIJE\u201d<\/strong><\/strong><\/p>\n\n\n\n<p><strong>PROMOTIVNI MATERIJALI<\/strong><\/p>\n\n\n\n<p>Letak (pdf forma) preuzmite <a href=\"https:\/\/matulji.hr\/portal\/wp-content\/uploads\/2025\/02\/zazeli_letak.pdf\">OVDJE<\/a>.<\/p>\n\n\n\n<p>Plakat (pdf forma) preuzmite <a href=\"https:\/\/matulji.hr\/portal\/wp-content\/uploads\/2025\/02\/Plakat-B2-500x707mm.pdf\">OVDJE<\/a>.<\/p>\n\n\n\n<p>Roll up (pdf forma) preuzmite <a href=\"https:\/\/matulji.hr\/portal\/wp-content\/uploads\/2025\/02\/Roll-up-100x200-1.pdf\">OVDJE<\/a>.<\/p>\n\n\n\n<ul class=\"wp-block-list\">\n<li>prikaz svih dokumenata<\/li>\n<\/ul>\n\n\n\n<p><strong>Pozivi<\/strong><br><a href=\"https:\/\/matulji.hr\/portal\/wp-content\/uploads\/2025\/03\/javni-poziv-zazeli-2025.zip\">Javni poziv za iskaz interesa za sudjelovanje u projektu &#8221;Zajedno u pomo\u0107i<br>potrebitima&#8221; u okviru poziva \u201eZA\u017dELI \u2013 prevencija institucionalizacije\u201c &#8211; link<\/a><\/p>\n\n\n\n<p><strong>Natje\u010daji<\/strong><\/p>\n\n\n\n<p><strong>Odluke<\/strong><\/p>\n\n\n\n<p>\u2026<\/p>\n\n\n\n<p>Za povratak na naslovnu stranu kliknite <a href=\"https:\/\/matulji.hr\/portal\/zajedno-u-pomoci-potrebitima\/\"><strong>OVDJE<\/strong><\/a>.<\/p>\n\n\n\n<p class=\"has-text-align-center\"><a href=\"https:\/\/eufondovi.gov.hr\/\">eufondovi.gov.hr<\/a> &#8211; <a href=\"https:\/\/esf.hr\/esfplus\/\">esf.hr\/esfplus<\/a><\/p>\n\n\n\n<figure class=\"wp-block-image size-large\"><img loading=\"lazy\" decoding=\"async\" width=\"1024\" height=\"182\" src=\"https:\/\/matulji.hr\/portal\/wp-content\/uploads\/2025\/02\/eu_logo_esf_plus-1024x182.jpg\" alt=\"\" class=\"wp-image-11519\" srcset=\"https:\/\/matulji.hr\/portal\/wp-content\/uploads\/2025\/02\/eu_logo_esf_plus-1024x182.jpg 1024w, https:\/\/matulji.hr\/portal\/wp-content\/uploads\/2025\/02\/eu_logo_esf_plus-300x53.jpg 300w, https:\/\/matulji.hr\/portal\/wp-content\/uploads\/2025\/02\/eu_logo_esf_plus-768x136.jpg 768w, https:\/\/matulji.hr\/portal\/wp-content\/uploads\/2025\/02\/eu_logo_esf_plus.jpg 1104w\" sizes=\"auto, (max-width: 1024px) 100vw, 1024px\" \/><\/figure>\n\n\n\n<p>Projekt sufinancira Europska unija iz Europskog socijalnog fonda plus 2021. \u2013 2027.<br>Sadr\u017eaj Internet podstranice isklju\u010diva je odgovornost Op\u0107ine Matulji.<\/p>\n","protected":false},"excerpt":{"rendered":"<p>\u201dZAJEDNO U POMO\u0106I POTREBITIMA\u201d (kodni broj SF.3.4.11.01.0095) u okviru poziva \u201eZA\u017dELI \u2013 PREVENCIJA INSTITUCIONALIZACIJE\u201d PROMOTIVNI MATERIJALI Letak (pdf forma) preuzmite OVDJE. Plakat (pdf forma) preuzmite OVDJE. Roll up (pdf forma) preuzmite OVDJE. PoziviJavni poziv za iskaz interesa za sudjelovanje u projektu &#8221;Zajedno u pomo\u0107ipotrebitima&#8221; u okviru poziva \u201eZA\u017dELI \u2013 prevencija institucionalizacije\u201c &#8211; link Natje\u010daji Odluke \u2026 Za povratak na naslovnu stranu kliknite OVDJE. eufondovi.gov.hr &#8211; esf.hr\/esfplus Projekt sufinancira Europska unija iz Europskog socijalnog fonda plus 2021. \u2013 2027.Sadr\u017eaj Internet podstranice isklju\u010diva je odgovornost Op\u0107ine Matulji.<\/p>\n","protected":false},"author":3,"featured_media":0,"parent":0,"menu_order":0,"comment_status":"closed","ping_status":"closed","template":"","meta":{"footnotes":""},"class_list":["post-11497","page","type-page","status-publish","hentry"],"_links":{"self":[{"href":"https:\/\/matulji.hr\/portal\/wp-json\/wp\/v2\/pages\/11497","targetHints":{"allow":["GET"]}}],"collection":[{"href":"https:\/\/matulji.hr\/portal\/wp-json\/wp\/v2\/pages"}],"about":[{"href":"https:\/\/matulji.hr\/portal\/wp-json\/wp\/v2\/types\/page"}],"author":[{"embeddable":true,"href":"https:\/\/matulji.hr\/portal\/wp-json\/wp\/v2\/users\/3"}],"replies":[{"embeddable":true,"href":"https:\/\/matulji.hr\/portal\/wp-json\/wp\/v2\/comments?post=11497"}],"version-history":[{"count":8,"href":"https:\/\/matulji.hr\/portal\/wp-json\/wp\/v2\/pages\/11497\/revisions"}],"predecessor-version":[{"id":11644,"href":"https:\/\/matulji.hr\/portal\/wp-json\/wp\/v2\/pages\/11497\/revisions\/11644"}],"wp:attachment":[{"href":"https:\/\/matulji.hr\/portal\/wp-json\/wp\/v2\/media?parent=11497"}],"curies":[{"name":"wp","href":"https:\/\/api.w.org\/{rel}","templated":true}]}}