{"id":11481,"date":"2025-02-19T09:54:23","date_gmt":"2025-02-19T08:54:23","guid":{"rendered":"https:\/\/matulji.hr\/portal\/?page_id=11481"},"modified":"2025-02-24T15:39:40","modified_gmt":"2025-02-24T14:39:40","slug":"zajedno-u-pomoci-potrebitima","status":"publish","type":"page","link":"https:\/\/matulji.hr\/portal\/zajedno-u-pomoci-potrebitima\/","title":{"rendered":"\u201dZAJEDNO U POMO\u0106I POTREBITIMA\u201d"},"content":{"rendered":"\n<p class=\"has-text-align-center\"><br><strong>\u201dZAJEDNO U POMO\u0106I POTREBITIMA\u201d (kodni broj SF.3.4.11.01.0095) u okviru poziva \u201eZA\u017dELI \u2013 PREVENCIJA INSTITUCIONALIZACIJE\u201d<\/strong><\/p>\n\n\n\n<p><strong><a href=\"https:\/\/matulji.hr\/portal\/zajedno-u-pomoci-potrebitima\/\">PO\u010cETNA<\/a><br><a href=\"https:\/\/matulji.hr\/portal\/zazeli-o-projektu\/\">O PROJEKTU<\/a><br><a href=\"https:\/\/matulji.hr\/portal\/zazeli-partneri\/\">PARTNERI<\/a><br><a href=\"https:\/\/matulji.hr\/portal\/zazeli-dokumenti\/\">DOKUMENTI<\/a><br><a href=\"https:\/\/matulji.hr\/portal\/zazeli-novosti\/\">NOVOSTI<\/a><br><a href=\"https:\/\/matulji.hr\/portal\/zazeli-kontakt\/\">KONTAKT<\/a><\/strong><\/p>\n\n\n\n<p class=\"has-text-align-center\"><strong>Projekt sufinancira Europska unija iz Europskog socijalnog fonda plus u okviru programa <br>U\u010dinkoviti ljudski potencijali 2021.-2027.<\/strong><\/p>\n\n\n\n<p class=\"has-text-align-center\"><a href=\"https:\/\/eufondovi.gov.hr\/\">eufondovi.gov.hr<\/a> &#8211; <a href=\"https:\/\/esf.hr\/esfplus\/\">esf.hr\/esfplus<\/a><\/p>\n\n\n\n<figure class=\"wp-block-image size-large\"><img loading=\"lazy\" decoding=\"async\" width=\"1024\" height=\"720\" src=\"https:\/\/matulji.hr\/portal\/wp-content\/uploads\/2025\/02\/partneri-grafika-2025-1024x720.jpg\" alt=\"\" class=\"wp-image-11483\" srcset=\"https:\/\/matulji.hr\/portal\/wp-content\/uploads\/2025\/02\/partneri-grafika-2025-1024x720.jpg 1024w, https:\/\/matulji.hr\/portal\/wp-content\/uploads\/2025\/02\/partneri-grafika-2025-300x211.jpg 300w, https:\/\/matulji.hr\/portal\/wp-content\/uploads\/2025\/02\/partneri-grafika-2025-768x540.jpg 768w, https:\/\/matulji.hr\/portal\/wp-content\/uploads\/2025\/02\/partneri-grafika-2025.jpg 1062w\" sizes=\"auto, (max-width: 1024px) 100vw, 1024px\" \/><\/figure>\n\n\n\n<figure class=\"wp-block-image size-large\"><img loading=\"lazy\" decoding=\"async\" width=\"1024\" height=\"182\" src=\"https:\/\/matulji.hr\/portal\/wp-content\/uploads\/2025\/02\/eu_logo_esf_plus-1024x182.jpg\" alt=\"\" class=\"wp-image-11519\" srcset=\"https:\/\/matulji.hr\/portal\/wp-content\/uploads\/2025\/02\/eu_logo_esf_plus-1024x182.jpg 1024w, https:\/\/matulji.hr\/portal\/wp-content\/uploads\/2025\/02\/eu_logo_esf_plus-300x53.jpg 300w, https:\/\/matulji.hr\/portal\/wp-content\/uploads\/2025\/02\/eu_logo_esf_plus-768x136.jpg 768w, https:\/\/matulji.hr\/portal\/wp-content\/uploads\/2025\/02\/eu_logo_esf_plus.jpg 1104w\" sizes=\"auto, (max-width: 1024px) 100vw, 1024px\" \/><\/figure>\n\n\n\n<p>Projekt sufinancira Europska unija iz Europskog socijalnog fonda plus 2021. \u2013 2027.<br>Sadr\u017eaj Internet podstranice isklju\u010diva je odgovornost Op\u0107ine Matulji.<\/p>\n","protected":false},"excerpt":{"rendered":"<p>\u201dZAJEDNO U POMO\u0106I POTREBITIMA\u201d (kodni broj SF.3.4.11.01.0095) u okviru poziva \u201eZA\u017dELI \u2013 PREVENCIJA INSTITUCIONALIZACIJE\u201d PO\u010cETNAO PROJEKTUPARTNERIDOKUMENTINOVOSTIKONTAKT Projekt sufinancira Europska unija iz Europskog socijalnog fonda plus u okviru programa U\u010dinkoviti ljudski potencijali 2021.-2027. eufondovi.gov.hr &#8211; esf.hr\/esfplus Projekt sufinancira Europska unija iz Europskog socijalnog fonda plus 2021. \u2013 2027.Sadr\u017eaj Internet podstranice isklju\u010diva je odgovornost Op\u0107ine Matulji.<\/p>\n","protected":false},"author":3,"featured_media":11482,"parent":0,"menu_order":0,"comment_status":"closed","ping_status":"closed","template":"","meta":{"footnotes":""},"class_list":["post-11481","page","type-page","status-publish","has-post-thumbnail","hentry"],"_links":{"self":[{"href":"https:\/\/matulji.hr\/portal\/wp-json\/wp\/v2\/pages\/11481","targetHints":{"allow":["GET"]}}],"collection":[{"href":"https:\/\/matulji.hr\/portal\/wp-json\/wp\/v2\/pages"}],"about":[{"href":"https:\/\/matulji.hr\/portal\/wp-json\/wp\/v2\/types\/page"}],"author":[{"embeddable":true,"href":"https:\/\/matulji.hr\/portal\/wp-json\/wp\/v2\/users\/3"}],"replies":[{"embeddable":true,"href":"https:\/\/matulji.hr\/portal\/wp-json\/wp\/v2\/comments?post=11481"}],"version-history":[{"count":9,"href":"https:\/\/matulji.hr\/portal\/wp-json\/wp\/v2\/pages\/11481\/revisions"}],"predecessor-version":[{"id":11529,"href":"https:\/\/matulji.hr\/portal\/wp-json\/wp\/v2\/pages\/11481\/revisions\/11529"}],"wp:featuredmedia":[{"embeddable":true,"href":"https:\/\/matulji.hr\/portal\/wp-json\/wp\/v2\/media\/11482"}],"wp:attachment":[{"href":"https:\/\/matulji.hr\/portal\/wp-json\/wp\/v2\/media?parent=11481"}],"curies":[{"name":"wp","href":"https:\/\/api.w.org\/{rel}","templated":true}]}}