{"id":11294,"date":"2024-12-18T10:17:41","date_gmt":"2024-12-18T09:17:41","guid":{"rendered":"https:\/\/matulji.hr\/portal\/?page_id=11294"},"modified":"2026-01-27T14:38:31","modified_gmt":"2026-01-27T13:38:31","slug":"proracun-2025","status":"publish","type":"page","link":"https:\/\/matulji.hr\/portal\/proracun-2025\/","title":{"rendered":"PRORA\u010cUN 2025."},"content":{"rendered":"\n<p><a href=\"https:\/\/matulji.hr\/portal\/wp-content\/uploads\/2024\/12\/Prijedlog-Proracuna-za-2025.-godinu-i-projekcija-za-2026.-i-2027.-godinu.zip\">Prijedlog Prora\u010duna Op\u0107ine Matulji za 2025. godinu i projekcija za 2026. i 2027. godinu<\/a><\/p>\n\n\n\n<p><a href=\"https:\/\/matulji.hr\/portal\/wp-content\/uploads\/2024\/12\/Izglasan-Proracun-za-2025.-godinu-i-projekcije-za-2026.-i-2027.-godinu.zip\">Izglasan Prora\u010dun Op\u0107ine Matulji za 2025. godinu i projekcije za 2026. i 2027. godinu<\/a> (objavljeno 18.12.2024.)<\/p>\n\n\n\n<p><a href=\"https:\/\/matulji.hr\/portal\/wp-content\/uploads\/2024\/12\/Vodic-za-gradane-Proracun-u-malom-2025.pdf\">Vodi\u010d za gra\u0111ane \u2013 Prora\u010dun u malom za 2025. godinu<\/a><\/p>\n\n\n\n<p><a href=\"https:\/\/matulji.hr\/portal\/wp-content\/uploads\/2025\/02\/Prijedlog-Izmjena-i-dopuna-Proracuna-Opcine-Matulji-za-2025.-godinu.zip\">Prijedlog Izmjena i dopuna Prora\u010duna Op\u0107ine Matulji za 2025. godinu<\/a><\/p>\n\n\n\n<p><a href=\"https:\/\/matulji.hr\/portal\/wp-content\/uploads\/2025\/02\/Izmjene-i-dopune-Proracuna-Opcine-Matulji-za-2025.-godinu.zip\">Izglasane Izmjene i dopune Prora\u010duna Op\u0107ine Matulji za 2025. godinu<\/a> (objavljeno 21.02.2025.)<\/p>\n\n\n\n<p><a href=\"https:\/\/matulji.hr\/portal\/wp-content\/uploads\/2025\/03\/Prijedlog-Izmjena-i-dopuna-Proracuna-Opcine-Matulji-za-2025.-godinu.zip\">Prijedlog Izmjena i dopuna Prora\u010duna Op\u0107ine Matulji za 2025. godinu<\/a><\/p>\n\n\n\n<p><a href=\"https:\/\/matulji.hr\/portal\/wp-content\/uploads\/2025\/03\/Izglasane-Izmjene-i-dopune-Proracuna-Opcine-Matulji-za-2025.-godinu.zip\">Izglasane Izmjene i dopune Prora\u010duna Op\u0107ine Matulji za 2025. godinu<\/a> (objavljeno 18.03.2025.)<\/p>\n\n\n\n<p><a href=\"https:\/\/matulji.hr\/portal\/wp-content\/uploads\/2025\/03\/Vodic-za-gradane-Izmjene-i-dopune-Proracuna-za-2025.-godinu.pdf\">Vodi\u010d za gra\u0111ane \u2013 Izmjene i dopune Prora\u010duna Op\u0107ine Matulji za 2025. godinu<\/a><\/p>\n\n\n\n<p><a href=\"https:\/\/mail.matulji.hr\/spremanje\/Prijedlog_Izmjena_dopuna_Proracuna_Opcine_matulji_2025.zip\">Prijedlog Izmjena i dopuna Prora\u010duna Op\u0107ine Matulji za 2025. godinu<\/a><\/p>\n\n\n\n<p><a href=\"https:\/\/mail.matulji.hr\/spremanje\/Izglasane_Izmjene_dopune_proracuna_opcine_matulji_2025.zip\">Izglasane Izmjene i dopune Prora\u010duna Op\u0107ine Matulji za 2025. godinu<\/a> (objavljeno 10.10.2025.)<\/p>\n\n\n\n<p><a href=\"https:\/\/matulji.hr\/portal\/wp-content\/uploads\/2025\/10\/Polugodisnji-izvjestaj-o-izvrsenju-Proracuna-Opcine-Matulji-za-2025.-godinu.rtf\">Polugodi\u0161nji izvje\u0161taj o izvr\u0161enju Prora\u010duna Op\u0107ine Matulji za 2025. godinu<\/a><\/p>\n\n\n\n<p><a href=\"https:\/\/mail.matulji.hr\/spremanje\/Prijedlog_Izmjena_dopuna_proracuna_2025. godinu.zip\">Prijedlog Izmjena i dopuna Prora\u010duna Op\u0107ine Matulji za 2025. godinu<\/a><\/p>\n\n\n\n<p><a href=\"https:\/\/mail.matulji.hr\/spremanje\/Izglasane_izmjene_dopune_proracuna_2025. godinu_1.zip\">Izglasane Izmjene i dopune Prora\u010duna Op\u0107ine Matulji za 2025. godinu (objavljeno 10.12.2025.)<\/a><\/p>\n\n\n\n<p><\/p>\n\n\n\n<p><\/p>\n","protected":false},"excerpt":{"rendered":"<p>Prijedlog Prora\u010duna Op\u0107ine Matulji za 2025. godinu i projekcija za 2026. i 2027. godinu Izglasan Prora\u010dun Op\u0107ine Matulji za 2025. godinu i projekcije za 2026. i 2027. godinu (objavljeno 18.12.2024.) Vodi\u010d za gra\u0111ane \u2013 Prora\u010dun u malom za 2025. godinu Prijedlog Izmjena i dopuna Prora\u010duna Op\u0107ine Matulji za 2025. godinu Izglasane Izmjene i dopune Prora\u010duna Op\u0107ine Matulji za 2025. godinu (objavljeno 21.02.2025.) Prijedlog Izmjena i dopuna Prora\u010duna Op\u0107ine Matulji za 2025. godinu Izglasane Izmjene i dopune Prora\u010duna Op\u0107ine Matulji za 2025. godinu (objavljeno 18.03.2025.) Vodi\u010d za gra\u0111ane \u2013 Izmjene i&#8230; <\/p>\n","protected":false},"author":3,"featured_media":0,"parent":0,"menu_order":0,"comment_status":"closed","ping_status":"closed","template":"","meta":{"footnotes":""},"class_list":["post-11294","page","type-page","status-publish","hentry"],"_links":{"self":[{"href":"https:\/\/matulji.hr\/portal\/wp-json\/wp\/v2\/pages\/11294","targetHints":{"allow":["GET"]}}],"collection":[{"href":"https:\/\/matulji.hr\/portal\/wp-json\/wp\/v2\/pages"}],"about":[{"href":"https:\/\/matulji.hr\/portal\/wp-json\/wp\/v2\/types\/page"}],"author":[{"embeddable":true,"href":"https:\/\/matulji.hr\/portal\/wp-json\/wp\/v2\/users\/3"}],"replies":[{"embeddable":true,"href":"https:\/\/matulji.hr\/portal\/wp-json\/wp\/v2\/comments?post=11294"}],"version-history":[{"count":15,"href":"https:\/\/matulji.hr\/portal\/wp-json\/wp\/v2\/pages\/11294\/revisions"}],"predecessor-version":[{"id":12774,"href":"https:\/\/matulji.hr\/portal\/wp-json\/wp\/v2\/pages\/11294\/revisions\/12774"}],"wp:attachment":[{"href":"https:\/\/matulji.hr\/portal\/wp-json\/wp\/v2\/media?parent=11294"}],"curies":[{"name":"wp","href":"https:\/\/api.w.org\/{rel}","templated":true}]}}