{"id":10657,"date":"2024-03-28T10:17:02","date_gmt":"2024-03-28T09:17:02","guid":{"rendered":"https:\/\/matulji.hr\/portal\/?page_id=10657"},"modified":"2026-01-15T23:34:32","modified_gmt":"2026-01-15T22:34:32","slug":"sluzbene-novine-opcine-matulji","status":"publish","type":"page","link":"https:\/\/matulji.hr\/portal\/sluzbene-novine-opcine-matulji\/","title":{"rendered":"Slu\u017ebene novine Op\u0107ine Matulji"},"content":{"rendered":"\n<figure class=\"wp-block-image size-large\"><img loading=\"lazy\" decoding=\"async\" width=\"1024\" height=\"233\" src=\"https:\/\/matulji.hr\/portal\/wp-content\/uploads\/2024\/03\/sluzbene-novine-logo-1024x233.jpg\" alt=\"\" class=\"wp-image-10659\" srcset=\"https:\/\/matulji.hr\/portal\/wp-content\/uploads\/2024\/03\/sluzbene-novine-logo-1024x233.jpg 1024w, https:\/\/matulji.hr\/portal\/wp-content\/uploads\/2024\/03\/sluzbene-novine-logo-300x68.jpg 300w, https:\/\/matulji.hr\/portal\/wp-content\/uploads\/2024\/03\/sluzbene-novine-logo-768x175.jpg 768w, https:\/\/matulji.hr\/portal\/wp-content\/uploads\/2024\/03\/sluzbene-novine-logo.jpg 1120w\" sizes=\"auto, (max-width: 1024px) 100vw, 1024px\" \/><\/figure>\n\n\n\n<h2 class=\"wp-block-heading\"><a href=\"https:\/\/matulji.hr\/portal\/sluzbene-novine-opcine-matulji-popis-izdanja-za-2024-godinu\/\" data-type=\"link\" data-id=\"https:\/\/matulji.hr\/portal\/sluzbene-novine-opcine-matulji-popis-izdanja-za-2024-godinu\/\">Slu\u017ebene novine Op\u0107ine Matulji \u2013 popis izdanja za 2024. godinu<\/a><\/h2>\n\n\n\n<h2 class=\"wp-block-heading\"><a href=\"https:\/\/matulji.hr\/portal\/sluzbene-novine-opcine-matulji-popis-izdanja-za-2025-godinu\/\">Slu\u017ebene novine Op\u0107ine Matulji \u2013 popis izdanja za 2025. godinu<\/a> <br><br><a href=\"https:\/\/matulji.hr\/portal\/sluzbene-novine-opcine-matulji-popis-izdanja-za-2026-godinu\/\">Slu\u017ebene novine Op\u0107ine Matulji \u2013 popis izdanja za 2026. godinu<\/a><\/h2>\n\n\n\n<p><\/p>\n\n\n\n<p><em><strong>IMPRESSUM<\/strong><br>\u201e<strong>Slu\u017ebene novine Op\u0107ine Matulji\u201c \u2013 slu\u017ebeno glasilo Op\u0107ine Matulji<\/strong><\/em><\/p>\n\n\n\n<p><em>Slu\u017ebene novine Op\u0107ine Matulji slu\u017ebeno su glasilo Op\u0107ine Matulji u kojem se objavljuju op\u0107i akti koji sukladno zakonskim propisima moraju biti objavljeni u slu\u017ebenom glasilu, odluke i drugi akti Op\u0107inskog vije\u0107a i Op\u0107inskog na\u010delnika za koje Op\u0107insko vije\u0107e ili Op\u0107inski na\u010delnik odrede da se objave, te ostali akti \u010dije je objavljivanje obvezno prema zakonu, podzakonskim aktima ili aktima koje je donijelo Op\u0107insko vije\u0107e, te \u0107e se objavljivati prema potrebi. <br>Godina postavljanja publikacije na mre\u017eu: 2024.g.<\/em><\/p>\n\n\n\n<p><em><strong>Izdava\u010d:<\/strong> <br>Op\u0107ina Matulji <br>Trg Mar\u0161ala Tita 11<br>51211 Matulji<\/em><\/p>\n\n\n\n<p><em><strong>Uredni\u0161tvo:<\/strong> <br>Pro\u010delnik Jedinstvenog upravnog odjela , glavni urednik<br>Voditelj Odsjeka za samoupravu i upravu, \u010dlan uredni\u0161tva<br>Vi\u0161i savjetnik za poslove izvr\u0161nog i predstavni\u010dkog tijela, \u010dlan uredni\u0161tva<br>T: ++385 51 274 114<\/em><\/p>\n","protected":false},"excerpt":{"rendered":"<p>Slu\u017ebene novine Op\u0107ine Matulji \u2013 popis izdanja za 2024. godinu Slu\u017ebene novine Op\u0107ine Matulji \u2013 popis izdanja za 2025. godinu Slu\u017ebene novine Op\u0107ine Matulji \u2013 popis izdanja za 2026. godinu IMPRESSUM\u201eSlu\u017ebene novine Op\u0107ine Matulji\u201c \u2013 slu\u017ebeno glasilo Op\u0107ine Matulji Slu\u017ebene novine Op\u0107ine Matulji slu\u017ebeno su glasilo Op\u0107ine Matulji u kojem se objavljuju op\u0107i akti koji sukladno zakonskim propisima moraju biti objavljeni u slu\u017ebenom glasilu, odluke i drugi akti Op\u0107inskog vije\u0107a i Op\u0107inskog na\u010delnika za koje Op\u0107insko vije\u0107e ili Op\u0107inski na\u010delnik odrede da se objave, te ostali akti \u010dije je objavljivanje&#8230; <\/p>\n","protected":false},"author":3,"featured_media":0,"parent":0,"menu_order":0,"comment_status":"closed","ping_status":"closed","template":"","meta":{"footnotes":""},"class_list":["post-10657","page","type-page","status-publish","hentry"],"_links":{"self":[{"href":"https:\/\/matulji.hr\/portal\/wp-json\/wp\/v2\/pages\/10657","targetHints":{"allow":["GET"]}}],"collection":[{"href":"https:\/\/matulji.hr\/portal\/wp-json\/wp\/v2\/pages"}],"about":[{"href":"https:\/\/matulji.hr\/portal\/wp-json\/wp\/v2\/types\/page"}],"author":[{"embeddable":true,"href":"https:\/\/matulji.hr\/portal\/wp-json\/wp\/v2\/users\/3"}],"replies":[{"embeddable":true,"href":"https:\/\/matulji.hr\/portal\/wp-json\/wp\/v2\/comments?post=10657"}],"version-history":[{"count":7,"href":"https:\/\/matulji.hr\/portal\/wp-json\/wp\/v2\/pages\/10657\/revisions"}],"predecessor-version":[{"id":12687,"href":"https:\/\/matulji.hr\/portal\/wp-json\/wp\/v2\/pages\/10657\/revisions\/12687"}],"wp:attachment":[{"href":"https:\/\/matulji.hr\/portal\/wp-json\/wp\/v2\/media?parent=10657"}],"curies":[{"name":"wp","href":"https:\/\/api.w.org\/{rel}","templated":true}]}}