{"id":10654,"date":"2024-03-28T10:15:43","date_gmt":"2024-03-28T09:15:43","guid":{"rendered":"https:\/\/matulji.hr\/portal\/?page_id=10654"},"modified":"2024-12-30T13:18:47","modified_gmt":"2024-12-30T12:18:47","slug":"sluzbene-novine-opcine-matulji-popis-izdanja-za-2024-godinu","status":"publish","type":"page","link":"https:\/\/matulji.hr\/portal\/sluzbene-novine-opcine-matulji-popis-izdanja-za-2024-godinu\/","title":{"rendered":"Slu\u017ebene novine Op\u0107ine Matulji &#8211; popis izdanja za 2024. godinu"},"content":{"rendered":"\n<figure class=\"wp-block-image size-large\"><img loading=\"lazy\" decoding=\"async\" width=\"1024\" height=\"233\" src=\"https:\/\/matulji.hr\/portal\/wp-content\/uploads\/2024\/03\/sluzbene-novine-logo-1024x233.jpg\" alt=\"\" class=\"wp-image-10659\" srcset=\"https:\/\/matulji.hr\/portal\/wp-content\/uploads\/2024\/03\/sluzbene-novine-logo-1024x233.jpg 1024w, https:\/\/matulji.hr\/portal\/wp-content\/uploads\/2024\/03\/sluzbene-novine-logo-300x68.jpg 300w, https:\/\/matulji.hr\/portal\/wp-content\/uploads\/2024\/03\/sluzbene-novine-logo-768x175.jpg 768w, https:\/\/matulji.hr\/portal\/wp-content\/uploads\/2024\/03\/sluzbene-novine-logo.jpg 1120w\" sizes=\"auto, (max-width: 1024px) 100vw, 1024px\" \/><\/figure>\n\n\n\n<p><a href=\"https:\/\/matulji.hr\/portal\/wp-content\/uploads\/2024\/03\/SN-Matulji-br1-web-2024.pdf\"><strong>Godina I &#8211; broj .1 \u010cetvrtak, 29. velja\u010de 2024. ISSN 2991-9258<\/strong><\/a><\/p>\n\n\n\n<p><a href=\"https:\/\/matulji.hr\/portal\/wp-content\/uploads\/2024\/04\/SN-Matulji-br2-web.pdf\"><strong>Godina I &#8211; broj 2. Utorak, 26. o\u017eujka 2024. ISSN 2991-9258<\/strong><\/a><\/p>\n\n\n\n<p><a href=\"https:\/\/matulji.hr\/portal\/wp-content\/uploads\/2024\/04\/SN-Matulji-br3.pdf\"><strong>Godina I &#8211; broj 3. Petak, 29. o\u017eujka 2024. ISSN 2991-9258<\/strong><\/a><\/p>\n\n\n\n<p><a href=\"https:\/\/matulji.hr\/portal\/wp-content\/uploads\/2024\/05\/SN-Matulji-br4-novo.pdf\"><strong>Godina I &#8211; broj 4. Srijeda, 24. travnja 2024. ISSN 2991-9258<\/strong><\/a><\/p>\n\n\n\n<p><a href=\"https:\/\/matulji.hr\/portal\/wp-content\/uploads\/2024\/05\/SN-Matulji-br5-final.pdf\"><strong>Godina I &#8211; broj 5. \u010cetvrtak, 16. svibnja 2024. ISSN 2991-9258<\/strong><\/a><\/p>\n\n\n\n<p><a href=\"https:\/\/matulji.hr\/portal\/wp-content\/uploads\/2024\/06\/SN-Matulji-br6.pdf\"><strong>Godina I &#8211; broj 6. \u010cetvrtak, 23. svibnja 2024. ISSN 2991-9258<\/strong><\/a><\/p>\n\n\n\n<p><a href=\"https:\/\/matulji.hr\/portal\/wp-content\/uploads\/2024\/06\/SN-Matulji-br7.pdf\" data-type=\"link\" data-id=\"https:\/\/matulji.hr\/portal\/wp-content\/uploads\/2024\/06\/SN-Matulji-br7.pdf\"><strong>Godina I &#8211; broj 7. Utorak, 11. lipnja 2024. ISSN 2991-9258<\/strong><\/a><\/p>\n\n\n\n<p><a href=\"https:\/\/matulji.hr\/portal\/wp-content\/uploads\/2024\/07\/SN-Matulji-br8.pdf\"><strong>Godina I &#8211; broj 8. Petak, 21. lipnja 2024. ISSN 2991-9258<\/strong><\/a><\/p>\n\n\n\n<p><a href=\"https:\/\/matulji.hr\/portal\/wp-content\/uploads\/2024\/08\/SN-Matulji-br9-korekcija.pdf\"><strong>Godina I &#8211; broj 9. Srijeda, 24. srpnja 2024. ISSN 2991-9258<\/strong><\/a><\/p>\n\n\n\n<p><a href=\"https:\/\/matulji.hr\/portal\/wp-content\/uploads\/2024\/08\/SN-Matulji-br10.pdf\"><strong>Godina I &#8211; broj 10. Utorak, 20. kolovoza 2024. ISSN 2991-9258<\/strong><\/a><\/p>\n\n\n\n<p><a href=\"https:\/\/matulji.hr\/portal\/wp-content\/uploads\/2024\/09\/SN-Matulji-br11-od-06.09.2024.pdf\"><strong>Godina I &#8211; broj 11. Petak, 6. rujna 2024. ISSN 2991-9258<\/strong><\/a><\/p>\n\n\n\n<p><a href=\"https:\/\/matulji.hr\/portal\/wp-content\/uploads\/2024\/10\/SN-Matulji-br12.pdf\"><strong>Godina I &#8211; broj 12. Petak, 27. rujna 2024. ISSN 2991-9258<\/strong><\/a><\/p>\n\n\n\n<p><a href=\"https:\/\/matulji.hr\/portal\/wp-content\/uploads\/2024\/10\/SN-Matulji-br13.pdf\"><strong>Godina I &#8211; broj 13. Petak, 4. listopada 2024. ISSN 2991-9258<\/strong><\/a><\/p>\n\n\n\n<p><a href=\"https:\/\/matulji.hr\/portal\/wp-content\/uploads\/2024\/11\/SN-Matulji-br14.pdf\"><strong>Godina I &#8211; broj 14. Ponedjeljak, 7. listopada 2024. ISSN 2991-9258<\/strong><\/a><\/p>\n\n\n\n<p><a href=\"https:\/\/matulji.hr\/portal\/wp-content\/uploads\/2024\/11\/SN-Matulji-br15.pdf\"><strong>Godina I &#8211; broj 15. Utorak, 22. listopada 2024. ISSN 2991-9258<\/strong><\/a><\/p>\n\n\n\n<p><strong><a href=\"https:\/\/matulji.hr\/portal\/wp-content\/uploads\/2024\/11\/SN-Matulji-br16-korekcija.pdf\">Godina I &#8211; broj 16. Petak, 8. studenoga 2024. ISSN 2991-9258<\/a><\/strong><\/p>\n\n\n\n<p><a href=\"https:\/\/matulji.hr\/portal\/wp-content\/uploads\/2024\/12\/SN-Matulji-br17.pdf\"><strong>Godina I &#8211; broj 17. Ponedjeljak, 2. prosinca 2024. ISSN 2991-9258<\/strong><\/a><\/p>\n\n\n\n<p><a href=\"https:\/\/matulji.hr\/portal\/wp-content\/uploads\/2024\/12\/SN-Matulji-br18.pdf\"><strong>Godina I &#8211; broj 18. Petak, 13. prosinca 2024. ISSN 2991-9258<\/strong><\/a><\/p>\n\n\n\n<p><strong><a href=\"https:\/\/matulji.hr\/portal\/wp-content\/uploads\/2024\/12\/SN-Matulji-br19.pdf\">Godina I &#8211; broj 19. Petak, 20. prosinca 2024. ISSN 2991-9258<\/a><\/strong><\/p>\n","protected":false},"excerpt":{"rendered":"<p>Godina I &#8211; broj .1 \u010cetvrtak, 29. velja\u010de 2024. ISSN 2991-9258 Godina I &#8211; broj 2. Utorak, 26. o\u017eujka 2024. ISSN 2991-9258 Godina I &#8211; broj 3. Petak, 29. o\u017eujka 2024. ISSN 2991-9258 Godina I &#8211; broj 4. Srijeda, 24. travnja 2024. ISSN 2991-9258 Godina I &#8211; broj 5. \u010cetvrtak, 16. svibnja 2024. ISSN 2991-9258 Godina I &#8211; broj 6. \u010cetvrtak, 23. svibnja 2024. ISSN 2991-9258 Godina I &#8211; broj 7. Utorak, 11. lipnja 2024. ISSN 2991-9258 Godina I &#8211; broj 8. Petak, 21. lipnja 2024. ISSN 2991-9258 Godina I&#8230; <\/p>\n","protected":false},"author":3,"featured_media":0,"parent":0,"menu_order":0,"comment_status":"closed","ping_status":"closed","template":"","meta":{"footnotes":""},"class_list":["post-10654","page","type-page","status-publish","hentry"],"_links":{"self":[{"href":"https:\/\/matulji.hr\/portal\/wp-json\/wp\/v2\/pages\/10654","targetHints":{"allow":["GET"]}}],"collection":[{"href":"https:\/\/matulji.hr\/portal\/wp-json\/wp\/v2\/pages"}],"about":[{"href":"https:\/\/matulji.hr\/portal\/wp-json\/wp\/v2\/types\/page"}],"author":[{"embeddable":true,"href":"https:\/\/matulji.hr\/portal\/wp-json\/wp\/v2\/users\/3"}],"replies":[{"embeddable":true,"href":"https:\/\/matulji.hr\/portal\/wp-json\/wp\/v2\/comments?post=10654"}],"version-history":[{"count":21,"href":"https:\/\/matulji.hr\/portal\/wp-json\/wp\/v2\/pages\/10654\/revisions"}],"predecessor-version":[{"id":11316,"href":"https:\/\/matulji.hr\/portal\/wp-json\/wp\/v2\/pages\/10654\/revisions\/11316"}],"wp:attachment":[{"href":"https:\/\/matulji.hr\/portal\/wp-json\/wp\/v2\/media?parent=10654"}],"curies":[{"name":"wp","href":"https:\/\/api.w.org\/{rel}","templated":true}]}}