{"id":10480,"date":"2023-12-28T22:57:57","date_gmt":"2023-12-28T21:57:57","guid":{"rendered":"https:\/\/matulji.hr\/portal\/?page_id=10480"},"modified":"2025-03-24T14:53:50","modified_gmt":"2025-03-24T13:53:50","slug":"proracun-2024","status":"publish","type":"page","link":"https:\/\/matulji.hr\/portal\/proracun-2024\/","title":{"rendered":"PRORA\u010cUN 2024."},"content":{"rendered":"\n<p><a href=\"https:\/\/matulji.hr\/portal\/wp-content\/uploads\/2023\/12\/Prijedlog-Proracuna-za-2024.-godinu-i-projekcije-za-2025.-i-2026.-godinu.zip\" data-type=\"link\" data-id=\"https:\/\/matulji.hr\/portal\/wp-content\/uploads\/2023\/12\/Prijedlog-Proracuna-za-2024.-godinu-i-projekcije-za-2025.-i-2026.-godinu.zip\">Prijedlog Prora\u010duna Op\u0107ine Matulji za 2024. godinu i projekcije za 2025. i 2026. godinu<\/a><\/p>\n\n\n\n<p><a href=\"https:\/\/matulji.hr\/portal\/wp-content\/uploads\/2023\/12\/Izglasan-Proracun-za-2024.-godinu-i-projekcije-za-2025.-i-2026.-godinu.zip\" data-type=\"link\" data-id=\"https:\/\/matulji.hr\/portal\/wp-content\/uploads\/2023\/12\/Izglasan-Proracun-za-2024.-godinu-i-projekcije-za-2025.-i-2026.-godinu.zip\">Izglasan Prora\u010dun Op\u0107ine Matulji za 2024. godinu i projekcije za 2025. i 2026. godinu<\/a><\/p>\n\n\n\n<p><a href=\"https:\/\/matulji.hr\/portal\/wp-content\/uploads\/2024\/01\/Vodic-za-gradane-Proracun-u-malom-2024.pdf\" data-type=\"link\" data-id=\"https:\/\/matulji.hr\/portal\/wp-content\/uploads\/2024\/01\/Vodic-za-gradane-Proracun-u-malom-2024.pdf\">Vodi\u010d za gra\u0111ane \u2013 Prora\u010dun u malom za 2024. godinu<\/a><\/p>\n\n\n\n<p><a href=\"https:\/\/matulji.hr\/portal\/wp-content\/uploads\/2024\/05\/Prijedlog-Izmjena-i-dopuna-Proracuna-Opcine-Matulji-za-2024.-godinu.zip\">Prijedlog Izmjena i dopuna Prora\u010duna Op\u0107ine Matulji za 2024. godinu<\/a><\/p>\n\n\n\n<p><a href=\"https:\/\/matulji.hr\/portal\/wp-content\/uploads\/2024\/05\/Izglasane-Izmjene-i-dopune-Proracuna-Opcine-Matulji-za-2024.-godinu.zip\">Izglasane Izmjene i dopune Prora\u010duna Op\u0107ine Matulji za 2024. godinu<\/a><\/p>\n\n\n\n<p><a href=\"https:\/\/mail.matulji.hr\/spremanje\/Vodic_za_gradane_Izmjene_dopune_Proracun_za_2023_godinu.ppsx\">Vodi\u010d za gra\u0111ane \u2013 Izmjene i dopune Prora\u010duna Op\u0107ine Matulji za 2024. godinu<\/a><\/p>\n\n\n\n<p><a href=\"https:\/\/matulji.hr\/portal\/wp-content\/uploads\/2024\/11\/Polugodisnji-izvjestaj-o-izvrsenju-Proracuna-za-2024.-godinu.zip\">Polugodi\u0161nji izvje\u0161taj o izvr\u0161enju Prora\u010duna Op\u0107ine Matulji za 2024. godinu<\/a><\/p>\n\n\n\n<p><a href=\"https:\/\/matulji.hr\/portal\/wp-content\/uploads\/2025\/03\/Vodic-za-gradane-Polugodisnji-izvjestaj-o-izvrsenju-Proracuna-Opcine-Matulji-za-2024.-godinu1.pdf\">Vodi\u010d za gra\u0111ane \u2013 Polugodi\u0161nji izvje\u0161taj o izvr\u0161enju Prora\u010duna Op\u0107ine Matulji za 2024. godinu<\/a><\/p>\n\n\n\n<p><a href=\"https:\/\/matulji.hr\/portal\/wp-content\/uploads\/2024\/11\/Prijedlog-Izmjena-i-dopuna-Proracuna-Opcine-Matulji-za-2024.-godinu.zip\">Prijedlog Izmjena i dopuna Prora\u010duna Op\u0107ine Matulji za 2024. godinu<\/a><\/p>\n\n\n\n<p><a href=\"https:\/\/matulji.hr\/portal\/wp-content\/uploads\/2024\/11\/Izglasane-Izmjene-i-dopune-Proracuna-Opcine-Matulji-za-2024.-godinu.zip\">Izglasane Izmjene i dopune Prora\u010duna Op\u0107ine Matulji za 2024. godinu<\/a><\/p>\n\n\n\n<p><a href=\"https:\/\/matulji.hr\/portal\/wp-content\/uploads\/2025\/03\/Vodic-za-gradane-Izmjene-i-dopune-Proracuna-za-2024.-godinu1.pdf\">Vodi\u010d za gra\u0111ane \u2013 Izmjene i dopune Prora\u010duna Op\u0107ine Matulji za 2024. godinu<\/a><\/p>\n\n\n\n<p><a href=\"https:\/\/matulji.hr\/portal\/wp-content\/uploads\/2025\/02\/Financijski-izvjestaji-za-2024.-godinu.zip\">Financijski izvje\u0161taji za 2024. godinu<\/a> (objavljeno 14.02.2025.)<\/p>\n\n\n\n<p><a href=\"https:\/\/matulji.hr\/portal\/wp-content\/uploads\/2025\/02\/Konsolidirani-financijski-izvjestaji-za-2024.-godinu.zip\">Konsolidirani financijski izvje\u0161taji za 2024. godinu<\/a> (objavljeno 26.02.2025.)<\/p>\n\n\n\n<p><a href=\"https:\/\/matulji.hr\/portal\/wp-content\/uploads\/2025\/03\/Godisnji-izvjestaj-o-izvrsenju-Proracuna-Opcine-Matulji-za-2024.-godinu.zip\">Godi\u0161nji izvje\u0161taj o izvr\u0161enju Prora\u010duna Op\u0107ine Matulji za 2024. godinu<\/a> (objavljeno 18.03.2025.)<\/p>\n\n\n\n<p><a href=\"https:\/\/matulji.hr\/portal\/wp-content\/uploads\/2025\/03\/Vodic-za-gradane-Godisnji-izvjestaj-o-izvrsenju-Proracuna-Opcine-Matulji-za-2024.-godinu.pdf\">Vodi\u010d za gra\u0111ane \u2013 Godi\u0161nji izvje\u0161taj o izvr\u0161enju Prora\u010duna Op\u0107ine Matulji za 2024. godinu<\/a><\/p>\n","protected":false},"excerpt":{"rendered":"<p>Prijedlog Prora\u010duna Op\u0107ine Matulji za 2024. godinu i projekcije za 2025. i 2026. godinu Izglasan Prora\u010dun Op\u0107ine Matulji za 2024. godinu i projekcije za 2025. i 2026. godinu Vodi\u010d za gra\u0111ane \u2013 Prora\u010dun u malom za 2024. godinu Prijedlog Izmjena i dopuna Prora\u010duna Op\u0107ine Matulji za 2024. godinu Izglasane Izmjene i dopune Prora\u010duna Op\u0107ine Matulji za 2024. godinu Vodi\u010d za gra\u0111ane \u2013 Izmjene i dopune Prora\u010duna Op\u0107ine Matulji za 2024. godinu Polugodi\u0161nji izvje\u0161taj o izvr\u0161enju Prora\u010duna Op\u0107ine Matulji za 2024. godinu Vodi\u010d za gra\u0111ane \u2013 Polugodi\u0161nji izvje\u0161taj o izvr\u0161enju Prora\u010duna&#8230; <\/p>\n","protected":false},"author":3,"featured_media":0,"parent":0,"menu_order":0,"comment_status":"closed","ping_status":"closed","template":"","meta":{"footnotes":""},"class_list":["post-10480","page","type-page","status-publish","hentry"],"_links":{"self":[{"href":"https:\/\/matulji.hr\/portal\/wp-json\/wp\/v2\/pages\/10480","targetHints":{"allow":["GET"]}}],"collection":[{"href":"https:\/\/matulji.hr\/portal\/wp-json\/wp\/v2\/pages"}],"about":[{"href":"https:\/\/matulji.hr\/portal\/wp-json\/wp\/v2\/types\/page"}],"author":[{"embeddable":true,"href":"https:\/\/matulji.hr\/portal\/wp-json\/wp\/v2\/users\/3"}],"replies":[{"embeddable":true,"href":"https:\/\/matulji.hr\/portal\/wp-json\/wp\/v2\/comments?post=10480"}],"version-history":[{"count":11,"href":"https:\/\/matulji.hr\/portal\/wp-json\/wp\/v2\/pages\/10480\/revisions"}],"predecessor-version":[{"id":11684,"href":"https:\/\/matulji.hr\/portal\/wp-json\/wp\/v2\/pages\/10480\/revisions\/11684"}],"wp:attachment":[{"href":"https:\/\/matulji.hr\/portal\/wp-json\/wp\/v2\/media?parent=10480"}],"curies":[{"name":"wp","href":"https:\/\/api.w.org\/{rel}","templated":true}]}}