{"id":10265,"date":"2023-10-27T09:28:03","date_gmt":"2023-10-27T07:28:03","guid":{"rendered":"https:\/\/matulji.hr\/portal\/?page_id=10265"},"modified":"2025-11-10T14:05:22","modified_gmt":"2025-11-10T13:05:22","slug":"gradska-knjiznica-i-citaonica-viktor-car-emin-opatija","status":"publish","type":"page","link":"https:\/\/matulji.hr\/portal\/gradska-knjiznica-i-citaonica-viktor-car-emin-opatija\/","title":{"rendered":"GRADSKA KNJI\u017dNICA I \u010cITAONICA \u201eVIKTOR CAR EMIN\u201d OPATIJA"},"content":{"rendered":"\n<p>GRADSKA KNJI\u017dNICA I \u010cITAONICA \u201eVIKTOR CAR EMIN\u201d OPATIJA<\/p>\n\n\n\n<p>Knji\u017enica Matulji<\/p>\n\n\n\n<p>Kastavska cesta 4, Matulji<\/p>\n\n\n\n<p>Tel. 051\/277-595<\/p>\n\n\n\n<p>E-po\u0161ta: <a href=\"mailto:knjiznica.matulji@gk-opatija.hr\">knjiznica.matulji@gk-opatija.hr<\/a><\/p>\n\n\n\n<p>Radno vrijeme: ponedjeljak \u2013 petak 8,00 \u2013 20,00<\/p>\n\n\n\n<p>(dnevni odmor: 11,00-11,30 i 17,00-17,30)<\/p>\n\n\n\n<p>subota 2. i 4. u mjesecu od 8,00 &#8211; 13,00<\/p>\n\n\n\n<p>Knji\u017enica Matulji kontinuirano djeluje od 1969. godine. Namijenjena je svim stanovnicima Op\u0107ine Matulji. Pored posudbe knjiga i e-knjiga za djecu i odrasle, omogu\u0107eno je \u010ditanje dnevnih novina i \u010dasopisa, kori\u0161tenje ra\u010dunala i prostor za studijski rad.<\/p>\n\n\n\n<p>Informacije o kori\u0161tenju, uvjetima posudbe, cjenici itd. dostupni su na mre\u017enoj stranici Knji\u017enice: <a href=\"https:\/\/www.gk-opatija.hr\/hr\/\">https:\/\/www.gk-opatija.hr\/hr\/<\/a><\/p>\n\n\n\n<p>Katalog: <a href=\"https:\/\/opatija.zaki.com.hr\/pages\/search.aspx\">https:\/\/opatija.zaki.com.hr\/pages\/search.aspx<\/a><\/p>\n","protected":false},"excerpt":{"rendered":"<p>GRADSKA KNJI\u017dNICA I \u010cITAONICA \u201eVIKTOR CAR EMIN\u201d OPATIJA Knji\u017enica Matulji Kastavska cesta 4, Matulji Tel. 051\/277-595 E-po\u0161ta: knjiznica.matulji@gk-opatija.hr Radno vrijeme: ponedjeljak \u2013 petak 8,00 \u2013 20,00 (dnevni odmor: 11,00-11,30 i 17,00-17,30) subota 2. i 4. u mjesecu od 8,00 &#8211; 13,00 Knji\u017enica Matulji kontinuirano djeluje od 1969. godine. Namijenjena je svim stanovnicima Op\u0107ine Matulji. Pored posudbe knjiga i e-knjiga za djecu i odrasle, omogu\u0107eno je \u010ditanje dnevnih novina i \u010dasopisa, kori\u0161tenje ra\u010dunala i prostor za studijski rad. Informacije o kori\u0161tenju, uvjetima posudbe, cjenici itd. dostupni su na mre\u017enoj stranici Knji\u017enice:&#8230; <\/p>\n","protected":false},"author":3,"featured_media":10267,"parent":0,"menu_order":0,"comment_status":"closed","ping_status":"closed","template":"","meta":{"footnotes":""},"class_list":["post-10265","page","type-page","status-publish","has-post-thumbnail","hentry"],"_links":{"self":[{"href":"https:\/\/matulji.hr\/portal\/wp-json\/wp\/v2\/pages\/10265","targetHints":{"allow":["GET"]}}],"collection":[{"href":"https:\/\/matulji.hr\/portal\/wp-json\/wp\/v2\/pages"}],"about":[{"href":"https:\/\/matulji.hr\/portal\/wp-json\/wp\/v2\/types\/page"}],"author":[{"embeddable":true,"href":"https:\/\/matulji.hr\/portal\/wp-json\/wp\/v2\/users\/3"}],"replies":[{"embeddable":true,"href":"https:\/\/matulji.hr\/portal\/wp-json\/wp\/v2\/comments?post=10265"}],"version-history":[{"count":2,"href":"https:\/\/matulji.hr\/portal\/wp-json\/wp\/v2\/pages\/10265\/revisions"}],"predecessor-version":[{"id":12471,"href":"https:\/\/matulji.hr\/portal\/wp-json\/wp\/v2\/pages\/10265\/revisions\/12471"}],"wp:featuredmedia":[{"embeddable":true,"href":"https:\/\/matulji.hr\/portal\/wp-json\/wp\/v2\/media\/10267"}],"wp:attachment":[{"href":"https:\/\/matulji.hr\/portal\/wp-json\/wp\/v2\/media?parent=10265"}],"curies":[{"name":"wp","href":"https:\/\/api.w.org\/{rel}","templated":true}]}}