{"id":10202,"date":"2023-10-09T10:16:00","date_gmt":"2023-10-09T08:16:00","guid":{"rendered":"https:\/\/matulji.hr\/portal\/?page_id=10202"},"modified":"2025-10-06T14:05:15","modified_gmt":"2025-10-06T12:05:15","slug":"pomoc-u-ucenju-sos-ucenje","status":"publish","type":"page","link":"https:\/\/matulji.hr\/portal\/pomoc-u-ucenju-sos-ucenje\/","title":{"rendered":"&#8216;POMO\u0106 U U\u010cENJU \u2013 SOS U\u010cENJE&#8217;"},"content":{"rendered":"<div class=\"wp-block-image\">\n<figure class=\"aligncenter size-full\"><img loading=\"lazy\" decoding=\"async\" width=\"583\" height=\"793\" src=\"https:\/\/matulji.hr\/portal\/wp-content\/uploads\/2025\/10\/sos_2025.jpg\" alt=\"\" class=\"wp-image-12369\" srcset=\"https:\/\/matulji.hr\/portal\/wp-content\/uploads\/2025\/10\/sos_2025.jpg 583w, https:\/\/matulji.hr\/portal\/wp-content\/uploads\/2025\/10\/sos_2025-221x300.jpg 221w\" sizes=\"auto, (max-width: 583px) 100vw, 583px\" \/><\/figure>\n<\/div>\n\n\n<p>Op\u0107ina Matulji u novoj \u0161kolskoj godini 2025.\/2026. ponovno zapo\u010dinje s provo\u0111enjem programa \u201ePomo\u0107 u u\u010denju \u2013 SOS u\u010denje\u201c za u\u010denike s prebivali\u0161tem\/boravi\u0161tem na podru\u010dju Op\u0107ine Matulji. Program je namijenjen u\u010denicima 5. \u2013 8. razreda osnovne \u0161kole te 1. \u2013 4. razreda srednje \u0161kole kojima je potrebna pomo\u0107 u savladavanju gradiva ili \u017eele nau\u010diti vi\u0161e.<\/p>\n\n\n\n<p>U sklopu programa Pomo\u0107 u u\u010denju poduke \u0107e se odr\u017eavati iz \u010detiri predmeta: matematike, kemije, fizike i engleskog jezika. Program zapo\u010dinje u petak popodne 10.10.2025. za predmet engleski jezik, a u subotu ujutro 11.10.2025. godine za predmete: matematika, kemija i fizika. Poduke su financirane od strane Op\u0107ine Matulji.<\/p>\n\n\n\n<p><a><\/a> Program za predmete matematika, kemija, fizika se provodi u pravilu subotom ujutro u prostorijama zgrade na adresi Kastavska cesta 4 (iza Knji\u017enice Matulji), dok se program za engleski jezik provodi petkom od 17-20h na istoj adresi. Za vrijeme \u0161kolskih praznika te dr\u017eavnih praznika i blagdana Pomo\u0107 u u\u010denju ne\u0107e se odr\u017eavati.<\/p>\n\n\n\n<p>Prijave se podnose ispunjavanjem obrasca koji se nalazi na web stranici Op\u0107ine Matulji pod rubrikom \u201eObrasci \u2013 Obrasci obrazovanje \u2013 Pomo\u0107 u u\u010denju \u2013 SOS u\u010denje\u201c. Prijave se podnose svakog tjedna, od ponedjeljka do srijede u 12:00 sati za petak\/subotu u teku\u0107em tjednu. Obzirom na pripremu rasporeda za teku\u0107i petak\/subotu, prijave pristigle izvan roka, ne\u0107e se uva\u017eiti.<\/p>\n\n\n\n<p>Povratnu informaciju o dodijeljenom terminu korisnik \u0107e dobiti na e-mail s kojeg je izvr\u0161ena prijava.<\/p>\n\n\n\n<p>U slu\u010daju da u\u010denik ne mo\u017ee do\u0107i u dodijeljenom terminu, potrebno je otkazati dolazak putem e-maila:&nbsp;<a href=\"mailto:drustvene.djelatnosti@matulji.hr\">drustvene.djelatnosti@matulji.hr<\/a> zaklju\u010dno s \u010detvrtkom\/petkom (dan ranije) do 12:00 sati. Ukoliko u\u010denik dva puta izostane bez unaprijed otkazanog dolaska, izgubit \u0107e pravo prisustvovanja programu Pomo\u0107 u u\u010denju do kraja teku\u0107e \u0161kolske godine.<\/p>\n\n\n\n<p>U\u010denik je du\u017ean na poduke donijeti pribor za pisanje, bilje\u017enicu i \u0161kolske knjige iz predmeta za koji se prijavio.<\/p>\n","protected":false},"excerpt":{"rendered":"<p>Op\u0107ina Matulji u novoj \u0161kolskoj godini 2025.\/2026. ponovno zapo\u010dinje s provo\u0111enjem programa \u201ePomo\u0107 u u\u010denju \u2013 SOS u\u010denje\u201c za u\u010denike s prebivali\u0161tem\/boravi\u0161tem na podru\u010dju Op\u0107ine Matulji. Program je namijenjen u\u010denicima 5. \u2013 8. razreda osnovne \u0161kole te 1. \u2013 4. razreda srednje \u0161kole kojima je potrebna pomo\u0107 u savladavanju gradiva ili \u017eele nau\u010diti vi\u0161e. U sklopu programa Pomo\u0107 u u\u010denju poduke \u0107e se odr\u017eavati iz \u010detiri predmeta: matematike, kemije, fizike i engleskog jezika. Program zapo\u010dinje u petak popodne 10.10.2025. za predmet engleski jezik, a u subotu ujutro 11.10.2025. godine za&#8230; <\/p>\n","protected":false},"author":3,"featured_media":10198,"parent":0,"menu_order":0,"comment_status":"closed","ping_status":"closed","template":"","meta":{"footnotes":""},"class_list":["post-10202","page","type-page","status-publish","has-post-thumbnail","hentry"],"_links":{"self":[{"href":"https:\/\/matulji.hr\/portal\/wp-json\/wp\/v2\/pages\/10202","targetHints":{"allow":["GET"]}}],"collection":[{"href":"https:\/\/matulji.hr\/portal\/wp-json\/wp\/v2\/pages"}],"about":[{"href":"https:\/\/matulji.hr\/portal\/wp-json\/wp\/v2\/types\/page"}],"author":[{"embeddable":true,"href":"https:\/\/matulji.hr\/portal\/wp-json\/wp\/v2\/users\/3"}],"replies":[{"embeddable":true,"href":"https:\/\/matulji.hr\/portal\/wp-json\/wp\/v2\/comments?post=10202"}],"version-history":[{"count":5,"href":"https:\/\/matulji.hr\/portal\/wp-json\/wp\/v2\/pages\/10202\/revisions"}],"predecessor-version":[{"id":12370,"href":"https:\/\/matulji.hr\/portal\/wp-json\/wp\/v2\/pages\/10202\/revisions\/12370"}],"wp:featuredmedia":[{"embeddable":true,"href":"https:\/\/matulji.hr\/portal\/wp-json\/wp\/v2\/media\/10198"}],"wp:attachment":[{"href":"https:\/\/matulji.hr\/portal\/wp-json\/wp\/v2\/media?parent=10202"}],"curies":[{"name":"wp","href":"https:\/\/api.w.org\/{rel}","templated":true}]}}